{"id":9943,"date":"2024-11-08T15:06:52","date_gmt":"2024-11-08T15:06:52","guid":{"rendered":"https:\/\/www.intiworld.com\/?post_type=product&#038;p=9943"},"modified":"2024-11-08T15:58:41","modified_gmt":"2024-11-08T15:58:41","slug":"dije-de-piedra-luna-engarzado-en-alambre-de-plata","status":"publish","type":"product","link":"https:\/\/www.intiworld.com\/?product=dije-de-piedra-luna-engarzado-en-alambre-de-plata","title":{"rendered":"Dije de piedra luna engarzado en alambre de plata"},"content":{"rendered":"","protected":false},"excerpt":{"rendered":"<p><strong>Mineral: <\/strong>Piedra Luna.<br \/>\n<strong>Composici\u00f3n: <\/strong>KAlSi<sub>3<\/sub>O<sub>8.<\/sub><strong><br \/>\nGrupo: <\/strong>Silicatos &#8211; tectosilicatos.<strong><br \/>\nDureza:\u00a0<\/strong>6 \u2013 6.5 Escala Mhos.<strong><br \/>\nPropiedades Espirituales<\/strong>: La piedra luna ayuda para calmar y equilibrar las emociones y fomentar un estado de paz y tranquilidad. Puesta sobre el plexo solar o en el centro chi ayuda a crear este equilibrio. Se considera una piedra espiritual y potencia la parte Ying de las personas, que el tao\u00edsmo define como el principio femenino, el de la intuici\u00f3n, la receptividad y la creatividad desde la no acci\u00f3n. Fomenta el equilibrio entre las energ\u00edas masculina y femenina.<\/p>\n<p><strong>Tipo<\/strong>: Dije de piedra engarzado.<br \/>\n<strong>Material del engarce<\/strong>: Plata.<br \/>\n<strong>Tama\u00f1o<\/strong>: 2.8 cm de ancho x 4.5 cm de largo.<br \/>\n<strong>Forma de venta<\/strong>: Por Pieza.<br \/>\n<strong>Forma de entrega<\/strong>: En tienda o Envio por paqueter\u00eda.<\/p>\n<p><strong>Nota<\/strong>: Este dije es pieza \u00fanica, pero hay en existencia el mismo cuarzo en diferente forma y tama\u00f1o. Para cualquier duda sobre este material favor de mandar mensaje de whats app o por correo electr\u00f3nico.<\/p>\n","protected":false},"featured_media":9930,"comment_status":"open","ping_status":"closed","template":"","meta":[],"product_brand":[],"product_cat":[341],"product_tag":[306,256],"class_list":{"0":"post-9943","1":"product","2":"type-product","3":"status-publish","4":"has-post-thumbnail","6":"product_cat-dijes-de-piedra-engarzados-con-alambre-de-plata","7":"product_tag-dije","8":"product_tag-piedra-natural","10":"first","11":"instock","12":"taxable","13":"shipping-taxable","14":"product-type-simple"},"_links":{"self":[{"href":"https:\/\/www.intiworld.com\/index.php?rest_route=\/wp\/v2\/product\/9943","targetHints":{"allow":["GET"]}}],"collection":[{"href":"https:\/\/www.intiworld.com\/index.php?rest_route=\/wp\/v2\/product"}],"about":[{"href":"https:\/\/www.intiworld.com\/index.php?rest_route=\/wp\/v2\/types\/product"}],"replies":[{"embeddable":true,"href":"https:\/\/www.intiworld.com\/index.php?rest_route=%2Fwp%2Fv2%2Fcomments&post=9943"}],"version-history":[{"count":2,"href":"https:\/\/www.intiworld.com\/index.php?rest_route=\/wp\/v2\/product\/9943\/revisions"}],"predecessor-version":[{"id":9966,"href":"https:\/\/www.intiworld.com\/index.php?rest_route=\/wp\/v2\/product\/9943\/revisions\/9966"}],"wp:featuredmedia":[{"embeddable":true,"href":"https:\/\/www.intiworld.com\/index.php?rest_route=\/wp\/v2\/media\/9930"}],"wp:attachment":[{"href":"https:\/\/www.intiworld.com\/index.php?rest_route=%2Fwp%2Fv2%2Fmedia&parent=9943"}],"wp:term":[{"taxonomy":"product_brand","embeddable":true,"href":"https:\/\/www.intiworld.com\/index.php?rest_route=%2Fwp%2Fv2%2Fproduct_brand&post=9943"},{"taxonomy":"product_cat","embeddable":true,"href":"https:\/\/www.intiworld.com\/index.php?rest_route=%2Fwp%2Fv2%2Fproduct_cat&post=9943"},{"taxonomy":"product_tag","embeddable":true,"href":"https:\/\/www.intiworld.com\/index.php?rest_route=%2Fwp%2Fv2%2Fproduct_tag&post=9943"}],"curies":[{"name":"wp","href":"https:\/\/api.w.org\/{rel}","templated":true}]}}