{"id":9941,"date":"2024-11-08T15:00:57","date_gmt":"2024-11-08T15:00:57","guid":{"rendered":"https:\/\/www.intiworld.com\/?post_type=product&#038;p=9941"},"modified":"2024-11-08T19:43:09","modified_gmt":"2024-11-08T19:43:09","slug":"dije-de-piedra-obsidiana-engarzado-en-alambre-de-plata","status":"publish","type":"product","link":"https:\/\/www.intiworld.com\/?product=dije-de-piedra-obsidiana-engarzado-en-alambre-de-plata","title":{"rendered":"Dije de piedra obsidiana engarzado en alambre de plata"},"content":{"rendered":"","protected":false},"excerpt":{"rendered":"<p><strong>Mineral:\u00a0<\/strong>Obsidiana.<br \/>\n<strong>Composici\u00f3n:\u00a0<\/strong>70\u201375\u00a0% SiO<sub>2<\/sub>, plus MgO, Fe<sub>3<\/sub>O<sub>4.<br \/>\n<\/sub><strong>Grupo:<\/strong>\u00a0roca \u00edgnea\u2014volc\u00e1nica (vidrio volc\u00e1nico).<br \/>\n<strong>Dureza:\u00a0<\/strong>5 \u2013 6 Escala Mhos.<strong><br \/>\nPropiedades Espirituales<\/strong>: La\u00a0<strong>obsidiana<\/strong>\u00a0se considera una potente piedra de crecimiento personal y transformaci\u00f3n. Como piedra negra es usada para la protecci\u00f3n, la limpieza y la purificaci\u00f3n. Est\u00e1 relacionada con el 1\u00ba chakra, con la madre tierra, y representa la integraci\u00f3n de la luz en el mundo terrenal, de manera consciente y din\u00e1mica.<\/p>\n<p><strong>Tipo<\/strong>: Dije de piedra obsidiana tallada con engarzado.<br \/>\n<strong>Material del engarce<\/strong>: Plata.<br \/>\n<strong>Tama\u00f1o<\/strong>: 3.1 cm de ancho x 4.8 cm de largo.<br \/>\n<strong>Forma de venta<\/strong>: Por Pieza.<br \/>\n<strong>Forma de entrega<\/strong>: En tienda o Envio por paqueter\u00eda.<\/p>\n<p><strong>Nota<\/strong>: Este dije es pieza \u00fanica, pero hay en existencia el mismo cuarzo en diferente forma y tama\u00f1o. Para cualquier duda sobre este material favor de mandar mensaje de whats app o por correo electr\u00f3nico.<\/p>\n","protected":false},"featured_media":9926,"comment_status":"open","ping_status":"closed","template":"","meta":[],"product_brand":[],"product_cat":[341],"product_tag":[306,256],"class_list":{"0":"post-9941","1":"product","2":"type-product","3":"status-publish","4":"has-post-thumbnail","6":"product_cat-dijes-de-piedra-engarzados-con-alambre-de-plata","7":"product_tag-dije","8":"product_tag-piedra-natural","10":"first","11":"instock","12":"taxable","13":"shipping-taxable","14":"product-type-simple"},"_links":{"self":[{"href":"https:\/\/www.intiworld.com\/index.php?rest_route=\/wp\/v2\/product\/9941","targetHints":{"allow":["GET"]}}],"collection":[{"href":"https:\/\/www.intiworld.com\/index.php?rest_route=\/wp\/v2\/product"}],"about":[{"href":"https:\/\/www.intiworld.com\/index.php?rest_route=\/wp\/v2\/types\/product"}],"replies":[{"embeddable":true,"href":"https:\/\/www.intiworld.com\/index.php?rest_route=%2Fwp%2Fv2%2Fcomments&post=9941"}],"version-history":[{"count":3,"href":"https:\/\/www.intiworld.com\/index.php?rest_route=\/wp\/v2\/product\/9941\/revisions"}],"predecessor-version":[{"id":9997,"href":"https:\/\/www.intiworld.com\/index.php?rest_route=\/wp\/v2\/product\/9941\/revisions\/9997"}],"wp:featuredmedia":[{"embeddable":true,"href":"https:\/\/www.intiworld.com\/index.php?rest_route=\/wp\/v2\/media\/9926"}],"wp:attachment":[{"href":"https:\/\/www.intiworld.com\/index.php?rest_route=%2Fwp%2Fv2%2Fmedia&parent=9941"}],"wp:term":[{"taxonomy":"product_brand","embeddable":true,"href":"https:\/\/www.intiworld.com\/index.php?rest_route=%2Fwp%2Fv2%2Fproduct_brand&post=9941"},{"taxonomy":"product_cat","embeddable":true,"href":"https:\/\/www.intiworld.com\/index.php?rest_route=%2Fwp%2Fv2%2Fproduct_cat&post=9941"},{"taxonomy":"product_tag","embeddable":true,"href":"https:\/\/www.intiworld.com\/index.php?rest_route=%2Fwp%2Fv2%2Fproduct_tag&post=9941"}],"curies":[{"name":"wp","href":"https:\/\/api.w.org\/{rel}","templated":true}]}}