{"id":9915,"date":"2024-11-08T14:48:05","date_gmt":"2024-11-08T14:48:05","guid":{"rendered":"https:\/\/www.intiworld.com\/?post_type=product&#038;p=9915"},"modified":"2024-11-08T16:01:46","modified_gmt":"2024-11-08T16:01:46","slug":"dije-de-piedra-lapislazuli-engarzado-en-alambre-de-plata","status":"publish","type":"product","link":"https:\/\/www.intiworld.com\/?product=dije-de-piedra-lapislazuli-engarzado-en-alambre-de-plata","title":{"rendered":"Dije de piedra lapisl\u00e1zuli engarzado en alambre de plata"},"content":{"rendered":"","protected":false},"excerpt":{"rendered":"<p><strong>Mineral:\u00a0<\/strong>Lapisl\u00e1zuli.<br \/>\n<strong>Composici\u00f3n:<\/strong>Na<sub>3<\/sub>Ca(Al<sub>3<\/sub>Si<sub>3<\/sub>O<sub>12<\/sub>)S.<sub><br \/>\n<\/sub><strong>Grupo:<\/strong>\u00a0Silicatos \u2013 tectosilicatos.<br \/>\n<strong>Dureza:\u00a0<\/strong>5 \u2013 5.5 Escala Mhos.<strong><br \/>\nPropiedades Espirituales<\/strong>: El\u00a0<strong>lapisl\u00e1zuli<\/strong>\u00a0se considera una piedra de purificaci\u00f3n y autoconocimiento. Favorece la introspecci\u00f3n y el equilibrio mental y espiritual. Suele asociarse al 5\u00ba y 6\u00ba chakra. Potencia y equilibra la comunicaci\u00f3n, la expresi\u00f3n y la intuici\u00f3n. Ayuda a desbloquear la tensi\u00f3n y a calmar la mente. Suele ser usado para liberar los bloqueos del pasado ya que tiene el potencial de entrar en contacto con el subconsciente.<\/p>\n<p><strong>Tipo<\/strong>: Dije de piedra engarzado.<br \/>\n<strong>Material del engarce<\/strong>: Plata.<br \/>\n<strong>Tama\u00f1o<\/strong>: 2.3 cm de ancho x 5.7 cm de largo.<br \/>\n<strong>Forma de venta<\/strong>: Por Pieza.<br \/>\n<strong>Forma de entrega<\/strong>: En tienda o Envio por paqueter\u00eda.<\/p>\n<p><strong>Nota<\/strong>: Este dije es pieza \u00fanica, pero hay en existencia el mismo cuarzo en diferente forma y tama\u00f1o. Para cualquier duda sobre este material favor de mandar mensaje de whats app o por correo electr\u00f3nico.<\/p>\n","protected":false},"featured_media":9924,"comment_status":"open","ping_status":"closed","template":"","meta":[],"product_brand":[],"product_cat":[341],"product_tag":[306,256],"class_list":{"0":"post-9915","1":"product","2":"type-product","3":"status-publish","4":"has-post-thumbnail","6":"product_cat-dijes-de-piedra-engarzados-con-alambre-de-plata","7":"product_tag-dije","8":"product_tag-piedra-natural","10":"first","11":"instock","12":"taxable","13":"shipping-taxable","14":"product-type-simple"},"_links":{"self":[{"href":"https:\/\/www.intiworld.com\/index.php?rest_route=\/wp\/v2\/product\/9915","targetHints":{"allow":["GET"]}}],"collection":[{"href":"https:\/\/www.intiworld.com\/index.php?rest_route=\/wp\/v2\/product"}],"about":[{"href":"https:\/\/www.intiworld.com\/index.php?rest_route=\/wp\/v2\/types\/product"}],"replies":[{"embeddable":true,"href":"https:\/\/www.intiworld.com\/index.php?rest_route=%2Fwp%2Fv2%2Fcomments&post=9915"}],"version-history":[{"count":2,"href":"https:\/\/www.intiworld.com\/index.php?rest_route=\/wp\/v2\/product\/9915\/revisions"}],"predecessor-version":[{"id":9969,"href":"https:\/\/www.intiworld.com\/index.php?rest_route=\/wp\/v2\/product\/9915\/revisions\/9969"}],"wp:featuredmedia":[{"embeddable":true,"href":"https:\/\/www.intiworld.com\/index.php?rest_route=\/wp\/v2\/media\/9924"}],"wp:attachment":[{"href":"https:\/\/www.intiworld.com\/index.php?rest_route=%2Fwp%2Fv2%2Fmedia&parent=9915"}],"wp:term":[{"taxonomy":"product_brand","embeddable":true,"href":"https:\/\/www.intiworld.com\/index.php?rest_route=%2Fwp%2Fv2%2Fproduct_brand&post=9915"},{"taxonomy":"product_cat","embeddable":true,"href":"https:\/\/www.intiworld.com\/index.php?rest_route=%2Fwp%2Fv2%2Fproduct_cat&post=9915"},{"taxonomy":"product_tag","embeddable":true,"href":"https:\/\/www.intiworld.com\/index.php?rest_route=%2Fwp%2Fv2%2Fproduct_tag&post=9915"}],"curies":[{"name":"wp","href":"https:\/\/api.w.org\/{rel}","templated":true}]}}