{"id":9900,"date":"2024-11-06T21:57:21","date_gmt":"2024-11-06T21:57:21","guid":{"rendered":"https:\/\/www.intiworld.com\/?post_type=product&#038;p=9900"},"modified":"2024-11-06T22:16:55","modified_gmt":"2024-11-06T22:16:55","slug":"cuarzo-hematoide-en-bruto","status":"publish","type":"product","link":"https:\/\/www.intiworld.com\/?product=cuarzo-hematoide-en-bruto","title":{"rendered":"Cuarzo hematoide en bruto"},"content":{"rendered":"","protected":false},"excerpt":{"rendered":"<p><strong>Mineral:<\/strong> Cuarzo Hematoide.<br \/>\n<strong>Composici\u00f3n:\u00a0<\/strong>SiO<sub>2<\/sub><strong><br \/>\nGrupo:\u00a0<\/strong>Silicatos.<strong><br \/>\nDureza: 7<\/strong>\u00a0Escala Mhos.<strong><br \/>\nPropiedades Espirituales<\/strong>: Se considera un gran revitalizador del cuerpo, tratando especialmente el chakra base y elevando la energ\u00eda. Suele ser indicado para la recuperaci\u00f3n de una convalecencia. A nivel f\u00edsico favorece el funcionamiento del h\u00edgado.<\/p>\n<p><strong>Tipo<\/strong>: En Bruto.<br \/>\n<strong>Tama\u00f1o<\/strong>: 10 cm hasta 20 cm Aproximadamente por pieza.<br \/>\n<strong>Peso<\/strong>: 100 Gr hasta 5 Kg Aproximadamente por pieza.<br \/>\n<strong>Forma de venta<\/strong>: Por Kilo o Por Gramo.<br \/>\n<strong>Forma de entrega<\/strong>: En tienda o Envio por paqueter\u00eda.<\/p>\n<p><strong>Nota<\/strong>: Para cualquier duda sobre este material favor de mandar mensaje de whats app o por correo electr\u00f3nico.<\/p>\n","protected":false},"featured_media":9901,"comment_status":"open","ping_status":"closed","template":"","meta":[],"product_brand":[],"product_cat":[228],"product_tag":[230,229],"class_list":{"0":"post-9900","1":"product","2":"type-product","3":"status-publish","4":"has-post-thumbnail","6":"product_cat-piedras-en-bruto-piedras-en-bruto","7":"product_tag-bruto","8":"product_tag-piedra","10":"first","11":"instock","12":"taxable","13":"shipping-taxable","14":"product-type-simple"},"_links":{"self":[{"href":"https:\/\/www.intiworld.com\/index.php?rest_route=\/wp\/v2\/product\/9900","targetHints":{"allow":["GET"]}}],"collection":[{"href":"https:\/\/www.intiworld.com\/index.php?rest_route=\/wp\/v2\/product"}],"about":[{"href":"https:\/\/www.intiworld.com\/index.php?rest_route=\/wp\/v2\/types\/product"}],"replies":[{"embeddable":true,"href":"https:\/\/www.intiworld.com\/index.php?rest_route=%2Fwp%2Fv2%2Fcomments&post=9900"}],"version-history":[{"count":2,"href":"https:\/\/www.intiworld.com\/index.php?rest_route=\/wp\/v2\/product\/9900\/revisions"}],"predecessor-version":[{"id":9913,"href":"https:\/\/www.intiworld.com\/index.php?rest_route=\/wp\/v2\/product\/9900\/revisions\/9913"}],"wp:featuredmedia":[{"embeddable":true,"href":"https:\/\/www.intiworld.com\/index.php?rest_route=\/wp\/v2\/media\/9901"}],"wp:attachment":[{"href":"https:\/\/www.intiworld.com\/index.php?rest_route=%2Fwp%2Fv2%2Fmedia&parent=9900"}],"wp:term":[{"taxonomy":"product_brand","embeddable":true,"href":"https:\/\/www.intiworld.com\/index.php?rest_route=%2Fwp%2Fv2%2Fproduct_brand&post=9900"},{"taxonomy":"product_cat","embeddable":true,"href":"https:\/\/www.intiworld.com\/index.php?rest_route=%2Fwp%2Fv2%2Fproduct_cat&post=9900"},{"taxonomy":"product_tag","embeddable":true,"href":"https:\/\/www.intiworld.com\/index.php?rest_route=%2Fwp%2Fv2%2Fproduct_tag&post=9900"}],"curies":[{"name":"wp","href":"https:\/\/api.w.org\/{rel}","templated":true}]}}