{"id":9892,"date":"2024-11-06T20:58:32","date_gmt":"2024-11-06T20:58:32","guid":{"rendered":"https:\/\/www.intiworld.com\/?post_type=product&#038;p=9892"},"modified":"2025-03-19T22:54:19","modified_gmt":"2025-03-19T22:54:19","slug":"cuarzo-lechoso-en-bruto","status":"publish","type":"product","link":"https:\/\/www.intiworld.com\/?product=cuarzo-lechoso-en-bruto","title":{"rendered":"Cuarzo blanco lechoso en bruto"},"content":{"rendered":"","protected":false},"excerpt":{"rendered":"<p><strong>Mineral:\u00a0<\/strong>Cuarzo Blanco.<br \/>\n<strong>Composici\u00f3n:\u00a0<\/strong>SiO<sub>2.<\/sub><strong><br \/>\nGrupo:\u00a0<\/strong>Silicatos \u2013 tectosilicatos.<strong><br \/>\nDureza: 7<\/strong>\u00a0Escala Mhos.<strong><br \/>\nPropiedades Espirituales<\/strong>: El\u00a0<strong>cuarzo blanco<\/strong>\u00a0o\u00a0<strong>cristal de roca<\/strong>\u00a0es considerado un amplificador y potenciador, con lo que ser\u00e1 importante usarlo con la intenci\u00f3n bien enfocada. Junto con otros minerales amplificar\u00e1 y potenciar\u00e1 las propiedades del otro mineral.<\/p>\n<p><strong>Tipo<\/strong>: En Bruto.<br \/>\n<strong>Tama\u00f1o<\/strong>: 10 cm hasta 20 cm Aproximadamente por pieza.<br \/>\n<strong>Peso<\/strong>: 50 Gr hasta 5 Kg Aproximadamente por pieza.<br \/>\n<strong>Forma de venta<\/strong>: Por Kilo o Por Gramo.<br \/>\n<strong>Forma de entrega<\/strong>: En tienda o Envio por paqueter\u00eda.<\/p>\n<p><strong>Nota<\/strong>: Para cualquier duda sobre este material favor de mandar mensaje de whats app o por correo electr\u00f3nico.<\/p>\n","protected":false},"featured_media":9893,"comment_status":"open","ping_status":"closed","template":"","meta":[],"product_brand":[],"product_cat":[228],"product_tag":[230,229],"class_list":{"0":"post-9892","1":"product","2":"type-product","3":"status-publish","4":"has-post-thumbnail","6":"product_cat-piedras-en-bruto-piedras-en-bruto","7":"product_tag-bruto","8":"product_tag-piedra","10":"first","11":"instock","12":"taxable","13":"shipping-taxable","14":"product-type-simple"},"_links":{"self":[{"href":"https:\/\/www.intiworld.com\/index.php?rest_route=\/wp\/v2\/product\/9892","targetHints":{"allow":["GET"]}}],"collection":[{"href":"https:\/\/www.intiworld.com\/index.php?rest_route=\/wp\/v2\/product"}],"about":[{"href":"https:\/\/www.intiworld.com\/index.php?rest_route=\/wp\/v2\/types\/product"}],"replies":[{"embeddable":true,"href":"https:\/\/www.intiworld.com\/index.php?rest_route=%2Fwp%2Fv2%2Fcomments&post=9892"}],"version-history":[{"count":3,"href":"https:\/\/www.intiworld.com\/index.php?rest_route=\/wp\/v2\/product\/9892\/revisions"}],"predecessor-version":[{"id":14484,"href":"https:\/\/www.intiworld.com\/index.php?rest_route=\/wp\/v2\/product\/9892\/revisions\/14484"}],"wp:featuredmedia":[{"embeddable":true,"href":"https:\/\/www.intiworld.com\/index.php?rest_route=\/wp\/v2\/media\/9893"}],"wp:attachment":[{"href":"https:\/\/www.intiworld.com\/index.php?rest_route=%2Fwp%2Fv2%2Fmedia&parent=9892"}],"wp:term":[{"taxonomy":"product_brand","embeddable":true,"href":"https:\/\/www.intiworld.com\/index.php?rest_route=%2Fwp%2Fv2%2Fproduct_brand&post=9892"},{"taxonomy":"product_cat","embeddable":true,"href":"https:\/\/www.intiworld.com\/index.php?rest_route=%2Fwp%2Fv2%2Fproduct_cat&post=9892"},{"taxonomy":"product_tag","embeddable":true,"href":"https:\/\/www.intiworld.com\/index.php?rest_route=%2Fwp%2Fv2%2Fproduct_tag&post=9892"}],"curies":[{"name":"wp","href":"https:\/\/api.w.org\/{rel}","templated":true}]}}