{"id":9884,"date":"2024-11-06T20:50:58","date_gmt":"2024-11-06T20:50:58","guid":{"rendered":"https:\/\/www.intiworld.com\/?post_type=product&#038;p=9884"},"modified":"2024-11-06T22:08:08","modified_gmt":"2024-11-06T22:08:08","slug":"turmalina-rosa-en-bruto","status":"publish","type":"product","link":"https:\/\/www.intiworld.com\/?product=turmalina-rosa-en-bruto","title":{"rendered":"Turmalina rosa en bruto"},"content":{"rendered":"","protected":false},"excerpt":{"rendered":"<p><strong>Mineral: <\/strong>Turmalina Rosa.<br \/>\n<strong>Composici\u00f3n: <\/strong>Na(Mg,Fe,Li,Mn,Al)<sub>3<\/sub>Al<sub>6<\/sub>(BO<sub>3<\/sub>)<sub>3<\/sub>Si<sub>6<\/sub>\u00b70<sub>18<\/sub>(OH,F)<sub>4<\/sub><strong><br \/>\nGrupo: <\/strong>Silicatos &#8211; ciclosilicatos.<strong><br \/>\nDureza: <\/strong>7 \u2013 7.5 Escala Mhos.<strong><br \/>\nPropiedades Espirituales<\/strong>: La\u00a0<strong>turmalina rosa<\/strong> se asocia al chakra coraz\u00f3n. Activa el amor propio y la confianza. Es como un b\u00e1lsamo para el coraz\u00f3n tanto a nivel f\u00edsico como espiritual. Tambi\u00e9n ayuda a regenerar y equilibrar el cuerpo a nivel energ\u00e9tico. La\u00a0<span class=\"own-inside-link\">turmalina<\/span>\u00a0se considera una piedra de limpieza, protecci\u00f3n y transformaci\u00f3n.<\/p>\n<p><strong>Tipo<\/strong>: En Bruto.<br \/>\n<strong>Tama\u00f1o<\/strong>: 10 cm hasta 20 cm Aproximadamente por pieza.<br \/>\n<strong>Peso<\/strong>: 50 Gr hasta 5 Kg Aproximadamente por pieza.<br \/>\n<strong>Forma de venta<\/strong>: Por Kilo o Por Gramo.<br \/>\n<strong>Forma de entrega<\/strong>: En tienda o Envio por paqueter\u00eda.<\/p>\n<p><strong>Nota<\/strong>: Para cualquier duda sobre este material favor de mandar mensaje de whats app o por correo electr\u00f3nico.<\/p>\n","protected":false},"featured_media":9886,"comment_status":"open","ping_status":"closed","template":"","meta":[],"product_brand":[],"product_cat":[228],"product_tag":[230,229],"class_list":{"0":"post-9884","1":"product","2":"type-product","3":"status-publish","4":"has-post-thumbnail","6":"product_cat-piedras-en-bruto-piedras-en-bruto","7":"product_tag-bruto","8":"product_tag-piedra","10":"first","11":"instock","12":"taxable","13":"shipping-taxable","14":"product-type-simple"},"_links":{"self":[{"href":"https:\/\/www.intiworld.com\/index.php?rest_route=\/wp\/v2\/product\/9884","targetHints":{"allow":["GET"]}}],"collection":[{"href":"https:\/\/www.intiworld.com\/index.php?rest_route=\/wp\/v2\/product"}],"about":[{"href":"https:\/\/www.intiworld.com\/index.php?rest_route=\/wp\/v2\/types\/product"}],"replies":[{"embeddable":true,"href":"https:\/\/www.intiworld.com\/index.php?rest_route=%2Fwp%2Fv2%2Fcomments&post=9884"}],"version-history":[{"count":2,"href":"https:\/\/www.intiworld.com\/index.php?rest_route=\/wp\/v2\/product\/9884\/revisions"}],"predecessor-version":[{"id":9907,"href":"https:\/\/www.intiworld.com\/index.php?rest_route=\/wp\/v2\/product\/9884\/revisions\/9907"}],"wp:featuredmedia":[{"embeddable":true,"href":"https:\/\/www.intiworld.com\/index.php?rest_route=\/wp\/v2\/media\/9886"}],"wp:attachment":[{"href":"https:\/\/www.intiworld.com\/index.php?rest_route=%2Fwp%2Fv2%2Fmedia&parent=9884"}],"wp:term":[{"taxonomy":"product_brand","embeddable":true,"href":"https:\/\/www.intiworld.com\/index.php?rest_route=%2Fwp%2Fv2%2Fproduct_brand&post=9884"},{"taxonomy":"product_cat","embeddable":true,"href":"https:\/\/www.intiworld.com\/index.php?rest_route=%2Fwp%2Fv2%2Fproduct_cat&post=9884"},{"taxonomy":"product_tag","embeddable":true,"href":"https:\/\/www.intiworld.com\/index.php?rest_route=%2Fwp%2Fv2%2Fproduct_tag&post=9884"}],"curies":[{"name":"wp","href":"https:\/\/api.w.org\/{rel}","templated":true}]}}