{"id":9740,"date":"2024-10-31T18:08:36","date_gmt":"2024-10-31T18:08:36","guid":{"rendered":"https:\/\/www.intiworld.com\/?post_type=product&#038;p=9740"},"modified":"2024-10-31T18:09:33","modified_gmt":"2024-10-31T18:09:33","slug":"brazalete-de-piedra-obsidiana-en-forma-redonda","status":"publish","type":"product","link":"https:\/\/www.intiworld.com\/?product=brazalete-de-piedra-obsidiana-en-forma-redonda","title":{"rendered":"Brazalete de piedra obsidiana en forma redonda"},"content":{"rendered":"","protected":false},"excerpt":{"rendered":"<div class=\"elementor elementor-129 elementor-location-single post-8218 product type-product status-publish has-post-thumbnail product_cat-tiras-de-piedra-amorfa first instock taxable shipping-taxable product-type-simple product\" data-elementor-type=\"product\" data-elementor-id=\"129\" data-elementor-post-type=\"elementor_library\">\n<section class=\"elementor-section elementor-top-section elementor-element elementor-element-4c9a5a07 elementor-section-boxed elementor-section-height-default elementor-section-height-default\" data-id=\"4c9a5a07\" data-element_type=\"section\">\n<div class=\"elementor-container elementor-column-gap-default\">\n<div class=\"elementor-column elementor-col-50 elementor-top-column elementor-element elementor-element-33ea650d\" data-id=\"33ea650d\" data-element_type=\"column\">\n<div class=\"elementor-widget-wrap elementor-element-populated\">\n<div class=\"elementor-element elementor-element-38f5b418 elementor-widget elementor-widget-woocommerce-product-short-description\" data-id=\"38f5b418\" data-element_type=\"widget\" data-widget_type=\"woocommerce-product-short-description.default\">\n<div class=\"elementor-widget-container\">\n<div class=\"woocommerce-product-details__short-description\">\n<p><strong>Mineral:\u00a0<\/strong>Obsidiana.<br \/>\n<strong>Composici\u00f3n:\u00a0<\/strong>70\u201375\u00a0% SiO<sub>2<\/sub>, plus MgO, Fe<sub>3<\/sub>O<sub>4.<br \/>\n<\/sub><strong>Grupo:<\/strong>\u00a0roca \u00edgnea\u2014volc\u00e1nica (vidrio volc\u00e1nico).<br \/>\n<strong>Dureza:\u00a0<\/strong>5 \u2013 6 Escala Mhos.<strong><br \/>\nPropiedades Espirituales<\/strong>: La\u00a0<strong>obsidiana<\/strong>\u00a0se considera una potente piedra de crecimiento personal y transformaci\u00f3n. Como piedra negra es usada para la protecci\u00f3n, la limpieza y la purificaci\u00f3n. Est\u00e1 relacionada con el 1\u00ba chakra, con la madre tierra, y representa la integraci\u00f3n de la luz en el mundo terrenal, de manera consciente y din\u00e1mica.<\/p>\n<p><strong>Tipo<\/strong>: Brazalete.<br \/>\n<strong>Material<\/strong>: Lat\u00f3n.<br \/>\n<strong>Tama\u00f1o<\/strong>: Diferentes tama\u00f1os.<br \/>\n<strong>Forma de venta<\/strong>: Por Pieza.<br \/>\n<strong>Forma de entrega<\/strong>: En tienda o Envio por paqueter\u00eda.<\/p>\n<p><strong>Nota<\/strong>: Cualquier duda sobre este articulo favor de mandar mensaje de whats app o mandar correo electr\u00f3nico.<\/p>\n<\/div>\n<\/div>\n<\/div>\n<\/div>\n<\/div>\n<\/div>\n<\/section>\n<\/div>\n","protected":false},"featured_media":9721,"comment_status":"open","ping_status":"closed","template":"","meta":[],"product_brand":[],"product_cat":[335],"product_tag":[],"class_list":{"0":"post-9740","1":"product","2":"type-product","3":"status-publish","4":"has-post-thumbnail","6":"product_cat-brazaletes-de-piedra-natural-en-forma-redonda","8":"first","9":"instock","10":"taxable","11":"shipping-taxable","12":"product-type-simple"},"_links":{"self":[{"href":"https:\/\/www.intiworld.com\/index.php?rest_route=\/wp\/v2\/product\/9740","targetHints":{"allow":["GET"]}}],"collection":[{"href":"https:\/\/www.intiworld.com\/index.php?rest_route=\/wp\/v2\/product"}],"about":[{"href":"https:\/\/www.intiworld.com\/index.php?rest_route=\/wp\/v2\/types\/product"}],"replies":[{"embeddable":true,"href":"https:\/\/www.intiworld.com\/index.php?rest_route=%2Fwp%2Fv2%2Fcomments&post=9740"}],"version-history":[{"count":1,"href":"https:\/\/www.intiworld.com\/index.php?rest_route=\/wp\/v2\/product\/9740\/revisions"}],"predecessor-version":[{"id":9741,"href":"https:\/\/www.intiworld.com\/index.php?rest_route=\/wp\/v2\/product\/9740\/revisions\/9741"}],"wp:featuredmedia":[{"embeddable":true,"href":"https:\/\/www.intiworld.com\/index.php?rest_route=\/wp\/v2\/media\/9721"}],"wp:attachment":[{"href":"https:\/\/www.intiworld.com\/index.php?rest_route=%2Fwp%2Fv2%2Fmedia&parent=9740"}],"wp:term":[{"taxonomy":"product_brand","embeddable":true,"href":"https:\/\/www.intiworld.com\/index.php?rest_route=%2Fwp%2Fv2%2Fproduct_brand&post=9740"},{"taxonomy":"product_cat","embeddable":true,"href":"https:\/\/www.intiworld.com\/index.php?rest_route=%2Fwp%2Fv2%2Fproduct_cat&post=9740"},{"taxonomy":"product_tag","embeddable":true,"href":"https:\/\/www.intiworld.com\/index.php?rest_route=%2Fwp%2Fv2%2Fproduct_tag&post=9740"}],"curies":[{"name":"wp","href":"https:\/\/api.w.org\/{rel}","templated":true}]}}