{"id":9650,"date":"2024-10-30T20:09:23","date_gmt":"2024-10-30T20:09:23","guid":{"rendered":"https:\/\/www.intiworld.com\/?post_type=product&#038;p=9650"},"modified":"2024-10-30T20:11:16","modified_gmt":"2024-10-30T20:11:16","slug":"dije-de-flecha-de-piedra-jade-verde-con-dorado","status":"publish","type":"product","link":"https:\/\/www.intiworld.com\/?product=dije-de-flecha-de-piedra-jade-verde-con-dorado","title":{"rendered":"Dije de flecha de piedra jade verde con dorado"},"content":{"rendered":"","protected":false},"excerpt":{"rendered":"<p><strong>Mineral:\u00a0<\/strong>Jade.<br \/>\n<strong>Composici\u00f3n:\u00a0<\/strong>Ca<sub>2<\/sub>(Mg,Fe)<sub>5<\/sub>(Si<sub>8<\/sub>O<sub>22<\/sub>)(OH)<sub>2<\/sub><strong><br \/>\nGrupo:<\/strong>Silicatos \u2013 inosilicatos.<strong><br \/>\nDureza:\u00a0<\/strong>6.5 Escala Mhos.<strong><br \/>\nPropiedades Espirituales<\/strong>: El\u00a0<strong>jade verde<\/strong>\u00a0es muy valorado en Oriente por ser un s\u00edmbolo de pureza, serenidad y sabidur\u00eda. Tambi\u00e9n es apreciado por chamanes y terapeutas como piedra medicina. El\u00a0<strong>jade verde<\/strong>\u00a0se relaciona con el chakra coraz\u00f3n, con el amor y la armon\u00eda. Se considera un mineral que emite calma y proporciona limpieza y protecci\u00f3n.<\/p>\n<p><strong>Tipo<\/strong>: Dije de Flecha.<br \/>\n<strong>Tama\u00f1o<\/strong>: 2.2 cm de ancho x 3.7 cm de largo.<br \/>\n<strong>Forma de venta<\/strong>: Por Pieza.<br \/>\n<strong>Forma de entrega<\/strong>: En tienda o Envio por paqueter\u00eda.<\/p>\n<p><strong>Nota<\/strong>: Para cualquier duda sobre este material favor de mandar mensaje de whats app o por correo electr\u00f3nico.<\/p>\n","protected":false},"featured_media":9623,"comment_status":"open","ping_status":"closed","template":"","meta":[],"product_brand":[],"product_cat":[330],"product_tag":[306,256],"class_list":{"0":"post-9650","1":"product","2":"type-product","3":"status-publish","4":"has-post-thumbnail","6":"product_cat-dije-de-flecha-de-piedra-con-dorado","7":"product_tag-dije","8":"product_tag-piedra-natural","10":"first","11":"instock","12":"taxable","13":"shipping-taxable","14":"product-type-simple"},"_links":{"self":[{"href":"https:\/\/www.intiworld.com\/index.php?rest_route=\/wp\/v2\/product\/9650","targetHints":{"allow":["GET"]}}],"collection":[{"href":"https:\/\/www.intiworld.com\/index.php?rest_route=\/wp\/v2\/product"}],"about":[{"href":"https:\/\/www.intiworld.com\/index.php?rest_route=\/wp\/v2\/types\/product"}],"replies":[{"embeddable":true,"href":"https:\/\/www.intiworld.com\/index.php?rest_route=%2Fwp%2Fv2%2Fcomments&post=9650"}],"version-history":[{"count":1,"href":"https:\/\/www.intiworld.com\/index.php?rest_route=\/wp\/v2\/product\/9650\/revisions"}],"predecessor-version":[{"id":9651,"href":"https:\/\/www.intiworld.com\/index.php?rest_route=\/wp\/v2\/product\/9650\/revisions\/9651"}],"wp:featuredmedia":[{"embeddable":true,"href":"https:\/\/www.intiworld.com\/index.php?rest_route=\/wp\/v2\/media\/9623"}],"wp:attachment":[{"href":"https:\/\/www.intiworld.com\/index.php?rest_route=%2Fwp%2Fv2%2Fmedia&parent=9650"}],"wp:term":[{"taxonomy":"product_brand","embeddable":true,"href":"https:\/\/www.intiworld.com\/index.php?rest_route=%2Fwp%2Fv2%2Fproduct_brand&post=9650"},{"taxonomy":"product_cat","embeddable":true,"href":"https:\/\/www.intiworld.com\/index.php?rest_route=%2Fwp%2Fv2%2Fproduct_cat&post=9650"},{"taxonomy":"product_tag","embeddable":true,"href":"https:\/\/www.intiworld.com\/index.php?rest_route=%2Fwp%2Fv2%2Fproduct_tag&post=9650"}],"curies":[{"name":"wp","href":"https:\/\/api.w.org\/{rel}","templated":true}]}}