{"id":9600,"date":"2024-10-29T23:05:32","date_gmt":"2024-10-29T23:05:32","guid":{"rendered":"https:\/\/www.intiworld.com\/?post_type=product&#038;p=9600"},"modified":"2024-10-29T23:06:44","modified_gmt":"2024-10-29T23:06:44","slug":"dije-de-doble-punta-mini-de-piedra-lapislazuli-con-perforacion","status":"publish","type":"product","link":"https:\/\/www.intiworld.com\/?product=dije-de-doble-punta-mini-de-piedra-lapislazuli-con-perforacion","title":{"rendered":"Dije de doble punta mini de piedra lapisl\u00e1zuli con perforaci\u00f3n"},"content":{"rendered":"","protected":false},"excerpt":{"rendered":"<p><strong>Mineral:\u00a0<\/strong>Lapisl\u00e1zuli.<br \/>\n<strong>Composici\u00f3n:<\/strong>Na<sub>3<\/sub>Ca(Al<sub>3<\/sub>Si<sub>3<\/sub>O<sub>12<\/sub>)S.<sub><br \/>\n<\/sub><strong>Grupo:<\/strong>\u00a0Silicatos \u2013 tectosilicatos.<br \/>\n<strong>Dureza:\u00a0<\/strong>5 \u2013 5.5 Escala Mhos.<strong><br \/>\nPropiedades Espirituales<\/strong>: El\u00a0<strong>lapisl\u00e1zuli<\/strong>\u00a0se considera una piedra de purificaci\u00f3n y autoconocimiento. Favorece la introspecci\u00f3n y el equilibrio mental y espiritual. Suele asociarse al 5\u00ba y 6\u00ba chakra. Potencia y equilibra la comunicaci\u00f3n, la expresi\u00f3n y la intuici\u00f3n. Ayuda a desbloquear la tensi\u00f3n y a calmar la mente. Suele ser usado para liberar los bloqueos del pasado ya que tiene el potencial de entrar en contacto con el subconsciente.<\/p>\n<p><strong>Tipo<\/strong>: Dije doble punta mini con perforaci\u00f3n.<br \/>\n<strong>Tama\u00f1o<\/strong>: .8 cm de grosor x 2.1 cm de largo.<br \/>\n<strong>Forma de venta<\/strong>: Por Pieza.<br \/>\n<strong>Forma de entrega<\/strong>: En tienda o Envio por paqueter\u00eda.<\/p>\n<p><strong>Nota<\/strong>: Para cualquier duda sobre este material favor de mandar mensaje de whats app o por correo electr\u00f3nico.<\/p>\n","protected":false},"featured_media":9581,"comment_status":"open","ping_status":"closed","template":"","meta":[],"product_brand":[],"product_cat":[329],"product_tag":[306,256],"class_list":{"0":"post-9600","1":"product","2":"type-product","3":"status-publish","4":"has-post-thumbnail","6":"product_cat-dije-de-2-puntas-mini-de-piedra-natural","7":"product_tag-dije","8":"product_tag-piedra-natural","10":"first","11":"instock","12":"taxable","13":"shipping-taxable","14":"product-type-simple"},"_links":{"self":[{"href":"https:\/\/www.intiworld.com\/index.php?rest_route=\/wp\/v2\/product\/9600","targetHints":{"allow":["GET"]}}],"collection":[{"href":"https:\/\/www.intiworld.com\/index.php?rest_route=\/wp\/v2\/product"}],"about":[{"href":"https:\/\/www.intiworld.com\/index.php?rest_route=\/wp\/v2\/types\/product"}],"replies":[{"embeddable":true,"href":"https:\/\/www.intiworld.com\/index.php?rest_route=%2Fwp%2Fv2%2Fcomments&post=9600"}],"version-history":[{"count":1,"href":"https:\/\/www.intiworld.com\/index.php?rest_route=\/wp\/v2\/product\/9600\/revisions"}],"predecessor-version":[{"id":9601,"href":"https:\/\/www.intiworld.com\/index.php?rest_route=\/wp\/v2\/product\/9600\/revisions\/9601"}],"wp:featuredmedia":[{"embeddable":true,"href":"https:\/\/www.intiworld.com\/index.php?rest_route=\/wp\/v2\/media\/9581"}],"wp:attachment":[{"href":"https:\/\/www.intiworld.com\/index.php?rest_route=%2Fwp%2Fv2%2Fmedia&parent=9600"}],"wp:term":[{"taxonomy":"product_brand","embeddable":true,"href":"https:\/\/www.intiworld.com\/index.php?rest_route=%2Fwp%2Fv2%2Fproduct_brand&post=9600"},{"taxonomy":"product_cat","embeddable":true,"href":"https:\/\/www.intiworld.com\/index.php?rest_route=%2Fwp%2Fv2%2Fproduct_cat&post=9600"},{"taxonomy":"product_tag","embeddable":true,"href":"https:\/\/www.intiworld.com\/index.php?rest_route=%2Fwp%2Fv2%2Fproduct_tag&post=9600"}],"curies":[{"name":"wp","href":"https:\/\/api.w.org\/{rel}","templated":true}]}}