{"id":9598,"date":"2024-10-29T23:04:02","date_gmt":"2024-10-29T23:04:02","guid":{"rendered":"https:\/\/www.intiworld.com\/?post_type=product&#038;p=9598"},"modified":"2024-10-29T23:05:05","modified_gmt":"2024-10-29T23:05:05","slug":"dije-de-doble-punta-mini-de-piedra-rodonita-con-perforacion","status":"publish","type":"product","link":"https:\/\/www.intiworld.com\/?product=dije-de-doble-punta-mini-de-piedra-rodonita-con-perforacion","title":{"rendered":"Dije de doble punta mini de piedra rodonita con perforaci\u00f3n"},"content":{"rendered":"","protected":false},"excerpt":{"rendered":"<p><strong>Mineral:\u00a0<\/strong>Rodonita.<br \/>\n<strong>Composici\u00f3n:<\/strong>\u00a0(Mn,Ca)<sub>5<\/sub>(Si<sub>5<\/sub>O<sub>15<\/sub>)<sub><br \/>\n<\/sub><strong>Grupo:\u00a0<\/strong>Silicatos \u2013 inosilicatos.<br \/>\n<strong>Dureza:\u00a0<\/strong>6 Escala Mhos.<strong><br \/>\nPropiedades Espirituales<\/strong>: La\u00a0<strong>rodonita<\/strong>\u00a0simboliza la amistad. Se utiliza para equilibrar el chakra del coraz\u00f3n y para asentar la energ\u00eda. Es una piedra que fomenta el perd\u00f3n y la reconciliaci\u00f3n. Favorece la resoluci\u00f3n de conflictos y estados de codependencia y ayuda a limpiar \u201cheridas\u201d del pasado. En casos de shock o trauma emocional puede ser usada como piedra de primeros auxilios.<\/p>\n<p><strong>Tipo<\/strong>: Dije doble punta mini con perforaci\u00f3n.<br \/>\n<strong>Tama\u00f1o<\/strong>: .8 cm de grosor x 2.1 cm de largo.<br \/>\n<strong>Forma de venta<\/strong>: Por Pieza.<br \/>\n<strong>Forma de entrega<\/strong>: En tienda o Envio por paqueter\u00eda.<\/p>\n<p><strong>Nota<\/strong>: Para cualquier duda sobre este material favor de mandar mensaje de whats app o por correo electr\u00f3nico.<\/p>\n","protected":false},"featured_media":9563,"comment_status":"open","ping_status":"closed","template":"","meta":[],"product_brand":[],"product_cat":[329],"product_tag":[306,256],"class_list":{"0":"post-9598","1":"product","2":"type-product","3":"status-publish","4":"has-post-thumbnail","6":"product_cat-dije-de-2-puntas-mini-de-piedra-natural","7":"product_tag-dije","8":"product_tag-piedra-natural","10":"first","11":"instock","12":"taxable","13":"shipping-taxable","14":"product-type-simple"},"_links":{"self":[{"href":"https:\/\/www.intiworld.com\/index.php?rest_route=\/wp\/v2\/product\/9598","targetHints":{"allow":["GET"]}}],"collection":[{"href":"https:\/\/www.intiworld.com\/index.php?rest_route=\/wp\/v2\/product"}],"about":[{"href":"https:\/\/www.intiworld.com\/index.php?rest_route=\/wp\/v2\/types\/product"}],"replies":[{"embeddable":true,"href":"https:\/\/www.intiworld.com\/index.php?rest_route=%2Fwp%2Fv2%2Fcomments&post=9598"}],"version-history":[{"count":1,"href":"https:\/\/www.intiworld.com\/index.php?rest_route=\/wp\/v2\/product\/9598\/revisions"}],"predecessor-version":[{"id":9599,"href":"https:\/\/www.intiworld.com\/index.php?rest_route=\/wp\/v2\/product\/9598\/revisions\/9599"}],"wp:featuredmedia":[{"embeddable":true,"href":"https:\/\/www.intiworld.com\/index.php?rest_route=\/wp\/v2\/media\/9563"}],"wp:attachment":[{"href":"https:\/\/www.intiworld.com\/index.php?rest_route=%2Fwp%2Fv2%2Fmedia&parent=9598"}],"wp:term":[{"taxonomy":"product_brand","embeddable":true,"href":"https:\/\/www.intiworld.com\/index.php?rest_route=%2Fwp%2Fv2%2Fproduct_brand&post=9598"},{"taxonomy":"product_cat","embeddable":true,"href":"https:\/\/www.intiworld.com\/index.php?rest_route=%2Fwp%2Fv2%2Fproduct_cat&post=9598"},{"taxonomy":"product_tag","embeddable":true,"href":"https:\/\/www.intiworld.com\/index.php?rest_route=%2Fwp%2Fv2%2Fproduct_tag&post=9598"}],"curies":[{"name":"wp","href":"https:\/\/api.w.org\/{rel}","templated":true}]}}