{"id":9520,"date":"2024-10-28T20:17:08","date_gmt":"2024-10-28T20:17:08","guid":{"rendered":"https:\/\/www.intiworld.com\/?post_type=product&#038;p=9520"},"modified":"2024-10-28T20:37:56","modified_gmt":"2024-10-28T20:37:56","slug":"tira-de-piedra-fluorita-en-forma-de-luneta-de-14mm","status":"publish","type":"product","link":"https:\/\/www.intiworld.com\/?product=tira-de-piedra-fluorita-en-forma-de-luneta-de-14mm","title":{"rendered":"Tira de piedra fluorita en forma de luneta de 14mm"},"content":{"rendered":"","protected":false},"excerpt":{"rendered":"<p><strong>Mineral:\u00a0<\/strong>Fluorita.<br \/>\n<strong>Composici\u00f3n:\u00a0<\/strong>CaF<sub>2.<\/sub><sub><br \/>\n<\/sub><strong>Grupo:<\/strong>\u00a0Halogenuros.<br \/>\n<strong>Dureza:\u00a0<\/strong>4\u00a0Escala Mhos.<strong><br \/>\nPropiedades Espirituales<\/strong>: La\u00a0<strong>fluorita<\/strong>\u00a0se considera una piedra espiritual de limpieza, purificaci\u00f3n y equilibrio. Tiene una energ\u00eda muy sutil y eleva la vibraci\u00f3n a trav\u00e9s de la relajaci\u00f3n de la mente. Equilibra los hemisferios y potencia la intuici\u00f3n. Es una piedra que favorece la organizaci\u00f3n y el orden interno. Suele usarse para las meditaciones individuales y en grupo.<\/p>\n<p><strong>Tipo<\/strong>: Cuentas Tipo Luneta.<br \/>\n<strong>Tama\u00f1o de Cuenta<\/strong>: 14 mm.<br \/>\n<strong>Forma de venta<\/strong>: Por Hilo o Tira.<br \/>\n<strong>Tama\u00f1o del Hilo<\/strong>: 20 cm Aproximadamente.<br \/>\n<strong>Forma de entrega<\/strong>: En tienda o Envio por paqueter\u00eda.<\/p>\n<p><strong>Nota<\/strong>: Cualquier duda sobre este articulo favor de mandar mensaje de whats app o mandar correo electr\u00f3nico.<\/p>\n","protected":false},"featured_media":9528,"comment_status":"open","ping_status":"closed","template":"","meta":[],"product_brand":[],"product_cat":[328],"product_tag":[],"class_list":{"0":"post-9520","1":"product","2":"type-product","3":"status-publish","4":"has-post-thumbnail","6":"product_cat-tiras-de-piedra-fluorita","8":"first","9":"instock","10":"taxable","11":"shipping-taxable","12":"product-type-simple"},"_links":{"self":[{"href":"https:\/\/www.intiworld.com\/index.php?rest_route=\/wp\/v2\/product\/9520","targetHints":{"allow":["GET"]}}],"collection":[{"href":"https:\/\/www.intiworld.com\/index.php?rest_route=\/wp\/v2\/product"}],"about":[{"href":"https:\/\/www.intiworld.com\/index.php?rest_route=\/wp\/v2\/types\/product"}],"replies":[{"embeddable":true,"href":"https:\/\/www.intiworld.com\/index.php?rest_route=%2Fwp%2Fv2%2Fcomments&post=9520"}],"version-history":[{"count":1,"href":"https:\/\/www.intiworld.com\/index.php?rest_route=\/wp\/v2\/product\/9520\/revisions"}],"predecessor-version":[{"id":9521,"href":"https:\/\/www.intiworld.com\/index.php?rest_route=\/wp\/v2\/product\/9520\/revisions\/9521"}],"wp:featuredmedia":[{"embeddable":true,"href":"https:\/\/www.intiworld.com\/index.php?rest_route=\/wp\/v2\/media\/9528"}],"wp:attachment":[{"href":"https:\/\/www.intiworld.com\/index.php?rest_route=%2Fwp%2Fv2%2Fmedia&parent=9520"}],"wp:term":[{"taxonomy":"product_brand","embeddable":true,"href":"https:\/\/www.intiworld.com\/index.php?rest_route=%2Fwp%2Fv2%2Fproduct_brand&post=9520"},{"taxonomy":"product_cat","embeddable":true,"href":"https:\/\/www.intiworld.com\/index.php?rest_route=%2Fwp%2Fv2%2Fproduct_cat&post=9520"},{"taxonomy":"product_tag","embeddable":true,"href":"https:\/\/www.intiworld.com\/index.php?rest_route=%2Fwp%2Fv2%2Fproduct_tag&post=9520"}],"curies":[{"name":"wp","href":"https:\/\/api.w.org\/{rel}","templated":true}]}}