{"id":9345,"date":"2024-10-23T19:25:13","date_gmt":"2024-10-23T19:25:13","guid":{"rendered":"https:\/\/www.intiworld.com\/?post_type=product&#038;p=9345"},"modified":"2024-10-23T19:30:31","modified_gmt":"2024-10-23T19:30:31","slug":"tira-de-cuarzo-rosa-en-forma-oval-8mm-x-10mm","status":"publish","type":"product","link":"https:\/\/www.intiworld.com\/?product=tira-de-cuarzo-rosa-en-forma-oval-8mm-x-10mm","title":{"rendered":"Tira de cuarzo rosa en forma oval | 8mm x 10mm"},"content":{"rendered":"","protected":false},"excerpt":{"rendered":"<p><strong>Mineral:\u00a0<\/strong>Cuarzo Rosa.<br \/>\n<strong>Composici\u00f3n:\u00a0<\/strong>SiO<sub>2.<\/sub><strong><br \/>\nGrupo:\u00a0<\/strong>Silicatos \u2013 tectosilicatos.<strong><br \/>\nDureza: 7<\/strong>\u00a0Escala Mhos.<strong><br \/>\nPropiedades Espirituales<\/strong>: El\u00a0<strong>cuarzo rosa<\/strong>\u00a0se considera la piedra del coraz\u00f3n. Abre y fortalece el 4\u00ba chakra, conectando con el amor a uno mismo y el amor universal. Conecta con la paz interior y fomenta la realizaci\u00f3n personal. Es una piedra de sanaci\u00f3n muy \u00fatil que permite liberar las emociones reprimidas en el coraz\u00f3n. Propicia la amistad, el amor y la armon\u00eda. Es muy adecuada para los ni\u00f1os por su suavidad y dulzura.<\/p>\n<p><strong>Tipo<\/strong>: Tira de piedra.<br \/>\n<strong>Tama\u00f1o de cuenta<\/strong>: 8mm x 10mm.<br \/>\n<strong>Cantidad<\/strong>: 38 &#8211; 40pz<br \/>\n<strong>Forma de venta<\/strong>: Por Tira.<br \/>\n<strong>Forma de entrega<\/strong>: En tienda o Envio por paqueter\u00eda.<\/p>\n<p><strong>Nota<\/strong>: Para cualquier duda sobre este material favor de mandar mensaje de whats app o por correo electr\u00f3nico.<\/p>\n","protected":false},"featured_media":9352,"comment_status":"open","ping_status":"closed","template":"","meta":[],"product_brand":[],"product_cat":[320],"product_tag":[256,321],"class_list":{"0":"post-9345","1":"product","2":"type-product","3":"status-publish","4":"has-post-thumbnail","6":"product_cat-tira-de-piedra-natural-en-forma-oval-de-8mm-x-10mm","7":"product_tag-piedra-natural","8":"product_tag-tira","10":"first","11":"instock","12":"taxable","13":"shipping-taxable","14":"product-type-simple"},"_links":{"self":[{"href":"https:\/\/www.intiworld.com\/index.php?rest_route=\/wp\/v2\/product\/9345","targetHints":{"allow":["GET"]}}],"collection":[{"href":"https:\/\/www.intiworld.com\/index.php?rest_route=\/wp\/v2\/product"}],"about":[{"href":"https:\/\/www.intiworld.com\/index.php?rest_route=\/wp\/v2\/types\/product"}],"replies":[{"embeddable":true,"href":"https:\/\/www.intiworld.com\/index.php?rest_route=%2Fwp%2Fv2%2Fcomments&post=9345"}],"version-history":[{"count":1,"href":"https:\/\/www.intiworld.com\/index.php?rest_route=\/wp\/v2\/product\/9345\/revisions"}],"predecessor-version":[{"id":9366,"href":"https:\/\/www.intiworld.com\/index.php?rest_route=\/wp\/v2\/product\/9345\/revisions\/9366"}],"wp:featuredmedia":[{"embeddable":true,"href":"https:\/\/www.intiworld.com\/index.php?rest_route=\/wp\/v2\/media\/9352"}],"wp:attachment":[{"href":"https:\/\/www.intiworld.com\/index.php?rest_route=%2Fwp%2Fv2%2Fmedia&parent=9345"}],"wp:term":[{"taxonomy":"product_brand","embeddable":true,"href":"https:\/\/www.intiworld.com\/index.php?rest_route=%2Fwp%2Fv2%2Fproduct_brand&post=9345"},{"taxonomy":"product_cat","embeddable":true,"href":"https:\/\/www.intiworld.com\/index.php?rest_route=%2Fwp%2Fv2%2Fproduct_cat&post=9345"},{"taxonomy":"product_tag","embeddable":true,"href":"https:\/\/www.intiworld.com\/index.php?rest_route=%2Fwp%2Fv2%2Fproduct_tag&post=9345"}],"curies":[{"name":"wp","href":"https:\/\/api.w.org\/{rel}","templated":true}]}}