{"id":9299,"date":"2024-10-22T19:47:59","date_gmt":"2024-10-22T19:47:59","guid":{"rendered":"https:\/\/www.intiworld.com\/?post_type=product&#038;p=9299"},"modified":"2024-10-22T19:50:20","modified_gmt":"2024-10-22T19:50:20","slug":"tubo-con-perforacion-de-cuarzo-cherry-9mm-x-9mm","status":"publish","type":"product","link":"https:\/\/www.intiworld.com\/?product=tubo-con-perforacion-de-cuarzo-cherry-9mm-x-9mm","title":{"rendered":"Tubo con perforaci\u00f3n de cuarzo cherry | 9mm x 9mm"},"content":{"rendered":"","protected":false},"excerpt":{"rendered":"<p><strong>Mineral:<\/strong>\u00a0Cuarzo Cherry.<br \/>\n<strong>Composici\u00f3n:\u00a0<\/strong>SiO\u00b2.<strong><br \/>\nGrupo:\u00a0<\/strong>Silicatos.<strong><br \/>\nDureza:<\/strong>\u00a07 Escala Mhos.<strong><br \/>\nPropiedades Espirituales<\/strong>: El cuarzo cereza promueve una sensaci\u00f3n de amor y alegr\u00eda. Tambi\u00e9n anima al usuario a ser m\u00e1s humor\u00edstico y desenfadado. Este \u00faltimo encuentra una armon\u00eda interior m\u00e1s amplificada. Su compasi\u00f3n, autoayuda, empat\u00eda y cualidad altruista tambi\u00e9n se ven afectadas positivamente. Se vuelve m\u00e1s tolerante y menos susceptible a la depresi\u00f3n.<\/p>\n<p><strong>Tipo<\/strong>: Tubo con Perforaci\u00f3n.<br \/>\n<strong>Tama\u00f1o<\/strong>: .9 cm de grosor x .9 cm de largo.<br \/>\n<strong>Forma de venta<\/strong>: Por Pieza.<br \/>\n<strong>Forma de entrega<\/strong>: En tienda o Envio por paqueter\u00eda.<\/p>\n<p><strong>Nota<\/strong>: Para cualquier duda sobre este material favor de mandar mensaje de whats app o por correo electr\u00f3nico.<\/p>\n","protected":false},"featured_media":9268,"comment_status":"open","ping_status":"closed","template":"","meta":[],"product_brand":[],"product_cat":[318],"product_tag":[306,256],"class_list":{"0":"post-9299","1":"product","2":"type-product","3":"status-publish","4":"has-post-thumbnail","6":"product_cat-tubo-de-piedra-natural-9x9mm","7":"product_tag-dije","8":"product_tag-piedra-natural","10":"first","11":"instock","12":"taxable","13":"shipping-taxable","14":"product-type-simple"},"_links":{"self":[{"href":"https:\/\/www.intiworld.com\/index.php?rest_route=\/wp\/v2\/product\/9299","targetHints":{"allow":["GET"]}}],"collection":[{"href":"https:\/\/www.intiworld.com\/index.php?rest_route=\/wp\/v2\/product"}],"about":[{"href":"https:\/\/www.intiworld.com\/index.php?rest_route=\/wp\/v2\/types\/product"}],"replies":[{"embeddable":true,"href":"https:\/\/www.intiworld.com\/index.php?rest_route=%2Fwp%2Fv2%2Fcomments&post=9299"}],"version-history":[{"count":1,"href":"https:\/\/www.intiworld.com\/index.php?rest_route=\/wp\/v2\/product\/9299\/revisions"}],"predecessor-version":[{"id":9300,"href":"https:\/\/www.intiworld.com\/index.php?rest_route=\/wp\/v2\/product\/9299\/revisions\/9300"}],"wp:featuredmedia":[{"embeddable":true,"href":"https:\/\/www.intiworld.com\/index.php?rest_route=\/wp\/v2\/media\/9268"}],"wp:attachment":[{"href":"https:\/\/www.intiworld.com\/index.php?rest_route=%2Fwp%2Fv2%2Fmedia&parent=9299"}],"wp:term":[{"taxonomy":"product_brand","embeddable":true,"href":"https:\/\/www.intiworld.com\/index.php?rest_route=%2Fwp%2Fv2%2Fproduct_brand&post=9299"},{"taxonomy":"product_cat","embeddable":true,"href":"https:\/\/www.intiworld.com\/index.php?rest_route=%2Fwp%2Fv2%2Fproduct_cat&post=9299"},{"taxonomy":"product_tag","embeddable":true,"href":"https:\/\/www.intiworld.com\/index.php?rest_route=%2Fwp%2Fv2%2Fproduct_tag&post=9299"}],"curies":[{"name":"wp","href":"https:\/\/api.w.org\/{rel}","templated":true}]}}