{"id":9285,"date":"2024-10-22T19:29:12","date_gmt":"2024-10-22T19:29:12","guid":{"rendered":"https:\/\/www.intiworld.com\/?post_type=product&#038;p=9285"},"modified":"2024-10-22T19:34:47","modified_gmt":"2024-10-22T19:34:47","slug":"tubo-con-perforacion-de-piedra-turquesa-9mm-x-9mm","status":"publish","type":"product","link":"https:\/\/www.intiworld.com\/?product=tubo-con-perforacion-de-piedra-turquesa-9mm-x-9mm","title":{"rendered":"Tubo con perforaci\u00f3n de piedra turquesa | 9mm x 9mm"},"content":{"rendered":"","protected":false},"excerpt":{"rendered":"<p><strong>Mineral:<\/strong>\u00a0Turquesa.<br \/>\n<strong>Composici\u00f3n:<\/strong>CuAl<sub>6<\/sub>(PO<sub>4<\/sub>)<sub>4<\/sub>(OH)<sub>8<\/sub>\u00a0\u00b7\u00a0<sub>4<\/sub>H<sub>2<\/sub>O.<strong><br \/>\nGrupo:\u00a0<\/strong>Fosfatos.<strong><br \/>\nDureza:<\/strong>\u00a05 \u2013 6\u00a0Escala Mhos.<strong><br \/>\nPropiedades Espirituales<\/strong>: La\u00a0<strong>turquesa<\/strong>\u00a0se considera una piedra sanadora y protectora. Ya desde la antig\u00fcedad se usaba para la elaboraci\u00f3n de amuletos. Favorece el descanso y la vitalidad. A nivel f\u00edsico se dice que estimula la regeneraci\u00f3n de los tejidos del organismo.<\/p>\n<p><strong>Tipo<\/strong>: Tubo con perforaci\u00f3n.<br \/>\n<strong>Tama\u00f1o<\/strong>: .9 cm de grosor x .9 cm de largo.<br \/>\n<strong>Forma de venta<\/strong>: Por Pieza.<br \/>\n<strong>Forma de entrega<\/strong>: En tienda o Envio por paqueter\u00eda.<\/p>\n<p><strong>Nota<\/strong>: Para cualquier duda sobre este material favor de mandar mensaje de whats app o por correo electr\u00f3nico.<\/p>\n","protected":false},"featured_media":9262,"comment_status":"open","ping_status":"closed","template":"","meta":[],"product_brand":[],"product_cat":[318],"product_tag":[306,256],"class_list":{"0":"post-9285","1":"product","2":"type-product","3":"status-publish","4":"has-post-thumbnail","6":"product_cat-tubo-de-piedra-natural-9x9mm","7":"product_tag-dije","8":"product_tag-piedra-natural","10":"first","11":"instock","12":"taxable","13":"shipping-taxable","14":"product-type-simple"},"_links":{"self":[{"href":"https:\/\/www.intiworld.com\/index.php?rest_route=\/wp\/v2\/product\/9285","targetHints":{"allow":["GET"]}}],"collection":[{"href":"https:\/\/www.intiworld.com\/index.php?rest_route=\/wp\/v2\/product"}],"about":[{"href":"https:\/\/www.intiworld.com\/index.php?rest_route=\/wp\/v2\/types\/product"}],"replies":[{"embeddable":true,"href":"https:\/\/www.intiworld.com\/index.php?rest_route=%2Fwp%2Fv2%2Fcomments&post=9285"}],"version-history":[{"count":2,"href":"https:\/\/www.intiworld.com\/index.php?rest_route=\/wp\/v2\/product\/9285\/revisions"}],"predecessor-version":[{"id":9289,"href":"https:\/\/www.intiworld.com\/index.php?rest_route=\/wp\/v2\/product\/9285\/revisions\/9289"}],"wp:featuredmedia":[{"embeddable":true,"href":"https:\/\/www.intiworld.com\/index.php?rest_route=\/wp\/v2\/media\/9262"}],"wp:attachment":[{"href":"https:\/\/www.intiworld.com\/index.php?rest_route=%2Fwp%2Fv2%2Fmedia&parent=9285"}],"wp:term":[{"taxonomy":"product_brand","embeddable":true,"href":"https:\/\/www.intiworld.com\/index.php?rest_route=%2Fwp%2Fv2%2Fproduct_brand&post=9285"},{"taxonomy":"product_cat","embeddable":true,"href":"https:\/\/www.intiworld.com\/index.php?rest_route=%2Fwp%2Fv2%2Fproduct_cat&post=9285"},{"taxonomy":"product_tag","embeddable":true,"href":"https:\/\/www.intiworld.com\/index.php?rest_route=%2Fwp%2Fv2%2Fproduct_tag&post=9285"}],"curies":[{"name":"wp","href":"https:\/\/api.w.org\/{rel}","templated":true}]}}