{"id":9283,"date":"2024-10-22T19:25:34","date_gmt":"2024-10-22T19:25:34","guid":{"rendered":"https:\/\/www.intiworld.com\/?post_type=product&#038;p=9283"},"modified":"2024-10-22T19:35:55","modified_gmt":"2024-10-22T19:35:55","slug":"tubo-con-perforacion-de-piedra-sodalita-9mm-x-9mm","status":"publish","type":"product","link":"https:\/\/www.intiworld.com\/?product=tubo-con-perforacion-de-piedra-sodalita-9mm-x-9mm","title":{"rendered":"Tubo con perforaci\u00f3n de piedra sodalita | 9mm x 9mm"},"content":{"rendered":"","protected":false},"excerpt":{"rendered":"<p><strong>Mineral:\u00a0<\/strong>Sodalita.<br \/>\n<strong>Composici\u00f3n:\u00a0<\/strong>Na<sub>4<\/sub>Al<sub>3<\/sub>Si<sub>3<\/sub>O<sub>12<\/sub>Cl.<sub><br \/>\n<\/sub><strong>Grupo:\u00a0<\/strong>Silicatos \u2013 tectosilicatos.<br \/>\n<strong>Dureza:\u00a0<\/strong>5.5 \u2013 6 Escala Mhos.<strong><br \/>\nPropiedades Espirituales<\/strong>: La\u00a0<strong>sodalita<\/strong>\u00a0aporta claridad mental y ayuda a la comprensi\u00f3n y liberaci\u00f3n de antiguos patrones mentales. Potencia el autoestima y la confianza en uno mismo. Est\u00e1 indicada para tratar la zona de la garganta, para potenciar el sistema inmunol\u00f3gico y tambi\u00e9n para limpiar la poluci\u00f3n electromagn\u00e9tica.<\/p>\n<p><strong>Tipo<\/strong>: Tubo con perforaci\u00f3n.<br \/>\n<strong>Tama\u00f1o<\/strong>: .9 cm de grosor x .9 cm de largo.<br \/>\n<strong>Forma de venta<\/strong>: Por Pieza.<br \/>\n<strong>Forma de entrega<\/strong>: En tienda o Envio por paqueter\u00eda.<\/p>\n<p><strong>Nota<\/strong>: Para cualquier duda sobre este material favor de mandar mensaje de whats app o por correo electr\u00f3nico.<\/p>\n","protected":false},"featured_media":9250,"comment_status":"open","ping_status":"closed","template":"","meta":[],"product_brand":[],"product_cat":[318],"product_tag":[306,256],"class_list":{"0":"post-9283","1":"product","2":"type-product","3":"status-publish","4":"has-post-thumbnail","6":"product_cat-tubo-de-piedra-natural-9x9mm","7":"product_tag-dije","8":"product_tag-piedra-natural","10":"first","11":"instock","12":"taxable","13":"shipping-taxable","14":"product-type-simple"},"_links":{"self":[{"href":"https:\/\/www.intiworld.com\/index.php?rest_route=\/wp\/v2\/product\/9283","targetHints":{"allow":["GET"]}}],"collection":[{"href":"https:\/\/www.intiworld.com\/index.php?rest_route=\/wp\/v2\/product"}],"about":[{"href":"https:\/\/www.intiworld.com\/index.php?rest_route=\/wp\/v2\/types\/product"}],"replies":[{"embeddable":true,"href":"https:\/\/www.intiworld.com\/index.php?rest_route=%2Fwp%2Fv2%2Fcomments&post=9283"}],"version-history":[{"count":2,"href":"https:\/\/www.intiworld.com\/index.php?rest_route=\/wp\/v2\/product\/9283\/revisions"}],"predecessor-version":[{"id":9290,"href":"https:\/\/www.intiworld.com\/index.php?rest_route=\/wp\/v2\/product\/9283\/revisions\/9290"}],"wp:featuredmedia":[{"embeddable":true,"href":"https:\/\/www.intiworld.com\/index.php?rest_route=\/wp\/v2\/media\/9250"}],"wp:attachment":[{"href":"https:\/\/www.intiworld.com\/index.php?rest_route=%2Fwp%2Fv2%2Fmedia&parent=9283"}],"wp:term":[{"taxonomy":"product_brand","embeddable":true,"href":"https:\/\/www.intiworld.com\/index.php?rest_route=%2Fwp%2Fv2%2Fproduct_brand&post=9283"},{"taxonomy":"product_cat","embeddable":true,"href":"https:\/\/www.intiworld.com\/index.php?rest_route=%2Fwp%2Fv2%2Fproduct_cat&post=9283"},{"taxonomy":"product_tag","embeddable":true,"href":"https:\/\/www.intiworld.com\/index.php?rest_route=%2Fwp%2Fv2%2Fproduct_tag&post=9283"}],"curies":[{"name":"wp","href":"https:\/\/api.w.org\/{rel}","templated":true}]}}