{"id":8841,"date":"2024-10-14T21:17:16","date_gmt":"2024-10-14T21:17:16","guid":{"rendered":"https:\/\/www.intiworld.com\/?post_type=product&#038;p=8841"},"modified":"2024-10-14T21:22:11","modified_gmt":"2024-10-14T21:22:11","slug":"piedra-volcanica-de-6mm","status":"publish","type":"product","link":"https:\/\/www.intiworld.com\/?product=piedra-volcanica-de-6mm","title":{"rendered":"Piedra volc\u00e1nica de 6mm"},"content":{"rendered":"","protected":false},"excerpt":{"rendered":"<p><strong>Mineral: <\/strong>Piedra volcanica.<br \/>\n<strong>Composici\u00f3n: <\/strong>SiO2.<strong><br \/>\n<\/strong><strong>Grupo: <\/strong>Rocas \u00edgneas extrusivas o volc\u00e1nicas.<strong><br \/>\nDureza: <\/strong>5 &#8211; 5.5 Escala Mhos.<strong><br \/>\nPropiedades Espirituales<\/strong>: La piedra volc\u00e1nica, en particular,\u00a0<b>est\u00e1 asociada con la fuerza, la estabilidad y la transformaci\u00f3n<\/b>. Fuerza y resistencia: Debido a su origen volc\u00e1nico, esta piedra simboliza la fuerza interna y la capacidad de superar desaf\u00edos. Se cree que otorga a su portador una mayor resistencia f\u00edsica y mental.<\/p>\n<p><strong>Tipo<\/strong>: Cuentas redondas.<br \/>\n<strong>Tama\u00f1o de Cuenta<\/strong>: 6 mm.<br \/>\n<strong>Forma de venta<\/strong>: Por Hilo o Tira.<br \/>\n<strong>Tama\u00f1o del Hilo<\/strong>: 37 cm a 40 cm Aproximadamente.<br \/>\n<strong>Forma de entrega<\/strong>: En tienda o Envio por paqueter\u00eda.<\/p>\n<p><strong>Nota<\/strong>: Cualquier duda sobre este articulo favor de mandar mensaje de whats app o mandar correo electr\u00f3nico.<\/p>\n","protected":false},"featured_media":8839,"comment_status":"open","ping_status":"closed","template":"","meta":[],"product_brand":[],"product_cat":[300],"product_tag":[],"class_list":{"0":"post-8841","1":"product","2":"type-product","3":"status-publish","4":"has-post-thumbnail","6":"product_cat-piedra-volcanica","8":"first","9":"instock","10":"taxable","11":"shipping-taxable","12":"product-type-simple"},"_links":{"self":[{"href":"https:\/\/www.intiworld.com\/index.php?rest_route=\/wp\/v2\/product\/8841","targetHints":{"allow":["GET"]}}],"collection":[{"href":"https:\/\/www.intiworld.com\/index.php?rest_route=\/wp\/v2\/product"}],"about":[{"href":"https:\/\/www.intiworld.com\/index.php?rest_route=\/wp\/v2\/types\/product"}],"replies":[{"embeddable":true,"href":"https:\/\/www.intiworld.com\/index.php?rest_route=%2Fwp%2Fv2%2Fcomments&post=8841"}],"version-history":[{"count":1,"href":"https:\/\/www.intiworld.com\/index.php?rest_route=\/wp\/v2\/product\/8841\/revisions"}],"predecessor-version":[{"id":8842,"href":"https:\/\/www.intiworld.com\/index.php?rest_route=\/wp\/v2\/product\/8841\/revisions\/8842"}],"wp:featuredmedia":[{"embeddable":true,"href":"https:\/\/www.intiworld.com\/index.php?rest_route=\/wp\/v2\/media\/8839"}],"wp:attachment":[{"href":"https:\/\/www.intiworld.com\/index.php?rest_route=%2Fwp%2Fv2%2Fmedia&parent=8841"}],"wp:term":[{"taxonomy":"product_brand","embeddable":true,"href":"https:\/\/www.intiworld.com\/index.php?rest_route=%2Fwp%2Fv2%2Fproduct_brand&post=8841"},{"taxonomy":"product_cat","embeddable":true,"href":"https:\/\/www.intiworld.com\/index.php?rest_route=%2Fwp%2Fv2%2Fproduct_cat&post=8841"},{"taxonomy":"product_tag","embeddable":true,"href":"https:\/\/www.intiworld.com\/index.php?rest_route=%2Fwp%2Fv2%2Fproduct_tag&post=8841"}],"curies":[{"name":"wp","href":"https:\/\/api.w.org\/{rel}","templated":true}]}}