{"id":8827,"date":"2024-10-14T20:18:50","date_gmt":"2024-10-14T20:18:50","guid":{"rendered":"https:\/\/www.intiworld.com\/?post_type=product&#038;p=8827"},"modified":"2024-10-14T20:26:18","modified_gmt":"2024-10-14T20:26:18","slug":"gua-sha-de-cuarzo-blanco","status":"publish","type":"product","link":"https:\/\/www.intiworld.com\/?product=gua-sha-de-cuarzo-blanco","title":{"rendered":"Gua Sha de cuarzo blanco"},"content":{"rendered":"","protected":false},"excerpt":{"rendered":"<p><strong>Mineral:\u00a0<\/strong>Cuarzo Blanco.<br \/>\n<strong>Composici\u00f3n:\u00a0<\/strong>SiO<sub>2.<\/sub><strong><br \/>\nGrupo:\u00a0<\/strong>Silicatos \u2013 tectosilicatos.<strong><br \/>\nDureza: 7<\/strong>\u00a0Escala Mhos.<strong><br \/>\nPropiedades Espirituales<\/strong>: El\u00a0<strong>cuarzo blanco<\/strong>\u00a0o\u00a0<strong>cristal de roca<\/strong>\u00a0es considerado un amplificador y potenciador, con lo que ser\u00e1 importante usarlo con la intenci\u00f3n bien enfocada. Junto con otros minerales amplificar\u00e1 y potenciar\u00e1 las propiedades del otro mineral.<\/p>\n<p><strong>Tipo<\/strong>: Gua Sha.<br \/>\n<strong>Beneficio<\/strong>: Su funci\u00f3n es la de favorecer el\u00a0<strong>drenaje linf\u00e1tico<\/strong>, y estimular la circulaci\u00f3n del m\u00fasculo. Bien utilizadas, estas herramientas\u00a0<strong>movilizan la linfa\u00a0<\/strong>y, por lo tanto,\u00a0<strong>disminuyen los vol\u00famenes e inflamaciones<\/strong>, ayudan a\u00a0<strong>eliminar toxinas acumuladas<\/strong>, mejorar la\u00a0<strong>microcirculaci\u00f3n\u00a0<\/strong>y, en general, el aspecto de la piel.<br \/>\n<strong>Forma de venta<\/strong>: Por Pieza.<br \/>\n<strong>Forma de entrega<\/strong>: En tienda o Envio por paqueter\u00eda.<\/p>\n<p><strong>Nota<\/strong>: Para cualquier duda sobre este art\u00edculo favor de mandar mensaje de whats app o por correo electr\u00f3nico.<\/p>\n","protected":false},"featured_media":8819,"comment_status":"open","ping_status":"closed","template":"","meta":[],"product_brand":[],"product_cat":[301],"product_tag":[239,302],"class_list":{"0":"post-8827","1":"product","2":"type-product","3":"status-publish","4":"has-post-thumbnail","6":"product_cat-gua-shas-de-piedra-natural","7":"product_tag-cuarzo","8":"product_tag-gua-sha","10":"first","11":"instock","12":"taxable","13":"shipping-taxable","14":"product-type-simple"},"_links":{"self":[{"href":"https:\/\/www.intiworld.com\/index.php?rest_route=\/wp\/v2\/product\/8827","targetHints":{"allow":["GET"]}}],"collection":[{"href":"https:\/\/www.intiworld.com\/index.php?rest_route=\/wp\/v2\/product"}],"about":[{"href":"https:\/\/www.intiworld.com\/index.php?rest_route=\/wp\/v2\/types\/product"}],"replies":[{"embeddable":true,"href":"https:\/\/www.intiworld.com\/index.php?rest_route=%2Fwp%2Fv2%2Fcomments&post=8827"}],"version-history":[{"count":1,"href":"https:\/\/www.intiworld.com\/index.php?rest_route=\/wp\/v2\/product\/8827\/revisions"}],"predecessor-version":[{"id":8828,"href":"https:\/\/www.intiworld.com\/index.php?rest_route=\/wp\/v2\/product\/8827\/revisions\/8828"}],"wp:featuredmedia":[{"embeddable":true,"href":"https:\/\/www.intiworld.com\/index.php?rest_route=\/wp\/v2\/media\/8819"}],"wp:attachment":[{"href":"https:\/\/www.intiworld.com\/index.php?rest_route=%2Fwp%2Fv2%2Fmedia&parent=8827"}],"wp:term":[{"taxonomy":"product_brand","embeddable":true,"href":"https:\/\/www.intiworld.com\/index.php?rest_route=%2Fwp%2Fv2%2Fproduct_brand&post=8827"},{"taxonomy":"product_cat","embeddable":true,"href":"https:\/\/www.intiworld.com\/index.php?rest_route=%2Fwp%2Fv2%2Fproduct_cat&post=8827"},{"taxonomy":"product_tag","embeddable":true,"href":"https:\/\/www.intiworld.com\/index.php?rest_route=%2Fwp%2Fv2%2Fproduct_tag&post=8827"}],"curies":[{"name":"wp","href":"https:\/\/api.w.org\/{rel}","templated":true}]}}