{"id":8585,"date":"2024-10-09T21:08:31","date_gmt":"2024-10-09T21:08:31","guid":{"rendered":"https:\/\/www.intiworld.com\/?post_type=product&#038;p=8585"},"modified":"2024-10-09T21:12:22","modified_gmt":"2024-10-09T21:12:22","slug":"agata-musgosa-4mm-x-2mm","status":"publish","type":"product","link":"https:\/\/www.intiworld.com\/?product=agata-musgosa-4mm-x-2mm","title":{"rendered":"\u00c1gata Musgosa  | 4mm x 2mm"},"content":{"rendered":"","protected":false},"excerpt":{"rendered":"<p><strong>Mineral: <\/strong>\u00c1gata Musgosa.<br \/>\n<strong>Composici\u00f3n: <\/strong>SiO<sub>2.<\/sub><sub><br \/>\n<\/sub><strong>Grupo: <\/strong>Silicatos &#8211; tectosilicatos.<br \/>\n<strong>Dureza:<\/strong> 7 Escala Mhos.<strong><br \/>\nPropiedades Espirituales<\/strong>: El\u00a0<strong>\u00e1gata musgosa<\/strong>\u00a0se considera una piedra fresca y optimista. Es conocida por su conexi\u00f3n con la naturaleza. Fomenta la comunicaci\u00f3n y la expresi\u00f3n, favorece la autoconfianza y el equilibrio emocional y ayuda en el crecimiento espiritual.<\/p>\n<p><strong>Tipo<\/strong>: Cuentas Tipo Puka.<br \/>\n<strong>Tama\u00f1o de Cuenta<\/strong>: 4 mm x 2 mm<br \/>\n<strong>Forma de venta<\/strong>: Por Hilo o Tira.<br \/>\n<strong>Tama\u00f1o del Hilo<\/strong>: 37 cm a 40 cm Aproximadamente.<br \/>\n<strong>Forma de entrega<\/strong>: En tienda o Envio por paqueter\u00eda.<\/p>\n<p><strong>Nota<\/strong>: Cualquier duda sobre este articulo favor de mandar mensaje de whats app o mandar correo electr\u00f3nico.<\/p>\n","protected":false},"featured_media":8525,"comment_status":"open","ping_status":"closed","template":"","meta":[],"product_brand":[],"product_cat":[291],"product_tag":[],"class_list":{"0":"post-8585","1":"product","2":"type-product","3":"status-publish","4":"has-post-thumbnail","6":"product_cat-tiras-de-piedra-tipo-puca","8":"first","9":"instock","10":"taxable","11":"shipping-taxable","12":"product-type-simple"},"_links":{"self":[{"href":"https:\/\/www.intiworld.com\/index.php?rest_route=\/wp\/v2\/product\/8585","targetHints":{"allow":["GET"]}}],"collection":[{"href":"https:\/\/www.intiworld.com\/index.php?rest_route=\/wp\/v2\/product"}],"about":[{"href":"https:\/\/www.intiworld.com\/index.php?rest_route=\/wp\/v2\/types\/product"}],"replies":[{"embeddable":true,"href":"https:\/\/www.intiworld.com\/index.php?rest_route=%2Fwp%2Fv2%2Fcomments&post=8585"}],"version-history":[{"count":1,"href":"https:\/\/www.intiworld.com\/index.php?rest_route=\/wp\/v2\/product\/8585\/revisions"}],"predecessor-version":[{"id":8586,"href":"https:\/\/www.intiworld.com\/index.php?rest_route=\/wp\/v2\/product\/8585\/revisions\/8586"}],"wp:featuredmedia":[{"embeddable":true,"href":"https:\/\/www.intiworld.com\/index.php?rest_route=\/wp\/v2\/media\/8525"}],"wp:attachment":[{"href":"https:\/\/www.intiworld.com\/index.php?rest_route=%2Fwp%2Fv2%2Fmedia&parent=8585"}],"wp:term":[{"taxonomy":"product_brand","embeddable":true,"href":"https:\/\/www.intiworld.com\/index.php?rest_route=%2Fwp%2Fv2%2Fproduct_brand&post=8585"},{"taxonomy":"product_cat","embeddable":true,"href":"https:\/\/www.intiworld.com\/index.php?rest_route=%2Fwp%2Fv2%2Fproduct_cat&post=8585"},{"taxonomy":"product_tag","embeddable":true,"href":"https:\/\/www.intiworld.com\/index.php?rest_route=%2Fwp%2Fv2%2Fproduct_tag&post=8585"}],"curies":[{"name":"wp","href":"https:\/\/api.w.org\/{rel}","templated":true}]}}