{"id":8578,"date":"2024-10-09T20:58:30","date_gmt":"2024-10-09T20:58:30","guid":{"rendered":"https:\/\/www.intiworld.com\/?post_type=product&#038;p=8578"},"modified":"2024-10-09T21:03:06","modified_gmt":"2024-10-09T21:03:06","slug":"jaspe-dalmata-4mm-x-2mm","status":"publish","type":"product","link":"https:\/\/www.intiworld.com\/?product=jaspe-dalmata-4mm-x-2mm","title":{"rendered":"Jaspe d\u00e1lmata | 4mm x 2mm"},"content":{"rendered":"","protected":false},"excerpt":{"rendered":"<p><strong>Mineral:<\/strong> Jaspe D\u00e1lmata.<br \/>\n<strong>Composici\u00f3n: <\/strong>SiO<sub>2<\/sub><strong><br \/>\nGrupo: <\/strong>Silicatos &#8211; tectosilicatos.<strong><br \/>\nDureza: 7 <\/strong>Escala Mhos.<strong><br \/>\nPropiedades Espirituales<\/strong>: Los\u00a0<strong>jaspes<\/strong>\u00a0son piedras indicadas para energizar el cuerpo y aportarle vitalidad. Tambi\u00e9n se asocian a la limpieza ambiental, a la protecci\u00f3n y al enraizamiento. Suelen ser indicados para desarrollar y llevar a t\u00e9rmino ideas y proyectos. En funci\u00f3n de los colores que tenga el\u00a0<strong>jaspe<\/strong>, este puede tener adem\u00e1s propiedades espec\u00edficas. El\u00a0<strong>jaspe d\u00e1lmata<\/strong>\u00a0representa el equilibrio entre dualidades, entre el yin y el yan, entre la luz y la oscuridad, entre el cielo y la tierra.<\/p>\n<p><strong>Tipo<\/strong>: Cuentas Tipo Puka.<br \/>\n<strong>Tama\u00f1o de Cuenta<\/strong>: 4 mm x 2 mm<br \/>\n<strong>Forma de venta<\/strong>: Por Hilo o Tira.<br \/>\n<strong>Tama\u00f1o del Hilo<\/strong>: 37 cm a 40 cm Aproximadamente.<br \/>\n<strong>Forma de entrega<\/strong>: En tienda o Envio por paqueter\u00eda.<\/p>\n<p><strong>Nota<\/strong>: Cualquier duda sobre este articulo favor de mandar mensaje de whats app o mandar correo electr\u00f3nico.<\/p>\n","protected":false},"featured_media":8527,"comment_status":"open","ping_status":"closed","template":"","meta":[],"product_brand":[],"product_cat":[291],"product_tag":[],"class_list":{"0":"post-8578","1":"product","2":"type-product","3":"status-publish","4":"has-post-thumbnail","6":"product_cat-tiras-de-piedra-tipo-puca","8":"first","9":"instock","10":"taxable","11":"shipping-taxable","12":"product-type-simple"},"_links":{"self":[{"href":"https:\/\/www.intiworld.com\/index.php?rest_route=\/wp\/v2\/product\/8578","targetHints":{"allow":["GET"]}}],"collection":[{"href":"https:\/\/www.intiworld.com\/index.php?rest_route=\/wp\/v2\/product"}],"about":[{"href":"https:\/\/www.intiworld.com\/index.php?rest_route=\/wp\/v2\/types\/product"}],"replies":[{"embeddable":true,"href":"https:\/\/www.intiworld.com\/index.php?rest_route=%2Fwp%2Fv2%2Fcomments&post=8578"}],"version-history":[{"count":2,"href":"https:\/\/www.intiworld.com\/index.php?rest_route=\/wp\/v2\/product\/8578\/revisions"}],"predecessor-version":[{"id":8580,"href":"https:\/\/www.intiworld.com\/index.php?rest_route=\/wp\/v2\/product\/8578\/revisions\/8580"}],"wp:featuredmedia":[{"embeddable":true,"href":"https:\/\/www.intiworld.com\/index.php?rest_route=\/wp\/v2\/media\/8527"}],"wp:attachment":[{"href":"https:\/\/www.intiworld.com\/index.php?rest_route=%2Fwp%2Fv2%2Fmedia&parent=8578"}],"wp:term":[{"taxonomy":"product_brand","embeddable":true,"href":"https:\/\/www.intiworld.com\/index.php?rest_route=%2Fwp%2Fv2%2Fproduct_brand&post=8578"},{"taxonomy":"product_cat","embeddable":true,"href":"https:\/\/www.intiworld.com\/index.php?rest_route=%2Fwp%2Fv2%2Fproduct_cat&post=8578"},{"taxonomy":"product_tag","embeddable":true,"href":"https:\/\/www.intiworld.com\/index.php?rest_route=%2Fwp%2Fv2%2Fproduct_tag&post=8578"}],"curies":[{"name":"wp","href":"https:\/\/api.w.org\/{rel}","templated":true}]}}