{"id":8523,"date":"2024-10-09T19:49:05","date_gmt":"2024-10-09T19:49:05","guid":{"rendered":"https:\/\/www.intiworld.com\/?post_type=product&#038;p=8523"},"modified":"2024-10-09T20:15:19","modified_gmt":"2024-10-09T20:15:19","slug":"jade-verde-4mm-x-2mm","status":"publish","type":"product","link":"https:\/\/www.intiworld.com\/?product=jade-verde-4mm-x-2mm","title":{"rendered":"Jade Verde | 4mm x 2mm"},"content":{"rendered":"","protected":false},"excerpt":{"rendered":"<p><strong>Mineral: <\/strong>Jade.<br \/>\n<strong>Composici\u00f3n: <\/strong>Ca<sub>2<\/sub>(Mg,Fe)<sub>5<\/sub>(Si<sub>8<\/sub>O<sub>22<\/sub>)(OH)<sub>2<\/sub><strong><br \/>\nGrupo:<\/strong>Silicatos &#8211; inosilicatos.<strong><br \/>\nDureza: <\/strong>6.5 Escala Mhos.<strong><br \/>\nPropiedades Espirituales<\/strong>: El\u00a0<strong>jade verde<\/strong>\u00a0es muy valorado en Oriente por ser un s\u00edmbolo de pureza, serenidad y sabidur\u00eda. Tambi\u00e9n es apreciado por chamanes y terapeutas como piedra medicina. El\u00a0<strong>jade verde<\/strong> se relaciona con el chakra coraz\u00f3n, con el amor y la armon\u00eda. Se considera un mineral que emite calma y proporciona limpieza y protecci\u00f3n.<\/p>\n<p><strong>Tipo<\/strong>: Cuentas Tipo Puka.<br \/>\n<strong>Tama\u00f1o de Cuenta<\/strong>: 4 mm x 2 mm<br \/>\n<strong>Forma de venta<\/strong>: Por Hilo o Tira.<br \/>\n<strong>Tama\u00f1o del Hilo<\/strong>: 37 cm a 40 cm Aproximadamente.<br \/>\n<strong>Forma de entrega<\/strong>: En tienda o Envio por paqueter\u00eda.<\/p>\n<p><strong>Nota<\/strong>: Cualquier duda sobre este articulo favor de mandar mensaje de whats app o mandar correo electr\u00f3nico.<\/p>\n","protected":false},"featured_media":8535,"comment_status":"open","ping_status":"closed","template":"","meta":[],"product_brand":[],"product_cat":[291],"product_tag":[],"class_list":{"0":"post-8523","1":"product","2":"type-product","3":"status-publish","4":"has-post-thumbnail","6":"product_cat-tiras-de-piedra-tipo-puca","8":"first","9":"instock","10":"taxable","11":"shipping-taxable","12":"product-type-simple"},"_links":{"self":[{"href":"https:\/\/www.intiworld.com\/index.php?rest_route=\/wp\/v2\/product\/8523","targetHints":{"allow":["GET"]}}],"collection":[{"href":"https:\/\/www.intiworld.com\/index.php?rest_route=\/wp\/v2\/product"}],"about":[{"href":"https:\/\/www.intiworld.com\/index.php?rest_route=\/wp\/v2\/types\/product"}],"replies":[{"embeddable":true,"href":"https:\/\/www.intiworld.com\/index.php?rest_route=%2Fwp%2Fv2%2Fcomments&post=8523"}],"version-history":[{"count":1,"href":"https:\/\/www.intiworld.com\/index.php?rest_route=\/wp\/v2\/product\/8523\/revisions"}],"predecessor-version":[{"id":8556,"href":"https:\/\/www.intiworld.com\/index.php?rest_route=\/wp\/v2\/product\/8523\/revisions\/8556"}],"wp:featuredmedia":[{"embeddable":true,"href":"https:\/\/www.intiworld.com\/index.php?rest_route=\/wp\/v2\/media\/8535"}],"wp:attachment":[{"href":"https:\/\/www.intiworld.com\/index.php?rest_route=%2Fwp%2Fv2%2Fmedia&parent=8523"}],"wp:term":[{"taxonomy":"product_brand","embeddable":true,"href":"https:\/\/www.intiworld.com\/index.php?rest_route=%2Fwp%2Fv2%2Fproduct_brand&post=8523"},{"taxonomy":"product_cat","embeddable":true,"href":"https:\/\/www.intiworld.com\/index.php?rest_route=%2Fwp%2Fv2%2Fproduct_cat&post=8523"},{"taxonomy":"product_tag","embeddable":true,"href":"https:\/\/www.intiworld.com\/index.php?rest_route=%2Fwp%2Fv2%2Fproduct_tag&post=8523"}],"curies":[{"name":"wp","href":"https:\/\/api.w.org\/{rel}","templated":true}]}}