{"id":8495,"date":"2024-10-07T18:42:18","date_gmt":"2024-10-07T18:42:18","guid":{"rendered":"https:\/\/www.intiworld.com\/?post_type=product&#038;p=8495"},"modified":"2024-10-10T19:02:55","modified_gmt":"2024-10-10T19:02:55","slug":"arbolito-de-lapislazuli-4cm-x-8cm","status":"publish","type":"product","link":"https:\/\/www.intiworld.com\/?product=arbolito-de-lapislazuli-4cm-x-8cm","title":{"rendered":"Arbolito de lapisl\u00e1zuli | 4cm x 8cm"},"content":{"rendered":"","protected":false},"excerpt":{"rendered":"<p><strong>Mineral:\u00a0<\/strong>Lapisl\u00e1zuli.<br \/>\n<strong>Composici\u00f3n:<\/strong>Na<sub>3<\/sub>Ca(Al<sub>3<\/sub>Si<sub>3<\/sub>O<sub>12<\/sub>)S.<sub><br \/>\n<\/sub><strong>Grupo:<\/strong>\u00a0Silicatos \u2013 tectosilicatos.<br \/>\n<strong>Dureza:\u00a0<\/strong>5 \u2013 5.5 Escala Mhos.<strong><br \/>\nPropiedades Espirituales<\/strong>: El\u00a0<strong>lapisl\u00e1zuli<\/strong>\u00a0se considera una piedra de purificaci\u00f3n y autoconocimiento. Favorece la introspecci\u00f3n y el equilibrio mental y espiritual. Suele asociarse al 5\u00ba y 6\u00ba chakra. Potencia y equilibra la comunicaci\u00f3n, la expresi\u00f3n y la intuici\u00f3n. Ayuda a desbloquear la tensi\u00f3n y a calmar la mente. Suele ser usado para liberar los bloqueos del pasado ya que tiene el potencial de entrar en contacto con el subconsciente.<\/p>\n<p><strong>Tipo<\/strong>: Arbolito.<br \/>\n<strong>Tama\u00f1o<\/strong>: 8 cm de alto x 4 cm de ancho.<br \/>\n<strong>Forma de venta<\/strong>: Por Pieza.<br \/>\n<strong>Forma de entrega<\/strong>: En tienda o Envio por paqueter\u00eda.<\/p>\n<p><strong>Nota<\/strong>: Para cualquier duda sobre este art\u00edculo favor de mandar mensaje de whats app o por correo electr\u00f3nico.<\/p>\n","protected":false},"featured_media":8476,"comment_status":"open","ping_status":"closed","template":"","meta":[],"product_brand":[],"product_cat":[288],"product_tag":[289,239,229],"class_list":{"0":"post-8495","1":"product","2":"type-product","3":"status-publish","4":"has-post-thumbnail","6":"product_cat-arbolitos-de-cuarzo-4cm-x-8cm","7":"product_tag-arbolito","8":"product_tag-cuarzo","9":"product_tag-piedra","11":"first","12":"instock","13":"taxable","14":"shipping-taxable","15":"product-type-simple"},"_links":{"self":[{"href":"https:\/\/www.intiworld.com\/index.php?rest_route=\/wp\/v2\/product\/8495","targetHints":{"allow":["GET"]}}],"collection":[{"href":"https:\/\/www.intiworld.com\/index.php?rest_route=\/wp\/v2\/product"}],"about":[{"href":"https:\/\/www.intiworld.com\/index.php?rest_route=\/wp\/v2\/types\/product"}],"replies":[{"embeddable":true,"href":"https:\/\/www.intiworld.com\/index.php?rest_route=%2Fwp%2Fv2%2Fcomments&post=8495"}],"version-history":[{"count":2,"href":"https:\/\/www.intiworld.com\/index.php?rest_route=\/wp\/v2\/product\/8495\/revisions"}],"predecessor-version":[{"id":8636,"href":"https:\/\/www.intiworld.com\/index.php?rest_route=\/wp\/v2\/product\/8495\/revisions\/8636"}],"wp:featuredmedia":[{"embeddable":true,"href":"https:\/\/www.intiworld.com\/index.php?rest_route=\/wp\/v2\/media\/8476"}],"wp:attachment":[{"href":"https:\/\/www.intiworld.com\/index.php?rest_route=%2Fwp%2Fv2%2Fmedia&parent=8495"}],"wp:term":[{"taxonomy":"product_brand","embeddable":true,"href":"https:\/\/www.intiworld.com\/index.php?rest_route=%2Fwp%2Fv2%2Fproduct_brand&post=8495"},{"taxonomy":"product_cat","embeddable":true,"href":"https:\/\/www.intiworld.com\/index.php?rest_route=%2Fwp%2Fv2%2Fproduct_cat&post=8495"},{"taxonomy":"product_tag","embeddable":true,"href":"https:\/\/www.intiworld.com\/index.php?rest_route=%2Fwp%2Fv2%2Fproduct_tag&post=8495"}],"curies":[{"name":"wp","href":"https:\/\/api.w.org\/{rel}","templated":true}]}}