{"id":8471,"date":"2024-10-07T18:29:29","date_gmt":"2024-10-07T18:29:29","guid":{"rendered":"https:\/\/www.intiworld.com\/?post_type=product&#038;p=8471"},"modified":"2024-10-10T19:08:02","modified_gmt":"2024-10-10T19:08:02","slug":"arbolito-de-cuarzo-mixto-4m-x-8cm","status":"publish","type":"product","link":"https:\/\/www.intiworld.com\/?product=arbolito-de-cuarzo-mixto-4m-x-8cm","title":{"rendered":"Arbolito de cuarzo mixto | 4m x 8cm"},"content":{"rendered":"","protected":false},"excerpt":{"rendered":"<p><strong>Mineral:\u00a0<\/strong>Cuarzo Mixto.<strong><br \/>\nComposici\u00f3n:\u00a0<\/strong>SiO<sub>2.<\/sub><strong><br \/>\nGrupo:\u00a0<\/strong>Silicatos \u2013 tectosilicatos.<strong><br \/>\nDureza:\u00a0<\/strong>7\u00a0Escala Mhos.<strong><br \/>\nPropiedades Espirituales:\u00a0<\/strong>Se dice que los cuarzos tienen propiedades que pueden ayudar a purificar la energ\u00eda interna, combatir el estr\u00e9s, aumentar la autoestima, atraer \u00e9xito, atraer la buena suerte, el amor, relajar la mente, entre otras cosas. El conservar o traer cuarzos diversos ayuda a que cada propiedad se active de acuerdo al cuarzo.<\/p>\n<p><strong>Tipo<\/strong>: Arbolito.<br \/>\n<strong>Tama\u00f1o<\/strong>: 8 cm de alto x 4 cm de ancho.<br \/>\n<strong>Forma de venta<\/strong>: Por Pieza.<br \/>\n<strong>Forma de entrega<\/strong>: En tienda o Envio por paqueter\u00eda.<\/p>\n<p><strong>Nota<\/strong>: Para cualquier duda sobre este art\u00edculo favor de mandar mensaje de whats app o por correo electr\u00f3nico.<\/p>\n","protected":false},"featured_media":8478,"comment_status":"open","ping_status":"closed","template":"","meta":[],"product_brand":[],"product_cat":[288],"product_tag":[289,239,229],"class_list":{"0":"post-8471","1":"product","2":"type-product","3":"status-publish","4":"has-post-thumbnail","6":"product_cat-arbolitos-de-cuarzo-4cm-x-8cm","7":"product_tag-arbolito","8":"product_tag-cuarzo","9":"product_tag-piedra","11":"first","12":"instock","13":"taxable","14":"shipping-taxable","15":"product-type-simple"},"_links":{"self":[{"href":"https:\/\/www.intiworld.com\/index.php?rest_route=\/wp\/v2\/product\/8471","targetHints":{"allow":["GET"]}}],"collection":[{"href":"https:\/\/www.intiworld.com\/index.php?rest_route=\/wp\/v2\/product"}],"about":[{"href":"https:\/\/www.intiworld.com\/index.php?rest_route=\/wp\/v2\/types\/product"}],"replies":[{"embeddable":true,"href":"https:\/\/www.intiworld.com\/index.php?rest_route=%2Fwp%2Fv2%2Fcomments&post=8471"}],"version-history":[{"count":2,"href":"https:\/\/www.intiworld.com\/index.php?rest_route=\/wp\/v2\/product\/8471\/revisions"}],"predecessor-version":[{"id":8641,"href":"https:\/\/www.intiworld.com\/index.php?rest_route=\/wp\/v2\/product\/8471\/revisions\/8641"}],"wp:featuredmedia":[{"embeddable":true,"href":"https:\/\/www.intiworld.com\/index.php?rest_route=\/wp\/v2\/media\/8478"}],"wp:attachment":[{"href":"https:\/\/www.intiworld.com\/index.php?rest_route=%2Fwp%2Fv2%2Fmedia&parent=8471"}],"wp:term":[{"taxonomy":"product_brand","embeddable":true,"href":"https:\/\/www.intiworld.com\/index.php?rest_route=%2Fwp%2Fv2%2Fproduct_brand&post=8471"},{"taxonomy":"product_cat","embeddable":true,"href":"https:\/\/www.intiworld.com\/index.php?rest_route=%2Fwp%2Fv2%2Fproduct_cat&post=8471"},{"taxonomy":"product_tag","embeddable":true,"href":"https:\/\/www.intiworld.com\/index.php?rest_route=%2Fwp%2Fv2%2Fproduct_tag&post=8471"}],"curies":[{"name":"wp","href":"https:\/\/api.w.org\/{rel}","templated":true}]}}