{"id":8288,"date":"2024-09-30T23:32:12","date_gmt":"2024-09-30T23:32:12","guid":{"rendered":"https:\/\/www.intiworld.com\/?post_type=product&#038;p=8288"},"modified":"2024-09-30T23:52:15","modified_gmt":"2024-09-30T23:52:15","slug":"estuche-de-plastico-para-bisuteria-18-divisiones","status":"publish","type":"product","link":"https:\/\/www.intiworld.com\/?product=estuche-de-plastico-para-bisuteria-18-divisiones","title":{"rendered":"Estuche de pl\u00e1stico para bisuter\u00eda | 18 divisiones"},"content":{"rendered":"","protected":false},"excerpt":{"rendered":"<p>Estuche de pl\u00e1stico para separar todos tus insumos o art\u00edculos para elaborar joyas.<\/p>\n<p><strong>Tama\u00f1o<\/strong>: 29.2 cm de largo x 16.5 cm de ancho x 4.5 cm de alto.<br \/>\n<strong>Color<\/strong>: Transparente.<br \/>\n<strong>Formato de venta<\/strong>: Por Pieza.<br \/>\n<strong>Forma de entrega<\/strong>: Recoge en tienda o Envio por paqueter\u00eda.<\/p>\n<p>Cualquier duda con este material favor de mandar whats app o mandar correo electr\u00f3nico.<\/p>\n","protected":false},"featured_media":8273,"comment_status":"open","ping_status":"closed","template":"","meta":[],"product_brand":[],"product_cat":[279],"product_tag":[],"class_list":{"0":"post-8288","1":"product","2":"type-product","3":"status-publish","4":"has-post-thumbnail","6":"product_cat-estuches-de-plastico","8":"first","9":"instock","10":"taxable","11":"shipping-taxable","12":"product-type-simple"},"_links":{"self":[{"href":"https:\/\/www.intiworld.com\/index.php?rest_route=\/wp\/v2\/product\/8288","targetHints":{"allow":["GET"]}}],"collection":[{"href":"https:\/\/www.intiworld.com\/index.php?rest_route=\/wp\/v2\/product"}],"about":[{"href":"https:\/\/www.intiworld.com\/index.php?rest_route=\/wp\/v2\/types\/product"}],"replies":[{"embeddable":true,"href":"https:\/\/www.intiworld.com\/index.php?rest_route=%2Fwp%2Fv2%2Fcomments&post=8288"}],"version-history":[{"count":1,"href":"https:\/\/www.intiworld.com\/index.php?rest_route=\/wp\/v2\/product\/8288\/revisions"}],"predecessor-version":[{"id":8289,"href":"https:\/\/www.intiworld.com\/index.php?rest_route=\/wp\/v2\/product\/8288\/revisions\/8289"}],"wp:featuredmedia":[{"embeddable":true,"href":"https:\/\/www.intiworld.com\/index.php?rest_route=\/wp\/v2\/media\/8273"}],"wp:attachment":[{"href":"https:\/\/www.intiworld.com\/index.php?rest_route=%2Fwp%2Fv2%2Fmedia&parent=8288"}],"wp:term":[{"taxonomy":"product_brand","embeddable":true,"href":"https:\/\/www.intiworld.com\/index.php?rest_route=%2Fwp%2Fv2%2Fproduct_brand&post=8288"},{"taxonomy":"product_cat","embeddable":true,"href":"https:\/\/www.intiworld.com\/index.php?rest_route=%2Fwp%2Fv2%2Fproduct_cat&post=8288"},{"taxonomy":"product_tag","embeddable":true,"href":"https:\/\/www.intiworld.com\/index.php?rest_route=%2Fwp%2Fv2%2Fproduct_tag&post=8288"}],"curies":[{"name":"wp","href":"https:\/\/api.w.org\/{rel}","templated":true}]}}