{"id":8286,"date":"2024-09-30T23:29:54","date_gmt":"2024-09-30T23:29:54","guid":{"rendered":"https:\/\/www.intiworld.com\/?post_type=product&#038;p=8286"},"modified":"2024-09-30T23:31:37","modified_gmt":"2024-09-30T23:31:37","slug":"estuche-de-plastico-para-bisuteria-4-divisiones","status":"publish","type":"product","link":"https:\/\/www.intiworld.com\/?product=estuche-de-plastico-para-bisuteria-4-divisiones","title":{"rendered":"Estuche de pl\u00e1stico para bisuter\u00eda | 4 divisiones"},"content":{"rendered":"","protected":false},"excerpt":{"rendered":"<p>Estuche de pl\u00e1stico para separar todos tus insumos o art\u00edculos para elaborar joyas.<\/p>\n<p><strong>Tama\u00f1o<\/strong>: 18 cm de largo x 14.7 cm de ancho x 11 cm de alto.<br \/>\n<strong>Color<\/strong>: Transparente.<br \/>\n<strong>Formato de venta<\/strong>: Por Pieza.<br \/>\n<strong>Forma de entrega<\/strong>: Recoge en tienda o Envio por paqueter\u00eda.<\/p>\n<p>Cualquier duda con este material favor de mandar whats app o mandar correo electr\u00f3nico.<\/p>\n","protected":false},"featured_media":8270,"comment_status":"open","ping_status":"closed","template":"","meta":[],"product_brand":[],"product_cat":[279],"product_tag":[],"class_list":{"0":"post-8286","1":"product","2":"type-product","3":"status-publish","4":"has-post-thumbnail","6":"product_cat-estuches-de-plastico","8":"first","9":"instock","10":"taxable","11":"shipping-taxable","12":"product-type-simple"},"_links":{"self":[{"href":"https:\/\/www.intiworld.com\/index.php?rest_route=\/wp\/v2\/product\/8286","targetHints":{"allow":["GET"]}}],"collection":[{"href":"https:\/\/www.intiworld.com\/index.php?rest_route=\/wp\/v2\/product"}],"about":[{"href":"https:\/\/www.intiworld.com\/index.php?rest_route=\/wp\/v2\/types\/product"}],"replies":[{"embeddable":true,"href":"https:\/\/www.intiworld.com\/index.php?rest_route=%2Fwp%2Fv2%2Fcomments&post=8286"}],"version-history":[{"count":1,"href":"https:\/\/www.intiworld.com\/index.php?rest_route=\/wp\/v2\/product\/8286\/revisions"}],"predecessor-version":[{"id":8287,"href":"https:\/\/www.intiworld.com\/index.php?rest_route=\/wp\/v2\/product\/8286\/revisions\/8287"}],"wp:featuredmedia":[{"embeddable":true,"href":"https:\/\/www.intiworld.com\/index.php?rest_route=\/wp\/v2\/media\/8270"}],"wp:attachment":[{"href":"https:\/\/www.intiworld.com\/index.php?rest_route=%2Fwp%2Fv2%2Fmedia&parent=8286"}],"wp:term":[{"taxonomy":"product_brand","embeddable":true,"href":"https:\/\/www.intiworld.com\/index.php?rest_route=%2Fwp%2Fv2%2Fproduct_brand&post=8286"},{"taxonomy":"product_cat","embeddable":true,"href":"https:\/\/www.intiworld.com\/index.php?rest_route=%2Fwp%2Fv2%2Fproduct_cat&post=8286"},{"taxonomy":"product_tag","embeddable":true,"href":"https:\/\/www.intiworld.com\/index.php?rest_route=%2Fwp%2Fv2%2Fproduct_tag&post=8286"}],"curies":[{"name":"wp","href":"https:\/\/api.w.org\/{rel}","templated":true}]}}