{"id":8257,"date":"2024-09-30T22:46:05","date_gmt":"2024-09-30T22:46:05","guid":{"rendered":"https:\/\/www.intiworld.com\/?post_type=product&#038;p=8257"},"modified":"2024-09-30T23:27:21","modified_gmt":"2024-09-30T23:27:21","slug":"estuche-de-plastico-para-bisuteria-24-divisiones","status":"publish","type":"product","link":"https:\/\/www.intiworld.com\/?product=estuche-de-plastico-para-bisuteria-24-divisiones","title":{"rendered":"Estuche de pl\u00e1stico para bisuter\u00eda | 24 divisiones"},"content":{"rendered":"","protected":false},"excerpt":{"rendered":"<p>Estuche de pl\u00e1stico para separar todos tus insumos o art\u00edculos para elaborar joyas.<\/p>\n<p><strong>Tama\u00f1o<\/strong>: 19 cm de largo x 13 cm de ancho x 2 cm de alto.<br \/>\n<strong>Color<\/strong>: Transparente.<br \/>\n<strong>Formato de venta<\/strong>: Por Pieza.<br \/>\n<strong>Forma de entrega<\/strong>: Recoge en tienda o Envio por paqueter\u00eda.<\/p>\n<p>Cualquier duda con este material favor de mandar whats app o mandar correo electronico.<\/p>\n","protected":false},"featured_media":8261,"comment_status":"open","ping_status":"closed","template":"","meta":[],"product_brand":[],"product_cat":[279],"product_tag":[],"class_list":{"0":"post-8257","1":"product","2":"type-product","3":"status-publish","4":"has-post-thumbnail","6":"product_cat-estuches-de-plastico","8":"first","9":"instock","10":"taxable","11":"shipping-taxable","12":"product-type-simple"},"_links":{"self":[{"href":"https:\/\/www.intiworld.com\/index.php?rest_route=\/wp\/v2\/product\/8257","targetHints":{"allow":["GET"]}}],"collection":[{"href":"https:\/\/www.intiworld.com\/index.php?rest_route=\/wp\/v2\/product"}],"about":[{"href":"https:\/\/www.intiworld.com\/index.php?rest_route=\/wp\/v2\/types\/product"}],"replies":[{"embeddable":true,"href":"https:\/\/www.intiworld.com\/index.php?rest_route=%2Fwp%2Fv2%2Fcomments&post=8257"}],"version-history":[{"count":2,"href":"https:\/\/www.intiworld.com\/index.php?rest_route=\/wp\/v2\/product\/8257\/revisions"}],"predecessor-version":[{"id":8285,"href":"https:\/\/www.intiworld.com\/index.php?rest_route=\/wp\/v2\/product\/8257\/revisions\/8285"}],"wp:featuredmedia":[{"embeddable":true,"href":"https:\/\/www.intiworld.com\/index.php?rest_route=\/wp\/v2\/media\/8261"}],"wp:attachment":[{"href":"https:\/\/www.intiworld.com\/index.php?rest_route=%2Fwp%2Fv2%2Fmedia&parent=8257"}],"wp:term":[{"taxonomy":"product_brand","embeddable":true,"href":"https:\/\/www.intiworld.com\/index.php?rest_route=%2Fwp%2Fv2%2Fproduct_brand&post=8257"},{"taxonomy":"product_cat","embeddable":true,"href":"https:\/\/www.intiworld.com\/index.php?rest_route=%2Fwp%2Fv2%2Fproduct_cat&post=8257"},{"taxonomy":"product_tag","embeddable":true,"href":"https:\/\/www.intiworld.com\/index.php?rest_route=%2Fwp%2Fv2%2Fproduct_tag&post=8257"}],"curies":[{"name":"wp","href":"https:\/\/api.w.org\/{rel}","templated":true}]}}