{"id":8216,"date":"2024-09-27T22:32:37","date_gmt":"2024-09-27T22:32:37","guid":{"rendered":"https:\/\/www.intiworld.com\/?post_type=product&#038;p=8216"},"modified":"2024-09-27T22:35:54","modified_gmt":"2024-09-27T22:35:54","slug":"granate-5mm-a-1-2mm","status":"publish","type":"product","link":"https:\/\/www.intiworld.com\/?product=granate-5mm-a-1-2mm","title":{"rendered":"Granate | .5mm a 1.2mm"},"content":{"rendered":"","protected":false},"excerpt":{"rendered":"<p><strong>Mineral: <\/strong>Granate.<br \/>\n<strong>Composici\u00f3n: <\/strong>X<sub>3<\/sub>Z<sub>2<\/sub>(SiO<sub>4<\/sub>)<sub>3.<\/sub><strong><br \/>\nGrupo: <\/strong>Nesosilicatos.<strong><br \/>\nDureza: <\/strong>6.5 &#8211; 7.5 \u00a0Escala Mhos.<strong><br \/>\nPropiedades Espirituales<\/strong>: El\u00a0<strong>granate<\/strong> se considera una piedra de 1\u00ba chakra, con una energ\u00eda vigorosa. Ayuda a enraizar con fuerza, lo que favorece la seguridad y la firmeza de car\u00e1cter. Potencia la l\u00edvido y refuerza la zona de los \u00f3rganos sexuales y de reproducci\u00f3n.<\/p>\n<p><strong>Tipo<\/strong>: Cuentas Amorfas Perforadas.<br \/>\n<strong>Tama\u00f1o de Cuenta<\/strong>: De .5 mm a 1.2 mm.<br \/>\n<strong>Forma de venta<\/strong>: Por Hilo o Tira.<br \/>\n<strong>Tama\u00f1o del Hilo<\/strong>: 37 cm a 40 cm Aproximadamente.<br \/>\n<strong>Forma de entrega<\/strong>: En tienda o Envio por paqueter\u00eda.<\/p>\n<p><strong>Nota<\/strong>: Cualquier duda sobre este articulo favor de mandar mensaje de whats app o mandar correo electr\u00f3nico.<\/p>\n","protected":false},"featured_media":8141,"comment_status":"open","ping_status":"closed","template":"","meta":[],"product_brand":[],"product_cat":[277],"product_tag":[],"class_list":{"0":"post-8216","1":"product","2":"type-product","3":"status-publish","4":"has-post-thumbnail","6":"product_cat-tiras-de-piedra-amorfa","8":"first","9":"instock","10":"taxable","11":"shipping-taxable","12":"product-type-simple"},"_links":{"self":[{"href":"https:\/\/www.intiworld.com\/index.php?rest_route=\/wp\/v2\/product\/8216","targetHints":{"allow":["GET"]}}],"collection":[{"href":"https:\/\/www.intiworld.com\/index.php?rest_route=\/wp\/v2\/product"}],"about":[{"href":"https:\/\/www.intiworld.com\/index.php?rest_route=\/wp\/v2\/types\/product"}],"replies":[{"embeddable":true,"href":"https:\/\/www.intiworld.com\/index.php?rest_route=%2Fwp%2Fv2%2Fcomments&post=8216"}],"version-history":[{"count":1,"href":"https:\/\/www.intiworld.com\/index.php?rest_route=\/wp\/v2\/product\/8216\/revisions"}],"predecessor-version":[{"id":8217,"href":"https:\/\/www.intiworld.com\/index.php?rest_route=\/wp\/v2\/product\/8216\/revisions\/8217"}],"wp:featuredmedia":[{"embeddable":true,"href":"https:\/\/www.intiworld.com\/index.php?rest_route=\/wp\/v2\/media\/8141"}],"wp:attachment":[{"href":"https:\/\/www.intiworld.com\/index.php?rest_route=%2Fwp%2Fv2%2Fmedia&parent=8216"}],"wp:term":[{"taxonomy":"product_brand","embeddable":true,"href":"https:\/\/www.intiworld.com\/index.php?rest_route=%2Fwp%2Fv2%2Fproduct_brand&post=8216"},{"taxonomy":"product_cat","embeddable":true,"href":"https:\/\/www.intiworld.com\/index.php?rest_route=%2Fwp%2Fv2%2Fproduct_cat&post=8216"},{"taxonomy":"product_tag","embeddable":true,"href":"https:\/\/www.intiworld.com\/index.php?rest_route=%2Fwp%2Fv2%2Fproduct_tag&post=8216"}],"curies":[{"name":"wp","href":"https:\/\/api.w.org\/{rel}","templated":true}]}}