{"id":8212,"date":"2024-09-27T22:27:16","date_gmt":"2024-09-27T22:27:16","guid":{"rendered":"https:\/\/www.intiworld.com\/?post_type=product&#038;p=8212"},"modified":"2024-09-27T22:29:53","modified_gmt":"2024-09-27T22:29:53","slug":"turmalina-sandia-5mm-a-1-2mm","status":"publish","type":"product","link":"https:\/\/www.intiworld.com\/?product=turmalina-sandia-5mm-a-1-2mm","title":{"rendered":"Turmalina Sandia | .5mm a 1.2mm"},"content":{"rendered":"","protected":false},"excerpt":{"rendered":"<p><strong>Mineral:<\/strong> Turmalina Sandia.<br \/>\n<strong>Composici\u00f3n: <\/strong>Na(Mg,Fe,Li,Mn,Al)<sub>3<\/sub>Al<sub>6<\/sub>(BO<sub>3<\/sub>)<sub>3<\/sub>Si<sub>6<\/sub>\u00a0\u00b7 0<sub>18<\/sub>(OH,F)<sub>4.<\/sub><strong><br \/>\nGrupo:\u00a0<\/strong>Silicatos \u2013 ciclosilicatos<strong><br \/>\nDureza:<\/strong> 7 &#8211; 7.5 Escala Mhos.<strong><br \/>\nPropiedades Espirituales<\/strong>: La\u00a0<strong>turmalina sand\u00eda<\/strong> es el cristal ideal para el chakra del coraz\u00f3n pues en un solo cristal a\u00fana la energ\u00eda y la fuerza de dos colores, el verde y el rosa. La\u00a0<span class=\"own-inside-link\">turmalina<\/span>\u00a0se considera una piedra de limpieza, protecci\u00f3n y transformaci\u00f3n. Se dice que la fuerza de la turmalina es debida a la forma de sus estr\u00edas paralelas, las que transforman las energ\u00edas densas e incrementan la vibraci\u00f3n.<\/p>\n<p><strong>Tipo<\/strong>: Cuentas Amorfas Perforadas.<br \/>\n<strong>Tama\u00f1o de Cuenta<\/strong>: De .5 mm a 1.2 mm.<br \/>\n<strong>Forma de venta<\/strong>: Por Hilo o Tira.<br \/>\n<strong>Tama\u00f1o del Hilo<\/strong>: 37 cm a 40 cm Aproximadamente.<br \/>\n<strong>Forma de entrega<\/strong>: En tienda o Envio por paqueter\u00eda.<\/p>\n<p><strong>Nota<\/strong>: Cualquier duda sobre este articulo favor de mandar mensaje de whats app o mandar correo electr\u00f3nico.<\/p>\n","protected":false},"featured_media":8151,"comment_status":"open","ping_status":"closed","template":"","meta":[],"product_brand":[],"product_cat":[277],"product_tag":[],"class_list":{"0":"post-8212","1":"product","2":"type-product","3":"status-publish","4":"has-post-thumbnail","6":"product_cat-tiras-de-piedra-amorfa","8":"first","9":"instock","10":"taxable","11":"shipping-taxable","12":"product-type-simple"},"_links":{"self":[{"href":"https:\/\/www.intiworld.com\/index.php?rest_route=\/wp\/v2\/product\/8212","targetHints":{"allow":["GET"]}}],"collection":[{"href":"https:\/\/www.intiworld.com\/index.php?rest_route=\/wp\/v2\/product"}],"about":[{"href":"https:\/\/www.intiworld.com\/index.php?rest_route=\/wp\/v2\/types\/product"}],"replies":[{"embeddable":true,"href":"https:\/\/www.intiworld.com\/index.php?rest_route=%2Fwp%2Fv2%2Fcomments&post=8212"}],"version-history":[{"count":1,"href":"https:\/\/www.intiworld.com\/index.php?rest_route=\/wp\/v2\/product\/8212\/revisions"}],"predecessor-version":[{"id":8213,"href":"https:\/\/www.intiworld.com\/index.php?rest_route=\/wp\/v2\/product\/8212\/revisions\/8213"}],"wp:featuredmedia":[{"embeddable":true,"href":"https:\/\/www.intiworld.com\/index.php?rest_route=\/wp\/v2\/media\/8151"}],"wp:attachment":[{"href":"https:\/\/www.intiworld.com\/index.php?rest_route=%2Fwp%2Fv2%2Fmedia&parent=8212"}],"wp:term":[{"taxonomy":"product_brand","embeddable":true,"href":"https:\/\/www.intiworld.com\/index.php?rest_route=%2Fwp%2Fv2%2Fproduct_brand&post=8212"},{"taxonomy":"product_cat","embeddable":true,"href":"https:\/\/www.intiworld.com\/index.php?rest_route=%2Fwp%2Fv2%2Fproduct_cat&post=8212"},{"taxonomy":"product_tag","embeddable":true,"href":"https:\/\/www.intiworld.com\/index.php?rest_route=%2Fwp%2Fv2%2Fproduct_tag&post=8212"}],"curies":[{"name":"wp","href":"https:\/\/api.w.org\/{rel}","templated":true}]}}