{"id":8210,"date":"2024-09-27T22:25:22","date_gmt":"2024-09-27T22:25:22","guid":{"rendered":"https:\/\/www.intiworld.com\/?post_type=product&#038;p=8210"},"modified":"2024-09-27T22:26:44","modified_gmt":"2024-09-27T22:26:44","slug":"citrino-5mm-a-1-2mm","status":"publish","type":"product","link":"https:\/\/www.intiworld.com\/?product=citrino-5mm-a-1-2mm","title":{"rendered":"Citrino | .5mm a 1.2mm"},"content":{"rendered":"","protected":false},"excerpt":{"rendered":"<p><strong>Mineral:<\/strong>\u00a0Citrino.<br \/>\n<strong>Composici\u00f3n:\u00a0<\/strong>SiO<sub>2<\/sub><strong><br \/>\nGrupo:\u00a0<\/strong>Silicatos \u2013 tectosilicatos<strong><br \/>\nDureza: 7<\/strong>\u00a0Escala Mhos.<strong><br \/>\nPropiedades Espirituales<\/strong>: Las principales caracter\u00edsticas de la\u00a0<strong>piedra citrino<\/strong>\u00a0en\u00a0litoterapia\u00a0son la alegr\u00eda de vivir y la abundancia. Esta piedra de riqueza favorece el equilibrio de las energ\u00edas as\u00ed como la concentraci\u00f3n. Es energizante y desarrolla fuertemente la creatividad. Como tal, es una de las piedras con poca o ninguna necesidad de limpieza y recarga porque absorbe y elimina la energ\u00eda negativa. Protege su entorno y purifica a la persona que est\u00e1 en contacto con \u00e9l, ya sea a trav\u00e9s de una pulsera citrino u otra.<\/p>\n<p><strong>Tipo<\/strong>: Cuentas Amorfas Perforadas.<br \/>\n<strong>Tama\u00f1o de Cuenta<\/strong>: De .5 mm a 1.2 mm.<br \/>\n<strong>Forma de venta<\/strong>: Por Hilo o Tira.<br \/>\n<strong>Tama\u00f1o del Hilo<\/strong>: 37 cm a 40 cm Aproximadamente.<br \/>\n<strong>Forma de entrega<\/strong>: En tienda o Envio por paqueter\u00eda.<\/p>\n<p><strong>Nota<\/strong>: Cualquier duda sobre este articulo favor de mandar mensaje de whats app o mandar correo electr\u00f3nico.<\/p>\n","protected":false},"featured_media":8135,"comment_status":"open","ping_status":"closed","template":"","meta":[],"product_brand":[],"product_cat":[277],"product_tag":[],"class_list":{"0":"post-8210","1":"product","2":"type-product","3":"status-publish","4":"has-post-thumbnail","6":"product_cat-tiras-de-piedra-amorfa","8":"first","9":"instock","10":"taxable","11":"shipping-taxable","12":"product-type-simple"},"_links":{"self":[{"href":"https:\/\/www.intiworld.com\/index.php?rest_route=\/wp\/v2\/product\/8210","targetHints":{"allow":["GET"]}}],"collection":[{"href":"https:\/\/www.intiworld.com\/index.php?rest_route=\/wp\/v2\/product"}],"about":[{"href":"https:\/\/www.intiworld.com\/index.php?rest_route=\/wp\/v2\/types\/product"}],"replies":[{"embeddable":true,"href":"https:\/\/www.intiworld.com\/index.php?rest_route=%2Fwp%2Fv2%2Fcomments&post=8210"}],"version-history":[{"count":1,"href":"https:\/\/www.intiworld.com\/index.php?rest_route=\/wp\/v2\/product\/8210\/revisions"}],"predecessor-version":[{"id":8211,"href":"https:\/\/www.intiworld.com\/index.php?rest_route=\/wp\/v2\/product\/8210\/revisions\/8211"}],"wp:featuredmedia":[{"embeddable":true,"href":"https:\/\/www.intiworld.com\/index.php?rest_route=\/wp\/v2\/media\/8135"}],"wp:attachment":[{"href":"https:\/\/www.intiworld.com\/index.php?rest_route=%2Fwp%2Fv2%2Fmedia&parent=8210"}],"wp:term":[{"taxonomy":"product_brand","embeddable":true,"href":"https:\/\/www.intiworld.com\/index.php?rest_route=%2Fwp%2Fv2%2Fproduct_brand&post=8210"},{"taxonomy":"product_cat","embeddable":true,"href":"https:\/\/www.intiworld.com\/index.php?rest_route=%2Fwp%2Fv2%2Fproduct_cat&post=8210"},{"taxonomy":"product_tag","embeddable":true,"href":"https:\/\/www.intiworld.com\/index.php?rest_route=%2Fwp%2Fv2%2Fproduct_tag&post=8210"}],"curies":[{"name":"wp","href":"https:\/\/api.w.org\/{rel}","templated":true}]}}