{"id":8206,"date":"2024-09-27T22:20:19","date_gmt":"2024-09-27T22:20:19","guid":{"rendered":"https:\/\/www.intiworld.com\/?post_type=product&#038;p=8206"},"modified":"2024-09-27T22:22:20","modified_gmt":"2024-09-27T22:22:20","slug":"ojo-de-tigre-5mm-a-1-2mm","status":"publish","type":"product","link":"https:\/\/www.intiworld.com\/?product=ojo-de-tigre-5mm-a-1-2mm","title":{"rendered":"Ojo de tigre | .5mm a 1.2mm"},"content":{"rendered":"","protected":false},"excerpt":{"rendered":"<p><strong>Mineral:\u00a0<\/strong>Ojo de Tigre.<br \/>\n<strong>Composici\u00f3n:\u00a0<\/strong>SiO<sub>2.<\/sub><strong><br \/>\nGrupo:\u00a0<\/strong>Silicatos \u2013 tectosilicatos.<strong><br \/>\nDureza: 7<\/strong>\u00a0Escala Mhos.<strong><br \/>\nPropiedades Espirituales<\/strong>: El\u00a0<strong>ojo de tigre<\/strong> se considera una piedra de creatividad, fuerza y equilibrio. Se dice que representa la uni\u00f3n entre la energ\u00eda del Sol y la de la Tierra. Tradicionalmente el\u00a0<strong>ojo de tigre<\/strong>\u00a0se ha considerado una piedra protectora. Favorece el enraizamiento y la manifestaci\u00f3n de la voluntad. Ayuda a elevar la autoestima y el estado de \u00e1nimo. Tambi\u00e9n suele asociarse a la prosperidad.<\/p>\n<p><strong>Tipo<\/strong>: Cuentas Amorfas Perforadas.<br \/>\n<strong>Tama\u00f1o de Cuenta<\/strong>: De .5 mm a 1.2 mm.<br \/>\n<strong>Forma de venta<\/strong>: Por Hilo o Tira.<br \/>\n<strong>Tama\u00f1o del Hilo<\/strong>: 37 cm a 40 cm Aproximadamente.<br \/>\n<strong>Forma de entrega<\/strong>: En tienda o Envio por paqueter\u00eda.<\/p>\n<p><strong>Nota<\/strong>: Cualquier duda sobre este articulo favor de mandar mensaje de whats app o mandar correo electr\u00f3nico.<\/p>\n","protected":false},"featured_media":8147,"comment_status":"open","ping_status":"closed","template":"","meta":[],"product_brand":[],"product_cat":[277],"product_tag":[],"class_list":{"0":"post-8206","1":"product","2":"type-product","3":"status-publish","4":"has-post-thumbnail","6":"product_cat-tiras-de-piedra-amorfa","8":"first","9":"instock","10":"taxable","11":"shipping-taxable","12":"product-type-simple"},"_links":{"self":[{"href":"https:\/\/www.intiworld.com\/index.php?rest_route=\/wp\/v2\/product\/8206","targetHints":{"allow":["GET"]}}],"collection":[{"href":"https:\/\/www.intiworld.com\/index.php?rest_route=\/wp\/v2\/product"}],"about":[{"href":"https:\/\/www.intiworld.com\/index.php?rest_route=\/wp\/v2\/types\/product"}],"replies":[{"embeddable":true,"href":"https:\/\/www.intiworld.com\/index.php?rest_route=%2Fwp%2Fv2%2Fcomments&post=8206"}],"version-history":[{"count":1,"href":"https:\/\/www.intiworld.com\/index.php?rest_route=\/wp\/v2\/product\/8206\/revisions"}],"predecessor-version":[{"id":8207,"href":"https:\/\/www.intiworld.com\/index.php?rest_route=\/wp\/v2\/product\/8206\/revisions\/8207"}],"wp:featuredmedia":[{"embeddable":true,"href":"https:\/\/www.intiworld.com\/index.php?rest_route=\/wp\/v2\/media\/8147"}],"wp:attachment":[{"href":"https:\/\/www.intiworld.com\/index.php?rest_route=%2Fwp%2Fv2%2Fmedia&parent=8206"}],"wp:term":[{"taxonomy":"product_brand","embeddable":true,"href":"https:\/\/www.intiworld.com\/index.php?rest_route=%2Fwp%2Fv2%2Fproduct_brand&post=8206"},{"taxonomy":"product_cat","embeddable":true,"href":"https:\/\/www.intiworld.com\/index.php?rest_route=%2Fwp%2Fv2%2Fproduct_cat&post=8206"},{"taxonomy":"product_tag","embeddable":true,"href":"https:\/\/www.intiworld.com\/index.php?rest_route=%2Fwp%2Fv2%2Fproduct_tag&post=8206"}],"curies":[{"name":"wp","href":"https:\/\/api.w.org\/{rel}","templated":true}]}}