{"id":8192,"date":"2024-09-27T21:20:15","date_gmt":"2024-09-27T21:20:15","guid":{"rendered":"https:\/\/www.intiworld.com\/?post_type=product&#038;p=8192"},"modified":"2024-09-27T21:23:02","modified_gmt":"2024-09-27T21:23:02","slug":"prehnita-5mm-a-1-2mm","status":"publish","type":"product","link":"https:\/\/www.intiworld.com\/?product=prehnita-5mm-a-1-2mm","title":{"rendered":"Prehnita | .5mm a 1.2mm"},"content":{"rendered":"","protected":false},"excerpt":{"rendered":"<p><strong>Mineral: <\/strong>Prehnita.<br \/>\n<strong>Composici\u00f3n: <\/strong>Ca<sub>2<\/sub>Al<sub>2<\/sub>Si<sub>3<\/sub>O<sub>10<\/sub>(OH)<sub>2.<\/sub><sub><br \/>\n<\/sub><strong>Grupo:<\/strong> Silicatos &#8211; filosilicatos<br \/>\n<strong>Dureza:<\/strong> 6 &#8211; 6.5 Escala Mhos.<strong><br \/>\nPropiedades Espirituales<\/strong>: La\u00a0<strong>prehnita<\/strong>\u00a0se considera la piedra sanadora de los terapeutas. Es una piedra de amor incondicional que infunde calma y paz. Aligera el alma de las cargas energ\u00e9ticas acumuladas, favorece el crecimiento espiritual y proporciona protecci\u00f3n energ\u00e9tica.<\/p>\n<p><strong>Tipo<\/strong>: Cuentas Amorfas Perforadas.<br \/>\n<strong>Tama\u00f1o de Cuenta<\/strong>: De .5 mm a 1.2 mm.<br \/>\n<strong>Forma de venta<\/strong>: Por Hilo o Tira.<br \/>\n<strong>Tama\u00f1o del Hilo<\/strong>: 37 cm a 40 cm Aproximadamente.<br \/>\n<strong>Forma de entrega<\/strong>: En tienda o Envio por paqueter\u00eda.<\/p>\n<p><strong>Nota<\/strong>: Cualquier duda sobre este articulo favor de mandar mensaje de whats app o mandar correo electr\u00f3nico.<\/p>\n","protected":false},"featured_media":8162,"comment_status":"open","ping_status":"closed","template":"","meta":[],"product_brand":[],"product_cat":[277],"product_tag":[],"class_list":{"0":"post-8192","1":"product","2":"type-product","3":"status-publish","4":"has-post-thumbnail","6":"product_cat-tiras-de-piedra-amorfa","8":"first","9":"instock","10":"taxable","11":"shipping-taxable","12":"product-type-simple"},"_links":{"self":[{"href":"https:\/\/www.intiworld.com\/index.php?rest_route=\/wp\/v2\/product\/8192","targetHints":{"allow":["GET"]}}],"collection":[{"href":"https:\/\/www.intiworld.com\/index.php?rest_route=\/wp\/v2\/product"}],"about":[{"href":"https:\/\/www.intiworld.com\/index.php?rest_route=\/wp\/v2\/types\/product"}],"replies":[{"embeddable":true,"href":"https:\/\/www.intiworld.com\/index.php?rest_route=%2Fwp%2Fv2%2Fcomments&post=8192"}],"version-history":[{"count":1,"href":"https:\/\/www.intiworld.com\/index.php?rest_route=\/wp\/v2\/product\/8192\/revisions"}],"predecessor-version":[{"id":8193,"href":"https:\/\/www.intiworld.com\/index.php?rest_route=\/wp\/v2\/product\/8192\/revisions\/8193"}],"wp:featuredmedia":[{"embeddable":true,"href":"https:\/\/www.intiworld.com\/index.php?rest_route=\/wp\/v2\/media\/8162"}],"wp:attachment":[{"href":"https:\/\/www.intiworld.com\/index.php?rest_route=%2Fwp%2Fv2%2Fmedia&parent=8192"}],"wp:term":[{"taxonomy":"product_brand","embeddable":true,"href":"https:\/\/www.intiworld.com\/index.php?rest_route=%2Fwp%2Fv2%2Fproduct_brand&post=8192"},{"taxonomy":"product_cat","embeddable":true,"href":"https:\/\/www.intiworld.com\/index.php?rest_route=%2Fwp%2Fv2%2Fproduct_cat&post=8192"},{"taxonomy":"product_tag","embeddable":true,"href":"https:\/\/www.intiworld.com\/index.php?rest_route=%2Fwp%2Fv2%2Fproduct_tag&post=8192"}],"curies":[{"name":"wp","href":"https:\/\/api.w.org\/{rel}","templated":true}]}}