{"id":7606,"date":"2024-09-13T22:45:57","date_gmt":"2024-09-13T22:45:57","guid":{"rendered":"https:\/\/www.intiworld.com\/?post_type=product&#038;p=7606"},"modified":"2024-09-13T22:48:28","modified_gmt":"2024-09-13T22:48:28","slug":"esmeralda-en-bruto-2","status":"publish","type":"product","link":"https:\/\/www.intiworld.com\/?product=esmeralda-en-bruto-2","title":{"rendered":"Esmeralda en bruto | #2"},"content":{"rendered":"","protected":false},"excerpt":{"rendered":"<p><strong>Mineral: <\/strong>Esmeralda.<br \/>\n<strong>Composici\u00f3n: <\/strong>Be<sub>3<\/sub>Al<sub>2<\/sub>Si<sub>6<\/sub>O<sub>18<\/sub>.<strong><br \/>\nGrupo: <\/strong>Silicatos &#8211; ciclosilicatos.<strong><br \/>\nDureza: <\/strong>7.5 &#8211; 8\u00a0Escala Mhos.<strong><br \/>\nPropiedades Espirituales<\/strong>: La\u00a0<strong>esmeralda<\/strong>\u00a0se considera la representaci\u00f3n del color verde de sanaci\u00f3n y se asocia al chakra coraz\u00f3n. Es una piedra equilibrante e inspiradora que favorece la uni\u00f3n, la amistad y el amor. Potencia la capacidad creativa y eleva la vibraci\u00f3n del aura. La\u00a0<strong>esmeralda<\/strong>\u00a0fomenta las partes m\u00e1s positivas de la persona.<\/p>\n<p><strong>Tipo<\/strong>: En bruto.<br \/>\n<strong>Forma de venta<\/strong>: Por Kilo o por Gramo.<br \/>\n<strong>Forma de entrega<\/strong>: En tienda o Envio por paqueter\u00eda.<\/p>\n<p>Cualquier duda sobre este material favor de mandar whats app o por correo.<\/p>\n","protected":false},"featured_media":7607,"comment_status":"open","ping_status":"closed","template":"","meta":[],"product_brand":[],"product_cat":[228],"product_tag":[230,229],"class_list":{"0":"post-7606","1":"product","2":"type-product","3":"status-publish","4":"has-post-thumbnail","6":"product_cat-piedras-en-bruto-piedras-en-bruto","7":"product_tag-bruto","8":"product_tag-piedra","10":"first","11":"instock","12":"taxable","13":"shipping-taxable","14":"product-type-simple"},"_links":{"self":[{"href":"https:\/\/www.intiworld.com\/index.php?rest_route=\/wp\/v2\/product\/7606","targetHints":{"allow":["GET"]}}],"collection":[{"href":"https:\/\/www.intiworld.com\/index.php?rest_route=\/wp\/v2\/product"}],"about":[{"href":"https:\/\/www.intiworld.com\/index.php?rest_route=\/wp\/v2\/types\/product"}],"replies":[{"embeddable":true,"href":"https:\/\/www.intiworld.com\/index.php?rest_route=%2Fwp%2Fv2%2Fcomments&post=7606"}],"version-history":[{"count":1,"href":"https:\/\/www.intiworld.com\/index.php?rest_route=\/wp\/v2\/product\/7606\/revisions"}],"predecessor-version":[{"id":7610,"href":"https:\/\/www.intiworld.com\/index.php?rest_route=\/wp\/v2\/product\/7606\/revisions\/7610"}],"wp:featuredmedia":[{"embeddable":true,"href":"https:\/\/www.intiworld.com\/index.php?rest_route=\/wp\/v2\/media\/7607"}],"wp:attachment":[{"href":"https:\/\/www.intiworld.com\/index.php?rest_route=%2Fwp%2Fv2%2Fmedia&parent=7606"}],"wp:term":[{"taxonomy":"product_brand","embeddable":true,"href":"https:\/\/www.intiworld.com\/index.php?rest_route=%2Fwp%2Fv2%2Fproduct_brand&post=7606"},{"taxonomy":"product_cat","embeddable":true,"href":"https:\/\/www.intiworld.com\/index.php?rest_route=%2Fwp%2Fv2%2Fproduct_cat&post=7606"},{"taxonomy":"product_tag","embeddable":true,"href":"https:\/\/www.intiworld.com\/index.php?rest_route=%2Fwp%2Fv2%2Fproduct_tag&post=7606"}],"curies":[{"name":"wp","href":"https:\/\/api.w.org\/{rel}","templated":true}]}}