{"id":7591,"date":"2024-09-13T19:32:20","date_gmt":"2024-09-13T19:32:20","guid":{"rendered":"https:\/\/www.intiworld.com\/?post_type=product&#038;p=7591"},"modified":"2024-09-13T19:51:06","modified_gmt":"2024-09-13T19:51:06","slug":"esferas-pulidas-de-cuarzo-cristal","status":"publish","type":"product","link":"https:\/\/www.intiworld.com\/?product=esferas-pulidas-de-cuarzo-cristal","title":{"rendered":"Esferas pulidas de cuarzo cristal"},"content":{"rendered":"","protected":false},"excerpt":{"rendered":"<p><strong>Mineral: <\/strong>Cuarzo Blanco.<br \/>\n<strong>Composici\u00f3n: <\/strong>SiO<sub>2.<\/sub><strong><br \/>\nGrupo: <\/strong>Silicatos &#8211; tectosilicatos.<strong><br \/>\nDureza: 7<\/strong>\u00a0Escala Mhos.<strong><br \/>\nPropiedades Espirituales<\/strong>: El\u00a0<strong>cuarzo blanco<\/strong>\u00a0o\u00a0<strong>cristal de roca<\/strong>\u00a0es considerado un amplificador y potenciador, con lo que ser\u00e1 importante usarlo con la intenci\u00f3n bien enfocada. Junto con otros minerales amplificar\u00e1 y potenciar\u00e1 las propiedades del otro mineral.<\/p>\n<p><strong>Tipo<\/strong>: Esfera Pulida.<br \/>\n<strong>Forma de venta<\/strong>: Por Kilo o por Gramo. (Las esferas var\u00edan en tama\u00f1o desde 4 cm a 10 cm de alto y peso desde 100 gr a 800 gr).<br \/>\n<strong>Forma de entrega<\/strong>: En tienda o Envio por paqueter\u00eda.<\/p>\n<p>Cualquier duda sobre este material favor de mandar whats app o por correo.<\/p>\n","protected":false},"featured_media":7593,"comment_status":"open","ping_status":"closed","template":"","meta":[],"product_brand":[],"product_cat":[257],"product_tag":[239,232],"class_list":{"0":"post-7591","1":"product","2":"type-product","3":"status-publish","4":"has-post-thumbnail","6":"product_cat-esferas-de-piedra","7":"product_tag-cuarzo","8":"product_tag-puntas","10":"first","11":"instock","12":"taxable","13":"shipping-taxable","14":"product-type-simple"},"_links":{"self":[{"href":"https:\/\/www.intiworld.com\/index.php?rest_route=\/wp\/v2\/product\/7591","targetHints":{"allow":["GET"]}}],"collection":[{"href":"https:\/\/www.intiworld.com\/index.php?rest_route=\/wp\/v2\/product"}],"about":[{"href":"https:\/\/www.intiworld.com\/index.php?rest_route=\/wp\/v2\/types\/product"}],"replies":[{"embeddable":true,"href":"https:\/\/www.intiworld.com\/index.php?rest_route=%2Fwp%2Fv2%2Fcomments&post=7591"}],"version-history":[{"count":1,"href":"https:\/\/www.intiworld.com\/index.php?rest_route=\/wp\/v2\/product\/7591\/revisions"}],"predecessor-version":[{"id":7595,"href":"https:\/\/www.intiworld.com\/index.php?rest_route=\/wp\/v2\/product\/7591\/revisions\/7595"}],"wp:featuredmedia":[{"embeddable":true,"href":"https:\/\/www.intiworld.com\/index.php?rest_route=\/wp\/v2\/media\/7593"}],"wp:attachment":[{"href":"https:\/\/www.intiworld.com\/index.php?rest_route=%2Fwp%2Fv2%2Fmedia&parent=7591"}],"wp:term":[{"taxonomy":"product_brand","embeddable":true,"href":"https:\/\/www.intiworld.com\/index.php?rest_route=%2Fwp%2Fv2%2Fproduct_brand&post=7591"},{"taxonomy":"product_cat","embeddable":true,"href":"https:\/\/www.intiworld.com\/index.php?rest_route=%2Fwp%2Fv2%2Fproduct_cat&post=7591"},{"taxonomy":"product_tag","embeddable":true,"href":"https:\/\/www.intiworld.com\/index.php?rest_route=%2Fwp%2Fv2%2Fproduct_tag&post=7591"}],"curies":[{"name":"wp","href":"https:\/\/api.w.org\/{rel}","templated":true}]}}