{"id":7580,"date":"2024-09-12T22:49:48","date_gmt":"2024-09-12T22:49:48","guid":{"rendered":"https:\/\/www.intiworld.com\/?post_type=product&#038;p=7580"},"modified":"2024-09-12T22:53:00","modified_gmt":"2024-09-12T22:53:00","slug":"apatito-azul-en-bruto-4","status":"publish","type":"product","link":"https:\/\/www.intiworld.com\/?product=apatito-azul-en-bruto-4","title":{"rendered":"Apatito azul en bruto | #4"},"content":{"rendered":"","protected":false},"excerpt":{"rendered":"<p><strong>Mineral: <\/strong>Apatita Azul.<br \/>\n<strong>Composici\u00f3n: <\/strong>Ca5(PO4)3(F,CL,OH).<strong><br \/>\nGrupo: <\/strong>Fosfatos.<strong><br \/>\nDureza: 5<\/strong>\u00a0Escala Mhos.<strong><br \/>\nPropiedades Espirituales<\/strong>: Esta piedra azul intenso,\u00a0<b>aporta sinceridad y sociabilidad, es \u00fatil contra la apat\u00eda, reduce la irritabilidad, facilita la superaci\u00f3n de la preocupaci\u00f3n, el enfado y la desgana<\/b>. Elimina la frustraci\u00f3n. Chakra de la garganta.<\/p>\n<p><strong>Tipo<\/strong>: En bruto.<br \/>\n<strong>Forma de venta<\/strong>: Por Kilo o por Gramo.<br \/>\n<strong>Forma de entrega<\/strong>: En tienda o Envio por paqueter\u00eda.<\/p>\n<p>Cualquier duda sobre este material favor de mandar whats app o por correo.<\/p>\n","protected":false},"featured_media":7582,"comment_status":"open","ping_status":"closed","template":"","meta":[],"product_brand":[],"product_cat":[228],"product_tag":[230,229],"class_list":{"0":"post-7580","1":"product","2":"type-product","3":"status-publish","4":"has-post-thumbnail","6":"product_cat-piedras-en-bruto-piedras-en-bruto","7":"product_tag-bruto","8":"product_tag-piedra","10":"first","11":"instock","12":"taxable","13":"shipping-taxable","14":"product-type-simple"},"_links":{"self":[{"href":"https:\/\/www.intiworld.com\/index.php?rest_route=\/wp\/v2\/product\/7580","targetHints":{"allow":["GET"]}}],"collection":[{"href":"https:\/\/www.intiworld.com\/index.php?rest_route=\/wp\/v2\/product"}],"about":[{"href":"https:\/\/www.intiworld.com\/index.php?rest_route=\/wp\/v2\/types\/product"}],"replies":[{"embeddable":true,"href":"https:\/\/www.intiworld.com\/index.php?rest_route=%2Fwp%2Fv2%2Fcomments&post=7580"}],"version-history":[{"count":1,"href":"https:\/\/www.intiworld.com\/index.php?rest_route=\/wp\/v2\/product\/7580\/revisions"}],"predecessor-version":[{"id":7581,"href":"https:\/\/www.intiworld.com\/index.php?rest_route=\/wp\/v2\/product\/7580\/revisions\/7581"}],"wp:featuredmedia":[{"embeddable":true,"href":"https:\/\/www.intiworld.com\/index.php?rest_route=\/wp\/v2\/media\/7582"}],"wp:attachment":[{"href":"https:\/\/www.intiworld.com\/index.php?rest_route=%2Fwp%2Fv2%2Fmedia&parent=7580"}],"wp:term":[{"taxonomy":"product_brand","embeddable":true,"href":"https:\/\/www.intiworld.com\/index.php?rest_route=%2Fwp%2Fv2%2Fproduct_brand&post=7580"},{"taxonomy":"product_cat","embeddable":true,"href":"https:\/\/www.intiworld.com\/index.php?rest_route=%2Fwp%2Fv2%2Fproduct_cat&post=7580"},{"taxonomy":"product_tag","embeddable":true,"href":"https:\/\/www.intiworld.com\/index.php?rest_route=%2Fwp%2Fv2%2Fproduct_tag&post=7580"}],"curies":[{"name":"wp","href":"https:\/\/api.w.org\/{rel}","templated":true}]}}