{"id":7540,"date":"2024-09-12T18:29:06","date_gmt":"2024-09-12T18:29:06","guid":{"rendered":"https:\/\/www.intiworld.com\/?post_type=product&#038;p=7540"},"modified":"2024-09-12T18:36:26","modified_gmt":"2024-09-12T18:36:26","slug":"punta-semipulida-de-cuarzo-ahumado","status":"publish","type":"product","link":"https:\/\/www.intiworld.com\/?product=punta-semipulida-de-cuarzo-ahumado","title":{"rendered":"Punta semipulida de cuarzo ahumado"},"content":{"rendered":"","protected":false},"excerpt":{"rendered":"<p><strong>Mineral: <\/strong>Cuarzo Ahumado.<br \/>\n<strong>Composici\u00f3n: <\/strong>SiO<sub>2.<\/sub><strong><br \/>\nGrupo: <\/strong>Silicatos &#8211; tectosilicatos.<strong><br \/>\nDureza: 7<\/strong>\u00a0Escala Mhos.<strong><br \/>\nPropiedades Espirituales<\/strong>: El\u00a0<strong>cuarzo ahumado<\/strong>\u00a0es un mineral que suele usarse para canalizar y arraigar la luz del universo en el plano f\u00edsico. Est\u00e1 asociado con el 1r chakra y ayuda a asimilar lo que nos es vital y tambi\u00e9n a desprendernos de lo que sobra. Ayuda a disolver las energ\u00edas densas, promueve el pensamiento positivo y aporta calma emocional. El\u00a0<strong>cuarzo ahumado<\/strong>\u00a0potencia la fuerza necesaria para realizar y llevar a cabo los prop\u00f3sitos. Suele utilizarse para integrar la informaci\u00f3n despu\u00e9s de un trabajo meditativo.<\/p>\n<p><strong>Tipo<\/strong>: Punta Semipulida.<br \/>\n<strong>Forma de venta<\/strong>: Por Kilo o por Gramo. (Las puntas var\u00edan en tama\u00f1o desde 6 cm a 10 cm de alto y peso desde 200 gr a 500 gr).<br \/>\n<strong>Forma de entrega<\/strong>: En tienda o Envio por paqueter\u00eda.<\/p>\n<p>Cualquier duda sobre este material favor de mandar whats app o por correo.<\/p>\n","protected":false},"featured_media":7542,"comment_status":"open","ping_status":"closed","template":"","meta":[],"product_brand":[],"product_cat":[260],"product_tag":[239,232],"class_list":{"0":"post-7540","1":"product","2":"type-product","3":"status-publish","4":"has-post-thumbnail","6":"product_cat-puntas-de-piedra","7":"product_tag-cuarzo","8":"product_tag-puntas","10":"first","11":"instock","12":"taxable","13":"shipping-taxable","14":"product-type-simple"},"_links":{"self":[{"href":"https:\/\/www.intiworld.com\/index.php?rest_route=\/wp\/v2\/product\/7540","targetHints":{"allow":["GET"]}}],"collection":[{"href":"https:\/\/www.intiworld.com\/index.php?rest_route=\/wp\/v2\/product"}],"about":[{"href":"https:\/\/www.intiworld.com\/index.php?rest_route=\/wp\/v2\/types\/product"}],"replies":[{"embeddable":true,"href":"https:\/\/www.intiworld.com\/index.php?rest_route=%2Fwp%2Fv2%2Fcomments&post=7540"}],"version-history":[{"count":1,"href":"https:\/\/www.intiworld.com\/index.php?rest_route=\/wp\/v2\/product\/7540\/revisions"}],"predecessor-version":[{"id":7544,"href":"https:\/\/www.intiworld.com\/index.php?rest_route=\/wp\/v2\/product\/7540\/revisions\/7544"}],"wp:featuredmedia":[{"embeddable":true,"href":"https:\/\/www.intiworld.com\/index.php?rest_route=\/wp\/v2\/media\/7542"}],"wp:attachment":[{"href":"https:\/\/www.intiworld.com\/index.php?rest_route=%2Fwp%2Fv2%2Fmedia&parent=7540"}],"wp:term":[{"taxonomy":"product_brand","embeddable":true,"href":"https:\/\/www.intiworld.com\/index.php?rest_route=%2Fwp%2Fv2%2Fproduct_brand&post=7540"},{"taxonomy":"product_cat","embeddable":true,"href":"https:\/\/www.intiworld.com\/index.php?rest_route=%2Fwp%2Fv2%2Fproduct_cat&post=7540"},{"taxonomy":"product_tag","embeddable":true,"href":"https:\/\/www.intiworld.com\/index.php?rest_route=%2Fwp%2Fv2%2Fproduct_tag&post=7540"}],"curies":[{"name":"wp","href":"https:\/\/api.w.org\/{rel}","templated":true}]}}