{"id":7524,"date":"2024-09-11T20:39:12","date_gmt":"2024-09-11T20:39:12","guid":{"rendered":"https:\/\/www.intiworld.com\/?post_type=product&#038;p=7524"},"modified":"2024-09-11T20:54:57","modified_gmt":"2024-09-11T20:54:57","slug":"punta-semipulida-de-piedra-ojo-de-buey","status":"publish","type":"product","link":"https:\/\/www.intiworld.com\/?product=punta-semipulida-de-piedra-ojo-de-buey","title":{"rendered":"Punta semipulida de piedra ojo de buey"},"content":{"rendered":"","protected":false},"excerpt":{"rendered":"<p><strong>Mineral: <\/strong>Ojo de Buey.<br \/>\n<strong>Composici\u00f3n: <\/strong>SiO<sub>2.<\/sub><strong><br \/>\nGrupo: <\/strong>Silicatos &#8211; tectosilicatos.<strong><br \/>\nDureza: 7<\/strong>\u00a0Escala Mhos.<strong><br \/>\nPropiedades Espirituales<\/strong>: El\u00a0<strong>ojo de buey<\/strong>\u00a0se considera una piedra de fuerza y voluntad. Favorece la resistencia f\u00edsica y la protecci\u00f3n de energ\u00edas densas. El\u00a0<strong>ojo de buey<\/strong>\u00a0se asocia al 2\u00ba chakra y simboliza el enraizamiento y la conexi\u00f3n con la madre tierra. Fomenta la seguridad y la entereza.<\/p>\n<p><strong>Tipo<\/strong>: Punta Semipulida.<br \/>\n<strong>Forma de venta<\/strong>: Por Kilo o por Gramo. (Las puntas var\u00edan en tama\u00f1o desde 6 cm a 10 cm de alto y peso desde 200 gr a 500 gr).<br \/>\n<strong>Forma de entrega<\/strong>: En tienda o Envio por paqueter\u00eda.<\/p>\n<p>Cualquier duda sobre este material favor de mandar whats app o por correo.<\/p>\n","protected":false},"featured_media":7526,"comment_status":"open","ping_status":"closed","template":"","meta":[],"product_brand":[],"product_cat":[260],"product_tag":[239,232],"class_list":{"0":"post-7524","1":"product","2":"type-product","3":"status-publish","4":"has-post-thumbnail","6":"product_cat-puntas-de-piedra","7":"product_tag-cuarzo","8":"product_tag-puntas","10":"first","11":"instock","12":"taxable","13":"shipping-taxable","14":"product-type-simple"},"_links":{"self":[{"href":"https:\/\/www.intiworld.com\/index.php?rest_route=\/wp\/v2\/product\/7524","targetHints":{"allow":["GET"]}}],"collection":[{"href":"https:\/\/www.intiworld.com\/index.php?rest_route=\/wp\/v2\/product"}],"about":[{"href":"https:\/\/www.intiworld.com\/index.php?rest_route=\/wp\/v2\/types\/product"}],"replies":[{"embeddable":true,"href":"https:\/\/www.intiworld.com\/index.php?rest_route=%2Fwp%2Fv2%2Fcomments&post=7524"}],"version-history":[{"count":2,"href":"https:\/\/www.intiworld.com\/index.php?rest_route=\/wp\/v2\/product\/7524\/revisions"}],"predecessor-version":[{"id":7534,"href":"https:\/\/www.intiworld.com\/index.php?rest_route=\/wp\/v2\/product\/7524\/revisions\/7534"}],"wp:featuredmedia":[{"embeddable":true,"href":"https:\/\/www.intiworld.com\/index.php?rest_route=\/wp\/v2\/media\/7526"}],"wp:attachment":[{"href":"https:\/\/www.intiworld.com\/index.php?rest_route=%2Fwp%2Fv2%2Fmedia&parent=7524"}],"wp:term":[{"taxonomy":"product_brand","embeddable":true,"href":"https:\/\/www.intiworld.com\/index.php?rest_route=%2Fwp%2Fv2%2Fproduct_brand&post=7524"},{"taxonomy":"product_cat","embeddable":true,"href":"https:\/\/www.intiworld.com\/index.php?rest_route=%2Fwp%2Fv2%2Fproduct_cat&post=7524"},{"taxonomy":"product_tag","embeddable":true,"href":"https:\/\/www.intiworld.com\/index.php?rest_route=%2Fwp%2Fv2%2Fproduct_tag&post=7524"}],"curies":[{"name":"wp","href":"https:\/\/api.w.org\/{rel}","templated":true}]}}