{"id":7509,"date":"2024-09-11T20:11:30","date_gmt":"2024-09-11T20:11:30","guid":{"rendered":"https:\/\/www.intiworld.com\/?post_type=product&#038;p=7509"},"modified":"2024-09-11T20:25:08","modified_gmt":"2024-09-11T20:25:08","slug":"punta-semipulida-de-piedra-howlita","status":"publish","type":"product","link":"https:\/\/www.intiworld.com\/?product=punta-semipulida-de-piedra-howlita","title":{"rendered":"Punta semipulida de piedra howlita"},"content":{"rendered":"","protected":false},"excerpt":{"rendered":"<p><strong>Mineral: <\/strong>Howlita.<br \/>\n<strong>Composici\u00f3n: <\/strong>Ca<sub>2<\/sub>B<sub>5<\/sub>SiO<sub>9<\/sub>(OH)<sub>5.<\/sub><strong><br \/>\nGrupo: <\/strong>Boratos.<strong><br \/>\nDureza: <\/strong>3.5 Escala Mhos.<strong><br \/>\nPropiedades Espirituales<\/strong>: La\u00a0<strong>howlita<\/strong>\u00a0aporta relajaci\u00f3n, ayuda a calmar la mente, a conciliar el sue\u00f1o y favorece la meditaci\u00f3n. Fomenta la paciencia y la buena comunicaci\u00f3n. Fortalece los rasgos positivos del car\u00e1cter. Se dice que la\u00a0<strong>howlita<\/strong>\u00a0prepara la mente para recibir sabidur\u00eda y comprensiones de vidas pasadas.<\/p>\n<p><strong>Tipo<\/strong>: Punta Semipulida.<br \/>\n<strong>Forma de venta<\/strong>: Por Kilo o por Gramo. (Las puntas var\u00edan en tama\u00f1o desde 6 cm a 10 cm de alto y peso desde 200 gr a 500 gr).<br \/>\n<strong>Forma de entrega<\/strong>: En tienda o Envio por paqueter\u00eda.<\/p>\n<p>Cualquier duda sobre este material favor de mandar whats app o por correo.<\/p>\n","protected":false},"featured_media":7512,"comment_status":"open","ping_status":"closed","template":"","meta":[],"product_brand":[],"product_cat":[260],"product_tag":[239,232],"class_list":{"0":"post-7509","1":"product","2":"type-product","3":"status-publish","4":"has-post-thumbnail","6":"product_cat-puntas-de-piedra","7":"product_tag-cuarzo","8":"product_tag-puntas","10":"first","11":"instock","12":"taxable","13":"shipping-taxable","14":"product-type-simple"},"_links":{"self":[{"href":"https:\/\/www.intiworld.com\/index.php?rest_route=\/wp\/v2\/product\/7509","targetHints":{"allow":["GET"]}}],"collection":[{"href":"https:\/\/www.intiworld.com\/index.php?rest_route=\/wp\/v2\/product"}],"about":[{"href":"https:\/\/www.intiworld.com\/index.php?rest_route=\/wp\/v2\/types\/product"}],"replies":[{"embeddable":true,"href":"https:\/\/www.intiworld.com\/index.php?rest_route=%2Fwp%2Fv2%2Fcomments&post=7509"}],"version-history":[{"count":1,"href":"https:\/\/www.intiworld.com\/index.php?rest_route=\/wp\/v2\/product\/7509\/revisions"}],"predecessor-version":[{"id":7513,"href":"https:\/\/www.intiworld.com\/index.php?rest_route=\/wp\/v2\/product\/7509\/revisions\/7513"}],"wp:featuredmedia":[{"embeddable":true,"href":"https:\/\/www.intiworld.com\/index.php?rest_route=\/wp\/v2\/media\/7512"}],"wp:attachment":[{"href":"https:\/\/www.intiworld.com\/index.php?rest_route=%2Fwp%2Fv2%2Fmedia&parent=7509"}],"wp:term":[{"taxonomy":"product_brand","embeddable":true,"href":"https:\/\/www.intiworld.com\/index.php?rest_route=%2Fwp%2Fv2%2Fproduct_brand&post=7509"},{"taxonomy":"product_cat","embeddable":true,"href":"https:\/\/www.intiworld.com\/index.php?rest_route=%2Fwp%2Fv2%2Fproduct_cat&post=7509"},{"taxonomy":"product_tag","embeddable":true,"href":"https:\/\/www.intiworld.com\/index.php?rest_route=%2Fwp%2Fv2%2Fproduct_tag&post=7509"}],"curies":[{"name":"wp","href":"https:\/\/api.w.org\/{rel}","templated":true}]}}