{"id":7320,"date":"2024-09-04T20:14:49","date_gmt":"2024-09-04T20:14:49","guid":{"rendered":"https:\/\/www.intiworld.com\/?post_type=product&#038;p=7320"},"modified":"2024-09-17T18:35:15","modified_gmt":"2024-09-17T18:35:15","slug":"cuarzo-cristal","status":"publish","type":"product","link":"https:\/\/www.intiworld.com\/?product=cuarzo-cristal","title":{"rendered":"Cuarzo cristal"},"content":{"rendered":"","protected":false},"excerpt":{"rendered":"<p><strong>Mineral:\u00a0<\/strong>Cuarzo Blanco.<br \/>\n<strong>Composici\u00f3n:\u00a0<\/strong>SiO<sub>2.<\/sub><strong><br \/>\nGrupo:\u00a0<\/strong>Silicatos \u2013 tectosilicatos.<strong><br \/>\nDureza: 7<\/strong>\u00a0Escala Mhos.<strong><br \/>\nPropiedades Espirituales<\/strong>: El\u00a0<strong>cuarzo blanco<\/strong>\u00a0o\u00a0<strong>cristal de roca<\/strong>\u00a0es considerado un amplificador y potenciador, con lo que ser\u00e1 importante usarlo con la intenci\u00f3n bien enfocada. Junto con otros minerales amplificar\u00e1 y potenciar\u00e1 las propiedades del otro mineral.<\/p>\n<p><strong>Tipo<\/strong>: Cabuj\u00f3n Ranurado.<br \/>\n<strong>Forma de venta<\/strong>: Por Pieza.<br \/>\n<strong>Forma de entrega<\/strong>: En tienda o Envio por paqueter\u00eda.<\/p>\n<p>Cualquier duda sobre este material favor de mandar whats app o por correo.<\/p>\n","protected":false},"featured_media":7270,"comment_status":"open","ping_status":"closed","template":"","meta":[],"product_brand":[],"product_cat":[254],"product_tag":[255,256],"class_list":{"0":"post-7320","1":"product","2":"type-product","3":"status-publish","4":"has-post-thumbnail","6":"product_cat-cabujones-ranurados-de-piedra","7":"product_tag-cabujon","8":"product_tag-piedra-natural","10":"first","11":"instock","12":"taxable","13":"shipping-taxable","14":"product-type-simple"},"_links":{"self":[{"href":"https:\/\/www.intiworld.com\/index.php?rest_route=\/wp\/v2\/product\/7320","targetHints":{"allow":["GET"]}}],"collection":[{"href":"https:\/\/www.intiworld.com\/index.php?rest_route=\/wp\/v2\/product"}],"about":[{"href":"https:\/\/www.intiworld.com\/index.php?rest_route=\/wp\/v2\/types\/product"}],"replies":[{"embeddable":true,"href":"https:\/\/www.intiworld.com\/index.php?rest_route=%2Fwp%2Fv2%2Fcomments&post=7320"}],"version-history":[{"count":3,"href":"https:\/\/www.intiworld.com\/index.php?rest_route=\/wp\/v2\/product\/7320\/revisions"}],"predecessor-version":[{"id":7663,"href":"https:\/\/www.intiworld.com\/index.php?rest_route=\/wp\/v2\/product\/7320\/revisions\/7663"}],"wp:featuredmedia":[{"embeddable":true,"href":"https:\/\/www.intiworld.com\/index.php?rest_route=\/wp\/v2\/media\/7270"}],"wp:attachment":[{"href":"https:\/\/www.intiworld.com\/index.php?rest_route=%2Fwp%2Fv2%2Fmedia&parent=7320"}],"wp:term":[{"taxonomy":"product_brand","embeddable":true,"href":"https:\/\/www.intiworld.com\/index.php?rest_route=%2Fwp%2Fv2%2Fproduct_brand&post=7320"},{"taxonomy":"product_cat","embeddable":true,"href":"https:\/\/www.intiworld.com\/index.php?rest_route=%2Fwp%2Fv2%2Fproduct_cat&post=7320"},{"taxonomy":"product_tag","embeddable":true,"href":"https:\/\/www.intiworld.com\/index.php?rest_route=%2Fwp%2Fv2%2Fproduct_tag&post=7320"}],"curies":[{"name":"wp","href":"https:\/\/api.w.org\/{rel}","templated":true}]}}