{"id":7318,"date":"2024-09-04T20:11:36","date_gmt":"2024-09-04T20:11:36","guid":{"rendered":"https:\/\/www.intiworld.com\/?post_type=product&#038;p=7318"},"modified":"2024-09-17T18:48:03","modified_gmt":"2024-09-17T18:48:03","slug":"crisocola","status":"publish","type":"product","link":"https:\/\/www.intiworld.com\/?product=crisocola","title":{"rendered":"Crisocola"},"content":{"rendered":"","protected":false},"excerpt":{"rendered":"<p><strong>Mineral:\u00a0<\/strong>Crisocola.<br \/>\n<strong>Composici\u00f3n: <\/strong>Cu<sub>2<\/sub>H<sub>2<\/sub>(Si<sub>2<\/sub>O<sub>5<\/sub>)(OH)<sub>4<\/sub>\u00b7nH<sub>2<\/sub>O.<strong><br \/>\nGrupo:<\/strong>Silicatos &#8211; filosilicatos<strong><br \/>\nDureza:<\/strong> 2 -4\u00a0Escala Mhos.<strong><br \/>\nPropiedades Espirituales<\/strong>: La\u00a0<strong>crisocola<\/strong>\u00a0se considera la piedra de la feminidad y simboliza el elemento agua, el verde y azul curativos. Ya que ayuda a equilibrar las hormonas que regulan los ciclos, suele ser empleada para tratar las molestias de la menstruaci\u00f3n, en la regeneraci\u00f3n y fortalecimiento de tejidos y para favorecer el embarazo y el parto. La\u00a0<strong>crisocola<\/strong>\u00a0aporta una energ\u00eda calmante y limpiadora. Promueve la paz interior y favorece la meditaci\u00f3n y la comunicaci\u00f3n.<\/p>\n<p><strong>Tipo<\/strong>: Cabuj\u00f3n Ranurado.<br \/>\n<strong>Forma de venta<\/strong>: Por pieza.<br \/>\n<strong>Forma de entrega<\/strong>: En tienda o Envio por paqueter\u00eda.<\/p>\n<p><strong>Nota<\/strong>: Este art\u00edculo esta elaborado en nuestro taller y las medidas entre las piezas puede variar un poco, para cualquier duda favor de mandar mensaje de whats app o por correo electr\u00f3nico.<\/p>\n","protected":false},"featured_media":7268,"comment_status":"open","ping_status":"closed","template":"","meta":[],"product_brand":[],"product_cat":[254],"product_tag":[255,256],"class_list":{"0":"post-7318","1":"product","2":"type-product","3":"status-publish","4":"has-post-thumbnail","6":"product_cat-cabujones-ranurados-de-piedra","7":"product_tag-cabujon","8":"product_tag-piedra-natural","10":"first","11":"instock","12":"taxable","13":"shipping-taxable","14":"product-type-simple"},"_links":{"self":[{"href":"https:\/\/www.intiworld.com\/index.php?rest_route=\/wp\/v2\/product\/7318","targetHints":{"allow":["GET"]}}],"collection":[{"href":"https:\/\/www.intiworld.com\/index.php?rest_route=\/wp\/v2\/product"}],"about":[{"href":"https:\/\/www.intiworld.com\/index.php?rest_route=\/wp\/v2\/types\/product"}],"replies":[{"embeddable":true,"href":"https:\/\/www.intiworld.com\/index.php?rest_route=%2Fwp%2Fv2%2Fcomments&post=7318"}],"version-history":[{"count":2,"href":"https:\/\/www.intiworld.com\/index.php?rest_route=\/wp\/v2\/product\/7318\/revisions"}],"predecessor-version":[{"id":7664,"href":"https:\/\/www.intiworld.com\/index.php?rest_route=\/wp\/v2\/product\/7318\/revisions\/7664"}],"wp:featuredmedia":[{"embeddable":true,"href":"https:\/\/www.intiworld.com\/index.php?rest_route=\/wp\/v2\/media\/7268"}],"wp:attachment":[{"href":"https:\/\/www.intiworld.com\/index.php?rest_route=%2Fwp%2Fv2%2Fmedia&parent=7318"}],"wp:term":[{"taxonomy":"product_brand","embeddable":true,"href":"https:\/\/www.intiworld.com\/index.php?rest_route=%2Fwp%2Fv2%2Fproduct_brand&post=7318"},{"taxonomy":"product_cat","embeddable":true,"href":"https:\/\/www.intiworld.com\/index.php?rest_route=%2Fwp%2Fv2%2Fproduct_cat&post=7318"},{"taxonomy":"product_tag","embeddable":true,"href":"https:\/\/www.intiworld.com\/index.php?rest_route=%2Fwp%2Fv2%2Fproduct_tag&post=7318"}],"curies":[{"name":"wp","href":"https:\/\/api.w.org\/{rel}","templated":true}]}}