{"id":7316,"date":"2024-09-04T20:07:31","date_gmt":"2024-09-04T20:07:31","guid":{"rendered":"https:\/\/www.intiworld.com\/?post_type=product&#038;p=7316"},"modified":"2024-09-17T18:53:20","modified_gmt":"2024-09-17T18:53:20","slug":"calcita-naranja-2","status":"publish","type":"product","link":"https:\/\/www.intiworld.com\/?product=calcita-naranja-2","title":{"rendered":"Calcita naranja"},"content":{"rendered":"","protected":false},"excerpt":{"rendered":"<p><strong>Mineral:\u00a0<\/strong>Calcita Naranja.<br \/>\n<strong>Composici\u00f3n:<\/strong>CaCO<sub>3.<\/sub><strong><br \/>\nGrupo: <\/strong>Carbonatos.<strong><br \/>\nDureza: <\/strong>3 Escala Mhos.<strong><br \/>\nPropiedades Espirituales<\/strong>: La\u00a0<strong>calcita<\/strong>\u00a0se considera un mineral dinamizante y limpiador de las energ\u00edas. Se dice que abre la percepci\u00f3n y la intuici\u00f3n, facilitando la apertura de la conciencia y de las capacidades ps\u00edquicas. Relaja la mente y favorece la confianza en uno mismo. A nivel curativo se dice que fortalece el sistema inmunitario, los huesos y articulaciones, y ayuda a curar las heridas y afecciones de la piel. La\u00a0<strong>calcita<\/strong>\u00a0se presenta en m\u00faltiples colores, cada color suele utilizarse en el chakra que le corresponde.<\/p>\n<p><strong>Tipo<\/strong>: Cabuj\u00f3n Ranurado.<br \/>\n<strong>Forma de venta<\/strong>: Por Pieza.<br \/>\n<strong>Forma de entrega<\/strong>: En tienda o Envio por paqueter\u00eda.<\/p>\n<p><strong>Nota<\/strong>: Este art\u00edculo esta elaborado en nuestro taller y las medidas entre las piezas puede variar un poco, para cualquier duda favor de mandar mensaje de whats app o por correo electr\u00f3nico.<\/p>\n","protected":false},"featured_media":7293,"comment_status":"open","ping_status":"closed","template":"","meta":[],"product_brand":[],"product_cat":[254],"product_tag":[255,256],"class_list":{"0":"post-7316","1":"product","2":"type-product","3":"status-publish","4":"has-post-thumbnail","6":"product_cat-cabujones-ranurados-de-piedra","7":"product_tag-cabujon","8":"product_tag-piedra-natural","10":"first","11":"instock","12":"taxable","13":"shipping-taxable","14":"product-type-simple"},"_links":{"self":[{"href":"https:\/\/www.intiworld.com\/index.php?rest_route=\/wp\/v2\/product\/7316","targetHints":{"allow":["GET"]}}],"collection":[{"href":"https:\/\/www.intiworld.com\/index.php?rest_route=\/wp\/v2\/product"}],"about":[{"href":"https:\/\/www.intiworld.com\/index.php?rest_route=\/wp\/v2\/types\/product"}],"replies":[{"embeddable":true,"href":"https:\/\/www.intiworld.com\/index.php?rest_route=%2Fwp%2Fv2%2Fcomments&post=7316"}],"version-history":[{"count":2,"href":"https:\/\/www.intiworld.com\/index.php?rest_route=\/wp\/v2\/product\/7316\/revisions"}],"predecessor-version":[{"id":7665,"href":"https:\/\/www.intiworld.com\/index.php?rest_route=\/wp\/v2\/product\/7316\/revisions\/7665"}],"wp:featuredmedia":[{"embeddable":true,"href":"https:\/\/www.intiworld.com\/index.php?rest_route=\/wp\/v2\/media\/7293"}],"wp:attachment":[{"href":"https:\/\/www.intiworld.com\/index.php?rest_route=%2Fwp%2Fv2%2Fmedia&parent=7316"}],"wp:term":[{"taxonomy":"product_brand","embeddable":true,"href":"https:\/\/www.intiworld.com\/index.php?rest_route=%2Fwp%2Fv2%2Fproduct_brand&post=7316"},{"taxonomy":"product_cat","embeddable":true,"href":"https:\/\/www.intiworld.com\/index.php?rest_route=%2Fwp%2Fv2%2Fproduct_cat&post=7316"},{"taxonomy":"product_tag","embeddable":true,"href":"https:\/\/www.intiworld.com\/index.php?rest_route=%2Fwp%2Fv2%2Fproduct_tag&post=7316"}],"curies":[{"name":"wp","href":"https:\/\/api.w.org\/{rel}","templated":true}]}}