{"id":7258,"date":"2024-09-03T23:47:44","date_gmt":"2024-09-03T23:47:44","guid":{"rendered":"https:\/\/www.intiworld.com\/?post_type=product&#038;p=7258"},"modified":"2024-09-17T19:47:47","modified_gmt":"2024-09-17T19:47:47","slug":"jaspe-picasso","status":"publish","type":"product","link":"https:\/\/www.intiworld.com\/?product=jaspe-picasso","title":{"rendered":"Jaspe picasso"},"content":{"rendered":"","protected":false},"excerpt":{"rendered":"<p><strong>Mineral:\u00a0<\/strong>Jaspe Picaso.<br \/>\n<strong>Composici\u00f3n: <\/strong>SiO<sub>2.<\/sub><sub><br \/>\n<\/sub><strong>Grupo:<\/strong> Silicatos &#8211; tectosilicatos.<br \/>\n<strong>Dureza: <\/strong>7 Escala Mhos.<strong><br \/>\nPropiedades Espirituales<\/strong>: Los\u00a0<strong>jaspes<\/strong>\u00a0son piedras indicadas para energizar el cuerpo y aportarle vitalidad. Tambi\u00e9n se asocian a la limpieza ambiental, a la protecci\u00f3n y al enraizamiento. Suelen ser indicados para desarrollar y llevar a t\u00e9rmino ideas y proyectos.<\/p>\n<p><strong>Tipo<\/strong>: Cabuj\u00f3n Ranurado.<br \/>\n<strong>Forma de venta<\/strong>: Por Pieza.<br \/>\n<strong>Forma de entrega<\/strong>: En tienda o Envio por paqueter\u00eda.<\/p>\n<p><strong>Nota<\/strong>: Este art\u00edculo esta elaborado en nuestro taller y las medidas entre las piezas puede variar un poco, para cualquier duda favor de mandar mensaje de whats app o por correo electr\u00f3nico.<\/p>\n","protected":false},"featured_media":7236,"comment_status":"open","ping_status":"closed","template":"","meta":[],"product_brand":[],"product_cat":[254],"product_tag":[255,256],"class_list":{"0":"post-7258","1":"product","2":"type-product","3":"status-publish","4":"has-post-thumbnail","6":"product_cat-cabujones-ranurados-de-piedra","7":"product_tag-cabujon","8":"product_tag-piedra-natural","10":"first","11":"instock","12":"taxable","13":"shipping-taxable","14":"product-type-simple"},"_links":{"self":[{"href":"https:\/\/www.intiworld.com\/index.php?rest_route=\/wp\/v2\/product\/7258","targetHints":{"allow":["GET"]}}],"collection":[{"href":"https:\/\/www.intiworld.com\/index.php?rest_route=\/wp\/v2\/product"}],"about":[{"href":"https:\/\/www.intiworld.com\/index.php?rest_route=\/wp\/v2\/types\/product"}],"replies":[{"embeddable":true,"href":"https:\/\/www.intiworld.com\/index.php?rest_route=%2Fwp%2Fv2%2Fcomments&post=7258"}],"version-history":[{"count":3,"href":"https:\/\/www.intiworld.com\/index.php?rest_route=\/wp\/v2\/product\/7258\/revisions"}],"predecessor-version":[{"id":7679,"href":"https:\/\/www.intiworld.com\/index.php?rest_route=\/wp\/v2\/product\/7258\/revisions\/7679"}],"wp:featuredmedia":[{"embeddable":true,"href":"https:\/\/www.intiworld.com\/index.php?rest_route=\/wp\/v2\/media\/7236"}],"wp:attachment":[{"href":"https:\/\/www.intiworld.com\/index.php?rest_route=%2Fwp%2Fv2%2Fmedia&parent=7258"}],"wp:term":[{"taxonomy":"product_brand","embeddable":true,"href":"https:\/\/www.intiworld.com\/index.php?rest_route=%2Fwp%2Fv2%2Fproduct_brand&post=7258"},{"taxonomy":"product_cat","embeddable":true,"href":"https:\/\/www.intiworld.com\/index.php?rest_route=%2Fwp%2Fv2%2Fproduct_cat&post=7258"},{"taxonomy":"product_tag","embeddable":true,"href":"https:\/\/www.intiworld.com\/index.php?rest_route=%2Fwp%2Fv2%2Fproduct_tag&post=7258"}],"curies":[{"name":"wp","href":"https:\/\/api.w.org\/{rel}","templated":true}]}}