{"id":7248,"date":"2024-09-03T23:21:04","date_gmt":"2024-09-03T23:21:04","guid":{"rendered":"https:\/\/www.intiworld.com\/?post_type=product&#038;p=7248"},"modified":"2024-09-17T20:18:43","modified_gmt":"2024-09-17T20:18:43","slug":"sodalita","status":"publish","type":"product","link":"https:\/\/www.intiworld.com\/?product=sodalita","title":{"rendered":"Sodalita"},"content":{"rendered":"","protected":false},"excerpt":{"rendered":"<p><strong>Mineral: <\/strong>Sodalita.<br \/>\n<strong>Composici\u00f3n:<\/strong>Na<sub>4<\/sub>Al<sub>3<\/sub>Si<sub>3<\/sub>O<sub>12<\/sub>Cl.<sub><br \/>\n<\/sub><strong>Grupo: <\/strong>Silicatos &#8211; tectosilicatos.<br \/>\n<strong>Dureza:\u00a0<\/strong>5.5 \u2013 6 Escala Mhos.<strong><br \/>\nPropiedades Espirituales<\/strong>: La\u00a0<strong>sodalita<\/strong>\u00a0aporta claridad mental y ayuda a la comprensi\u00f3n y liberaci\u00f3n de antiguos patrones mentales. Potencia el autoestima y la confianza en uno mismo. Est\u00e1 indicada para tratar la zona de la garganta, para potenciar el sistema inmunol\u00f3gico y tambi\u00e9n para limpiar la poluci\u00f3n electromagn\u00e9tica.<\/p>\n<p><strong>Tipo<\/strong>: Cabuj\u00f3n Ranurado.<br \/>\n<strong>Forma de venta<\/strong>: Por Pieza.<br \/>\n<strong>Forma de entrega<\/strong>: En tienda o Envio por paqueter\u00eda.<\/p>\n<p><strong>Nota<\/strong>: Este art\u00edculo esta elaborado en nuestro taller y las medidas entre las piezas puede variar un poco, para cualquier duda favor de mandar mensaje de whats app o por correo electr\u00f3nico.<\/p>\n","protected":false},"featured_media":7226,"comment_status":"open","ping_status":"closed","template":"","meta":[],"product_brand":[],"product_cat":[254],"product_tag":[255,256],"class_list":{"0":"post-7248","1":"product","2":"type-product","3":"status-publish","4":"has-post-thumbnail","6":"product_cat-cabujones-ranurados-de-piedra","7":"product_tag-cabujon","8":"product_tag-piedra-natural","10":"first","11":"instock","12":"taxable","13":"shipping-taxable","14":"product-type-simple"},"_links":{"self":[{"href":"https:\/\/www.intiworld.com\/index.php?rest_route=\/wp\/v2\/product\/7248","targetHints":{"allow":["GET"]}}],"collection":[{"href":"https:\/\/www.intiworld.com\/index.php?rest_route=\/wp\/v2\/product"}],"about":[{"href":"https:\/\/www.intiworld.com\/index.php?rest_route=\/wp\/v2\/types\/product"}],"replies":[{"embeddable":true,"href":"https:\/\/www.intiworld.com\/index.php?rest_route=%2Fwp%2Fv2%2Fcomments&post=7248"}],"version-history":[{"count":2,"href":"https:\/\/www.intiworld.com\/index.php?rest_route=\/wp\/v2\/product\/7248\/revisions"}],"predecessor-version":[{"id":7685,"href":"https:\/\/www.intiworld.com\/index.php?rest_route=\/wp\/v2\/product\/7248\/revisions\/7685"}],"wp:featuredmedia":[{"embeddable":true,"href":"https:\/\/www.intiworld.com\/index.php?rest_route=\/wp\/v2\/media\/7226"}],"wp:attachment":[{"href":"https:\/\/www.intiworld.com\/index.php?rest_route=%2Fwp%2Fv2%2Fmedia&parent=7248"}],"wp:term":[{"taxonomy":"product_brand","embeddable":true,"href":"https:\/\/www.intiworld.com\/index.php?rest_route=%2Fwp%2Fv2%2Fproduct_brand&post=7248"},{"taxonomy":"product_cat","embeddable":true,"href":"https:\/\/www.intiworld.com\/index.php?rest_route=%2Fwp%2Fv2%2Fproduct_cat&post=7248"},{"taxonomy":"product_tag","embeddable":true,"href":"https:\/\/www.intiworld.com\/index.php?rest_route=%2Fwp%2Fv2%2Fproduct_tag&post=7248"}],"curies":[{"name":"wp","href":"https:\/\/api.w.org\/{rel}","templated":true}]}}