{"id":7246,"date":"2024-09-03T23:08:26","date_gmt":"2024-09-03T23:08:26","guid":{"rendered":"https:\/\/www.intiworld.com\/?post_type=product&#038;p=7246"},"modified":"2024-09-17T20:24:58","modified_gmt":"2024-09-17T20:24:58","slug":"agata-rosetta","status":"publish","type":"product","link":"https:\/\/www.intiworld.com\/?product=agata-rosetta","title":{"rendered":"\u00c1gata rosetta"},"content":{"rendered":"","protected":false},"excerpt":{"rendered":"<p><strong>Mineral: <\/strong>\u00c1gata Rosetta.<br \/>\n<strong>Composici\u00f3n:\u00a0<\/strong>SiO2.<strong><br \/>\nGrupo:\u00a0<\/strong>Calcedonias.<strong><br \/>\nDureza:\u00a0<\/strong>6.5 \u2013 7 Escala Mhos.<strong><br \/>\nPropiedades Espirituales<\/strong>: Tiene un poder limpiador que elimina y transforma las energ\u00edas negativas, potenciando los v\u00ednculos familiares. Se ha atesorado como talism\u00e1n y se ha considerado como un refuerzo de la confianza en s\u00ed mismo adem\u00e1s de una piedra calmante, \u00fatil cuando se est\u00e1 en tensi\u00f3n. Aporta claridad mental.<\/p>\n<p><strong>Tipo<\/strong>: Cabuj\u00f3n Ranurado.<br \/>\n<strong>Forma de venta<\/strong>: Por Pieza.<br \/>\n<strong>Forma de entrega<\/strong>: En tienda o Envio por paqueter\u00eda.<\/p>\n<p><strong>Nota<\/strong>: Este art\u00edculo esta elaborado en nuestro taller y las medidas entre las piezas puede variar un poco, para cualquier duda favor de mandar mensaje de whats app o por correo electr\u00f3nico.<\/p>\n","protected":false},"featured_media":7224,"comment_status":"open","ping_status":"closed","template":"","meta":[],"product_brand":[],"product_cat":[254],"product_tag":[255,256],"class_list":{"0":"post-7246","1":"product","2":"type-product","3":"status-publish","4":"has-post-thumbnail","6":"product_cat-cabujones-ranurados-de-piedra","7":"product_tag-cabujon","8":"product_tag-piedra-natural","10":"first","11":"instock","12":"taxable","13":"shipping-taxable","14":"product-type-simple"},"_links":{"self":[{"href":"https:\/\/www.intiworld.com\/index.php?rest_route=\/wp\/v2\/product\/7246","targetHints":{"allow":["GET"]}}],"collection":[{"href":"https:\/\/www.intiworld.com\/index.php?rest_route=\/wp\/v2\/product"}],"about":[{"href":"https:\/\/www.intiworld.com\/index.php?rest_route=\/wp\/v2\/types\/product"}],"replies":[{"embeddable":true,"href":"https:\/\/www.intiworld.com\/index.php?rest_route=%2Fwp%2Fv2%2Fcomments&post=7246"}],"version-history":[{"count":3,"href":"https:\/\/www.intiworld.com\/index.php?rest_route=\/wp\/v2\/product\/7246\/revisions"}],"predecessor-version":[{"id":7686,"href":"https:\/\/www.intiworld.com\/index.php?rest_route=\/wp\/v2\/product\/7246\/revisions\/7686"}],"wp:featuredmedia":[{"embeddable":true,"href":"https:\/\/www.intiworld.com\/index.php?rest_route=\/wp\/v2\/media\/7224"}],"wp:attachment":[{"href":"https:\/\/www.intiworld.com\/index.php?rest_route=%2Fwp%2Fv2%2Fmedia&parent=7246"}],"wp:term":[{"taxonomy":"product_brand","embeddable":true,"href":"https:\/\/www.intiworld.com\/index.php?rest_route=%2Fwp%2Fv2%2Fproduct_brand&post=7246"},{"taxonomy":"product_cat","embeddable":true,"href":"https:\/\/www.intiworld.com\/index.php?rest_route=%2Fwp%2Fv2%2Fproduct_cat&post=7246"},{"taxonomy":"product_tag","embeddable":true,"href":"https:\/\/www.intiworld.com\/index.php?rest_route=%2Fwp%2Fv2%2Fproduct_tag&post=7246"}],"curies":[{"name":"wp","href":"https:\/\/api.w.org\/{rel}","templated":true}]}}