{"id":7244,"date":"2024-09-03T23:02:49","date_gmt":"2024-09-03T23:02:49","guid":{"rendered":"https:\/\/www.intiworld.com\/?post_type=product&#038;p=7244"},"modified":"2024-09-17T20:34:01","modified_gmt":"2024-09-17T20:34:01","slug":"rubi-zoisita","status":"publish","type":"product","link":"https:\/\/www.intiworld.com\/?product=rubi-zoisita","title":{"rendered":"Rub\u00ed zoisita"},"content":{"rendered":"","protected":false},"excerpt":{"rendered":"<p><strong>Mineral: <\/strong>Rub\u00ed Zoisita.<br \/>\n<strong>Composici\u00f3n: <\/strong>Ca2Al3(SiO4)(Si2O7)O(OH).<strong><br \/>\n<\/strong><strong>Grupo: <\/strong>Silicatos <strong>&#8211; Sorosilicatos.<\/strong><br \/>\n<strong>Dureza: <\/strong>6.5 \u2013 7 Escala Mhos.<br \/>\n<strong>Propiedades Espirituales<\/strong>: En la litoterapia, el\u00a0<strong>Rub\u00ed sobre Zoisita<\/strong>\u00a0contribuye al \u00e9xito social y econ\u00f3mico gracias a sus caracter\u00edsticas. Para ello, se concientiza sobre la capacidad de enfrentar un desaf\u00edo. Llevar esta piedra durante todo el d\u00eda permitir\u00eda superar las normas limitantes impuestas por la sociedad. Es un excelente aliado para organizarse mentalmente y lograr su objetivo.<\/p>\n<p><strong>Tipo<\/strong>: Cabuj\u00f3n Ranurado.<br \/>\n<strong>Forma de venta<\/strong>: Por Pieza.<br \/>\n<strong>Forma de entrega<\/strong>: En tienda o Envio por paqueter\u00eda.<\/p>\n<p><strong>Nota<\/strong>: Este art\u00edculo esta elaborado en nuestro taller y las medidas entre las piezas puede variar un poco, para cualquier duda favor de mandar mensaje de whats app o por correo electr\u00f3nico.<\/p>\n","protected":false},"featured_media":7222,"comment_status":"open","ping_status":"closed","template":"","meta":[],"product_brand":[],"product_cat":[254],"product_tag":[255,256],"class_list":{"0":"post-7244","1":"product","2":"type-product","3":"status-publish","4":"has-post-thumbnail","6":"product_cat-cabujones-ranurados-de-piedra","7":"product_tag-cabujon","8":"product_tag-piedra-natural","10":"first","11":"instock","12":"taxable","13":"shipping-taxable","14":"product-type-simple"},"_links":{"self":[{"href":"https:\/\/www.intiworld.com\/index.php?rest_route=\/wp\/v2\/product\/7244","targetHints":{"allow":["GET"]}}],"collection":[{"href":"https:\/\/www.intiworld.com\/index.php?rest_route=\/wp\/v2\/product"}],"about":[{"href":"https:\/\/www.intiworld.com\/index.php?rest_route=\/wp\/v2\/types\/product"}],"replies":[{"embeddable":true,"href":"https:\/\/www.intiworld.com\/index.php?rest_route=%2Fwp%2Fv2%2Fcomments&post=7244"}],"version-history":[{"count":2,"href":"https:\/\/www.intiworld.com\/index.php?rest_route=\/wp\/v2\/product\/7244\/revisions"}],"predecessor-version":[{"id":7687,"href":"https:\/\/www.intiworld.com\/index.php?rest_route=\/wp\/v2\/product\/7244\/revisions\/7687"}],"wp:featuredmedia":[{"embeddable":true,"href":"https:\/\/www.intiworld.com\/index.php?rest_route=\/wp\/v2\/media\/7222"}],"wp:attachment":[{"href":"https:\/\/www.intiworld.com\/index.php?rest_route=%2Fwp%2Fv2%2Fmedia&parent=7244"}],"wp:term":[{"taxonomy":"product_brand","embeddable":true,"href":"https:\/\/www.intiworld.com\/index.php?rest_route=%2Fwp%2Fv2%2Fproduct_brand&post=7244"},{"taxonomy":"product_cat","embeddable":true,"href":"https:\/\/www.intiworld.com\/index.php?rest_route=%2Fwp%2Fv2%2Fproduct_cat&post=7244"},{"taxonomy":"product_tag","embeddable":true,"href":"https:\/\/www.intiworld.com\/index.php?rest_route=%2Fwp%2Fv2%2Fproduct_tag&post=7244"}],"curies":[{"name":"wp","href":"https:\/\/api.w.org\/{rel}","templated":true}]}}