{"id":7240,"date":"2024-09-03T22:46:31","date_gmt":"2024-09-03T22:46:31","guid":{"rendered":"https:\/\/www.intiworld.com\/?post_type=product&#038;p=7240"},"modified":"2024-09-17T20:38:38","modified_gmt":"2024-09-17T20:38:38","slug":"ojo-de-tigre","status":"publish","type":"product","link":"https:\/\/www.intiworld.com\/?product=ojo-de-tigre","title":{"rendered":"Ojo de tigre"},"content":{"rendered":"","protected":false},"excerpt":{"rendered":"<p><strong>Mineral:\u00a0<\/strong>Ojo de Tigre.<br \/>\n<strong>Composici\u00f3n: <\/strong>SiO<sub>2.<\/sub><sub><br \/>\n<\/sub><strong>Grupo:<\/strong> Silicatos &#8211; tectosilicatos.<br \/>\n<strong>Dureza:<\/strong> 7\u00a0Escala Mhos.<strong><br \/>\nPropiedades Espirituales<\/strong>: El\u00a0<strong>ojo de tigre<\/strong>\u00a0se considera una piedra de creatividad, fuerza y equilibrio. Se dice que representa la uni\u00f3n entre la energ\u00eda del Sol y la de la Tierra.<\/p>\n<p>Tradicionalmente el\u00a0<strong>ojo de tigre<\/strong>\u00a0se ha considerado una piedra protectora. Favorece el enraizamiento y la manifestaci\u00f3n de la voluntad. Ayuda a elevar la autoestima y el estado de \u00e1nimo. Tambi\u00e9n suele asociarse a la prosperidad.<\/p>\n<p><strong>Tipo<\/strong>: Cabuj\u00f3n Ranurado.<br \/>\n<strong>Forma de venta<\/strong>: Por Pieza.<br \/>\n<strong>Forma de entrega<\/strong>: En tienda o Envio por paqueter\u00eda.<\/p>\n<p><strong>Nota<\/strong>: Este art\u00edculo esta elaborado en nuestro taller y las medidas entre las piezas puede variar un poco, para cualquier duda favor de mandar mensaje de whats app o por correo electr\u00f3nico.<\/p>\n","protected":false},"featured_media":7217,"comment_status":"open","ping_status":"closed","template":"","meta":[],"product_brand":[],"product_cat":[254],"product_tag":[255,256],"class_list":{"0":"post-7240","1":"product","2":"type-product","3":"status-publish","4":"has-post-thumbnail","6":"product_cat-cabujones-ranurados-de-piedra","7":"product_tag-cabujon","8":"product_tag-piedra-natural","10":"first","11":"instock","12":"taxable","13":"shipping-taxable","14":"product-type-simple"},"_links":{"self":[{"href":"https:\/\/www.intiworld.com\/index.php?rest_route=\/wp\/v2\/product\/7240","targetHints":{"allow":["GET"]}}],"collection":[{"href":"https:\/\/www.intiworld.com\/index.php?rest_route=\/wp\/v2\/product"}],"about":[{"href":"https:\/\/www.intiworld.com\/index.php?rest_route=\/wp\/v2\/types\/product"}],"replies":[{"embeddable":true,"href":"https:\/\/www.intiworld.com\/index.php?rest_route=%2Fwp%2Fv2%2Fcomments&post=7240"}],"version-history":[{"count":2,"href":"https:\/\/www.intiworld.com\/index.php?rest_route=\/wp\/v2\/product\/7240\/revisions"}],"predecessor-version":[{"id":7689,"href":"https:\/\/www.intiworld.com\/index.php?rest_route=\/wp\/v2\/product\/7240\/revisions\/7689"}],"wp:featuredmedia":[{"embeddable":true,"href":"https:\/\/www.intiworld.com\/index.php?rest_route=\/wp\/v2\/media\/7217"}],"wp:attachment":[{"href":"https:\/\/www.intiworld.com\/index.php?rest_route=%2Fwp%2Fv2%2Fmedia&parent=7240"}],"wp:term":[{"taxonomy":"product_brand","embeddable":true,"href":"https:\/\/www.intiworld.com\/index.php?rest_route=%2Fwp%2Fv2%2Fproduct_brand&post=7240"},{"taxonomy":"product_cat","embeddable":true,"href":"https:\/\/www.intiworld.com\/index.php?rest_route=%2Fwp%2Fv2%2Fproduct_cat&post=7240"},{"taxonomy":"product_tag","embeddable":true,"href":"https:\/\/www.intiworld.com\/index.php?rest_route=%2Fwp%2Fv2%2Fproduct_tag&post=7240"}],"curies":[{"name":"wp","href":"https:\/\/api.w.org\/{rel}","templated":true}]}}