{"id":7238,"date":"2024-09-03T22:42:26","date_gmt":"2024-09-03T22:42:26","guid":{"rendered":"https:\/\/www.intiworld.com\/?post_type=product&#038;p=7238"},"modified":"2024-09-17T20:42:45","modified_gmt":"2024-09-17T20:42:45","slug":"selenita","status":"publish","type":"product","link":"https:\/\/www.intiworld.com\/?product=selenita","title":{"rendered":"Selenita"},"content":{"rendered":"","protected":false},"excerpt":{"rendered":"<p><strong>Mineral: <\/strong>Selenita.<br \/>\n<strong>Composici\u00f3n:<\/strong>CaSO<sub>4<\/sub>\u00b72H<sub>2<\/sub>O.<sub><br \/>\n<\/sub><strong>Grupo:<\/strong> Sulfatos.<br \/>\n<strong>Dureza:<\/strong> 2\u00a0Escala Mhos.<strong><br \/>\nPropiedades Espirituales<\/strong>: La\u00a0<strong>selenita<\/strong>\u00a0simboliza la pureza espiritual. Infunde paz profunda y se recomienda para la meditaci\u00f3n. Se considera una piedra para la expansi\u00f3n de la consciencia y para activar los centros de energ\u00eda superiores, como el chakra de la corona. La\u00a0<strong>selenita<\/strong>\u00a0ayuda a calmar la mente y favorece la claridad y la lucidez.<\/p>\n<p><strong>Tipo<\/strong>: Cabuj\u00f3n Ranurado.<br \/>\n<strong>Forma de venta<\/strong>: Por Pieza.<br \/>\n<strong>Forma de entrega<\/strong>: En tienda o Envio por paqueter\u00eda.<\/p>\n<p><strong>Nota<\/strong>: Este art\u00edculo esta elaborado en nuestro taller y las medidas entre las piezas puede variar un poco, para cualquier duda favor de mandar mensaje de whats app o por correo electr\u00f3nico.<\/p>\n","protected":false},"featured_media":7215,"comment_status":"open","ping_status":"closed","template":"","meta":[],"product_brand":[],"product_cat":[254],"product_tag":[255,256],"class_list":{"0":"post-7238","1":"product","2":"type-product","3":"status-publish","4":"has-post-thumbnail","6":"product_cat-cabujones-ranurados-de-piedra","7":"product_tag-cabujon","8":"product_tag-piedra-natural","10":"first","11":"instock","12":"taxable","13":"shipping-taxable","14":"product-type-simple"},"_links":{"self":[{"href":"https:\/\/www.intiworld.com\/index.php?rest_route=\/wp\/v2\/product\/7238","targetHints":{"allow":["GET"]}}],"collection":[{"href":"https:\/\/www.intiworld.com\/index.php?rest_route=\/wp\/v2\/product"}],"about":[{"href":"https:\/\/www.intiworld.com\/index.php?rest_route=\/wp\/v2\/types\/product"}],"replies":[{"embeddable":true,"href":"https:\/\/www.intiworld.com\/index.php?rest_route=%2Fwp%2Fv2%2Fcomments&post=7238"}],"version-history":[{"count":2,"href":"https:\/\/www.intiworld.com\/index.php?rest_route=\/wp\/v2\/product\/7238\/revisions"}],"predecessor-version":[{"id":7690,"href":"https:\/\/www.intiworld.com\/index.php?rest_route=\/wp\/v2\/product\/7238\/revisions\/7690"}],"wp:featuredmedia":[{"embeddable":true,"href":"https:\/\/www.intiworld.com\/index.php?rest_route=\/wp\/v2\/media\/7215"}],"wp:attachment":[{"href":"https:\/\/www.intiworld.com\/index.php?rest_route=%2Fwp%2Fv2%2Fmedia&parent=7238"}],"wp:term":[{"taxonomy":"product_brand","embeddable":true,"href":"https:\/\/www.intiworld.com\/index.php?rest_route=%2Fwp%2Fv2%2Fproduct_brand&post=7238"},{"taxonomy":"product_cat","embeddable":true,"href":"https:\/\/www.intiworld.com\/index.php?rest_route=%2Fwp%2Fv2%2Fproduct_cat&post=7238"},{"taxonomy":"product_tag","embeddable":true,"href":"https:\/\/www.intiworld.com\/index.php?rest_route=%2Fwp%2Fv2%2Fproduct_tag&post=7238"}],"curies":[{"name":"wp","href":"https:\/\/api.w.org\/{rel}","templated":true}]}}