{"id":7209,"date":"2024-09-03T22:31:46","date_gmt":"2024-09-03T22:31:46","guid":{"rendered":"https:\/\/www.intiworld.com\/?post_type=product&#038;p=7209"},"modified":"2024-09-17T20:45:00","modified_gmt":"2024-09-17T20:45:00","slug":"lapislazuli","status":"publish","type":"product","link":"https:\/\/www.intiworld.com\/?product=lapislazuli","title":{"rendered":"Lapisl\u00e1zuli"},"content":{"rendered":"","protected":false},"excerpt":{"rendered":"<p><strong>Mineral:\u00a0<\/strong>Lapisl\u00e1zuli.<br \/>\n<strong>Composici\u00f3n:<\/strong>Na<sub>3<\/sub>Ca(Al<sub>3<\/sub>Si<sub>3<\/sub>O<sub>12<\/sub>)S.<sub><br \/>\n<\/sub><strong>Grupo:<\/strong> Silicatos &#8211; tectosilicatos.<br \/>\n<strong>Dureza:\u00a0<\/strong>5 &#8211; 5.5 Escala Mhos.<strong><br \/>\nPropiedades Espirituales<\/strong>: El\u00a0<strong>lapisl\u00e1zuli<\/strong>\u00a0se considera una piedra de purificaci\u00f3n y autoconocimiento. Favorece la introspecci\u00f3n y el equilibrio mental y espiritual. Suele asociarse al 5\u00ba y 6\u00ba chakra. Potencia y equilibra la comunicaci\u00f3n, la expresi\u00f3n y la intuici\u00f3n. Ayuda a desbloquear la tensi\u00f3n y a calmar la mente. Suele ser usado para liberar los bloqueos del pasado ya que tiene el potencial de entrar en contacto con el subconsciente.<\/p>\n<p><strong>Tipo<\/strong>: Cabuj\u00f3n Ranurado.<br \/>\n<strong>Forma de venta<\/strong>: Por Pieza.<br \/>\n<strong>Forma de entrega<\/strong>: En tienda o Envio por paqueter\u00eda.<\/p>\n<p><strong>Nota<\/strong>: Este art\u00edculo esta elaborado en nuestro taller y las medidas entre las piezas puede variar un poco, para cualquier duda favor de mandar mensaje de whats app o por correo electr\u00f3nico.<\/p>\n","protected":false},"featured_media":7213,"comment_status":"open","ping_status":"closed","template":"","meta":[],"product_brand":[],"product_cat":[254],"product_tag":[],"class_list":{"0":"post-7209","1":"product","2":"type-product","3":"status-publish","4":"has-post-thumbnail","6":"product_cat-cabujones-ranurados-de-piedra","8":"first","9":"instock","10":"taxable","11":"shipping-taxable","12":"product-type-simple"},"_links":{"self":[{"href":"https:\/\/www.intiworld.com\/index.php?rest_route=\/wp\/v2\/product\/7209","targetHints":{"allow":["GET"]}}],"collection":[{"href":"https:\/\/www.intiworld.com\/index.php?rest_route=\/wp\/v2\/product"}],"about":[{"href":"https:\/\/www.intiworld.com\/index.php?rest_route=\/wp\/v2\/types\/product"}],"replies":[{"embeddable":true,"href":"https:\/\/www.intiworld.com\/index.php?rest_route=%2Fwp%2Fv2%2Fcomments&post=7209"}],"version-history":[{"count":2,"href":"https:\/\/www.intiworld.com\/index.php?rest_route=\/wp\/v2\/product\/7209\/revisions"}],"predecessor-version":[{"id":7691,"href":"https:\/\/www.intiworld.com\/index.php?rest_route=\/wp\/v2\/product\/7209\/revisions\/7691"}],"wp:featuredmedia":[{"embeddable":true,"href":"https:\/\/www.intiworld.com\/index.php?rest_route=\/wp\/v2\/media\/7213"}],"wp:attachment":[{"href":"https:\/\/www.intiworld.com\/index.php?rest_route=%2Fwp%2Fv2%2Fmedia&parent=7209"}],"wp:term":[{"taxonomy":"product_brand","embeddable":true,"href":"https:\/\/www.intiworld.com\/index.php?rest_route=%2Fwp%2Fv2%2Fproduct_brand&post=7209"},{"taxonomy":"product_cat","embeddable":true,"href":"https:\/\/www.intiworld.com\/index.php?rest_route=%2Fwp%2Fv2%2Fproduct_cat&post=7209"},{"taxonomy":"product_tag","embeddable":true,"href":"https:\/\/www.intiworld.com\/index.php?rest_route=%2Fwp%2Fv2%2Fproduct_tag&post=7209"}],"curies":[{"name":"wp","href":"https:\/\/api.w.org\/{rel}","templated":true}]}}