{"id":7114,"date":"2024-08-29T23:35:50","date_gmt":"2024-08-29T23:35:50","guid":{"rendered":"https:\/\/www.intiworld.com\/?post_type=product&#038;p=7114"},"modified":"2024-09-17T22:18:48","modified_gmt":"2024-09-17T22:18:48","slug":"huevo-yoni-de-opalo-chico","status":"publish","type":"product","link":"https:\/\/www.intiworld.com\/?product=huevo-yoni-de-opalo-chico","title":{"rendered":"Huevo yoni de \u00d3palo | Chico"},"content":{"rendered":"","protected":false},"excerpt":{"rendered":"<p><strong>Mineral: <\/strong>\u00d3palo.<br \/>\n<strong>Composici\u00f3n: <\/strong>SiO<sub>2<\/sub>\u00b7nH<sub>2<\/sub>O.<sub><br \/>\n<\/sub><strong>Grupo:<\/strong> Silicatos &#8211; tectosilicatos.<br \/>\n<strong>Dureza:\u00a0<\/strong>5 \u2013 6 Escala Mhos.<strong><br \/>\nPropiedades Espirituales<\/strong>: El\u00a0<strong>\u00f3palo<\/strong>\u00a0se considera un mineral de vibraci\u00f3n potente que activa el \u201cdespertar\u201d. Se asocia con el amor y la pasi\u00f3n. Fomenta la creatividad y la espontaneidad, intensifica los estados emocionales y ayuda a liberar las inhibiciones. Potencia la autoestima y las ganas de vivir. Se recomienda no mezclarlo con otros minerales. A nivel curativo el \u00f3palo ayuda a sanar todo tipo de dolencias psicosom\u00e1ticas.<\/p>\n<p><strong>Tipo<\/strong>: <strong>Huevo para terapia vaginal.<\/strong> Los huevos vaginales sirven para conocer y trabajar el suelo p\u00e9lvico y la zona vaginal de la mujer. Est\u00e1 especialmente indicado en mujeres que necesitan fortalecer su suelo p\u00e9lvico por motivos hormonales: preparto, postparto y menopausia. Tambi\u00e9n en aquellas mujeres que necesitan ejercitar el suelo p\u00e9lvico debido a su pr\u00e1ctica profesional o deportiva: cantantes, trabajadoras de fuerza, deportistas de crossfit o deportes de impacto. Y, por \u00faltimo, para mujeres que necesitan reeducar su zona p\u00e9lvica, bien por problemas de estre\u00f1imiento o disfunciones sexuales relacionadas con la vagina o el suelo p\u00e9lvico.<br \/>\n<strong>Forma de venta<\/strong>: Por Pieza.<br \/>\n<strong>Forma de entrega<\/strong>: En tienda o Envio por paqueter\u00eda.<\/p>\n<p><strong>Nota<\/strong>: Este art\u00edculo esta elaborado en nuestro taller y las medidas entre las piezas puede variar un poco, para cualquier duda favor de mandar mensaje de whats app o por correo electr\u00f3nico.<\/p>\n","protected":false},"featured_media":7097,"comment_status":"open","ping_status":"closed","template":"","meta":[],"product_brand":[],"product_cat":[247],"product_tag":[267],"class_list":{"0":"post-7114","1":"product","2":"type-product","3":"status-publish","4":"has-post-thumbnail","6":"product_cat-huevos-de-piedra-para-terapia","7":"product_tag-opalo","9":"first","10":"instock","11":"taxable","12":"shipping-taxable","13":"product-type-simple"},"_links":{"self":[{"href":"https:\/\/www.intiworld.com\/index.php?rest_route=\/wp\/v2\/product\/7114","targetHints":{"allow":["GET"]}}],"collection":[{"href":"https:\/\/www.intiworld.com\/index.php?rest_route=\/wp\/v2\/product"}],"about":[{"href":"https:\/\/www.intiworld.com\/index.php?rest_route=\/wp\/v2\/types\/product"}],"replies":[{"embeddable":true,"href":"https:\/\/www.intiworld.com\/index.php?rest_route=%2Fwp%2Fv2%2Fcomments&post=7114"}],"version-history":[{"count":2,"href":"https:\/\/www.intiworld.com\/index.php?rest_route=\/wp\/v2\/product\/7114\/revisions"}],"predecessor-version":[{"id":7710,"href":"https:\/\/www.intiworld.com\/index.php?rest_route=\/wp\/v2\/product\/7114\/revisions\/7710"}],"wp:featuredmedia":[{"embeddable":true,"href":"https:\/\/www.intiworld.com\/index.php?rest_route=\/wp\/v2\/media\/7097"}],"wp:attachment":[{"href":"https:\/\/www.intiworld.com\/index.php?rest_route=%2Fwp%2Fv2%2Fmedia&parent=7114"}],"wp:term":[{"taxonomy":"product_brand","embeddable":true,"href":"https:\/\/www.intiworld.com\/index.php?rest_route=%2Fwp%2Fv2%2Fproduct_brand&post=7114"},{"taxonomy":"product_cat","embeddable":true,"href":"https:\/\/www.intiworld.com\/index.php?rest_route=%2Fwp%2Fv2%2Fproduct_cat&post=7114"},{"taxonomy":"product_tag","embeddable":true,"href":"https:\/\/www.intiworld.com\/index.php?rest_route=%2Fwp%2Fv2%2Fproduct_tag&post=7114"}],"curies":[{"name":"wp","href":"https:\/\/api.w.org\/{rel}","templated":true}]}}