{"id":705,"date":"2022-11-07T21:13:09","date_gmt":"2022-11-07T21:13:09","guid":{"rendered":"https:\/\/intiworld.com\/?post_type=product&#038;p=705"},"modified":"2024-06-13T22:27:51","modified_gmt":"2024-06-13T22:27:51","slug":"jaspe-durazno","status":"publish","type":"product","link":"https:\/\/www.intiworld.com\/?product=jaspe-durazno","title":{"rendered":"\u00c1gata Durazno"},"content":{"rendered":"","protected":false},"excerpt":{"rendered":"<p>El \u00e1gata durazno es una variedad sumamente rara del \u00e1gata. El \u00e1gata no es un mineral espec\u00edfico, sino un conjunto de variedades microcristalinas del cuarzo, aunque pertenece a las calcedonias. Es de origen volc\u00e1nico, ya que crece dentro de piedras volc\u00e1nicas en un proceso de miles de a\u00f1os que da como resultado las variedades de \u00e1gata y cuarzos que conocemos. Est\u00e1 formado principalmente por Silicato. Tiene una dureza de 7 en la escala Mohs, por lo que es capaz de rayar el vidrio y es incluso m\u00e1s duro que la obsidiana.<\/p>\n<p>Las propiedades esot\u00e9ricas del \u00e1gata durazno son variadas, pero la principal es que aumenta nuestra conciencia y nos hace reflexionar sobre nuestras cualidades y defectos, para poder mejorar. Es una piedra de autoreflexi\u00f3n y aumenta la percepci\u00f3n propia.<\/p>\n<p>M\u00e1s de esta categor\u00eda: <span style=\"font-weight: 300;\">Obsidiana Arco Iris, Obsidiana Manto Huichol, Calcita Azul, Calcita \u00d3ptica, Amatista, \u00c1gata, geodas de Zacatecas, Mini geodas, Jaspe Picasso, Jaspe madera, Rosa del Desierto, selenita, \u00c1gata de fuego, \u00f3palo, Jaspe Imperial, etc.<\/span><\/p>\n","protected":false},"featured_media":1735,"comment_status":"open","ping_status":"closed","template":"","meta":[],"product_brand":[],"product_cat":[178],"product_tag":[],"class_list":{"0":"post-705","1":"product","2":"type-product","3":"status-publish","4":"has-post-thumbnail","6":"product_cat-piedras-mexicanas-que-exportamos","8":"first","9":"instock","10":"featured","11":"virtual","12":"taxable","13":"product-type-simple"},"_links":{"self":[{"href":"https:\/\/www.intiworld.com\/index.php?rest_route=\/wp\/v2\/product\/705","targetHints":{"allow":["GET"]}}],"collection":[{"href":"https:\/\/www.intiworld.com\/index.php?rest_route=\/wp\/v2\/product"}],"about":[{"href":"https:\/\/www.intiworld.com\/index.php?rest_route=\/wp\/v2\/types\/product"}],"replies":[{"embeddable":true,"href":"https:\/\/www.intiworld.com\/index.php?rest_route=%2Fwp%2Fv2%2Fcomments&post=705"}],"version-history":[{"count":2,"href":"https:\/\/www.intiworld.com\/index.php?rest_route=\/wp\/v2\/product\/705\/revisions"}],"predecessor-version":[{"id":4273,"href":"https:\/\/www.intiworld.com\/index.php?rest_route=\/wp\/v2\/product\/705\/revisions\/4273"}],"wp:featuredmedia":[{"embeddable":true,"href":"https:\/\/www.intiworld.com\/index.php?rest_route=\/wp\/v2\/media\/1735"}],"wp:attachment":[{"href":"https:\/\/www.intiworld.com\/index.php?rest_route=%2Fwp%2Fv2%2Fmedia&parent=705"}],"wp:term":[{"taxonomy":"product_brand","embeddable":true,"href":"https:\/\/www.intiworld.com\/index.php?rest_route=%2Fwp%2Fv2%2Fproduct_brand&post=705"},{"taxonomy":"product_cat","embeddable":true,"href":"https:\/\/www.intiworld.com\/index.php?rest_route=%2Fwp%2Fv2%2Fproduct_cat&post=705"},{"taxonomy":"product_tag","embeddable":true,"href":"https:\/\/www.intiworld.com\/index.php?rest_route=%2Fwp%2Fv2%2Fproduct_tag&post=705"}],"curies":[{"name":"wp","href":"https:\/\/api.w.org\/{rel}","templated":true}]}}