{"id":703,"date":"2022-11-07T20:59:24","date_gmt":"2022-11-07T20:59:24","guid":{"rendered":"https:\/\/intiworld.com\/?post_type=product&#038;p=703"},"modified":"2024-06-13T22:28:45","modified_gmt":"2024-06-13T22:28:45","slug":"agata-crazy-lacy","status":"publish","type":"product","link":"https:\/\/www.intiworld.com\/?product=agata-crazy-lacy","title":{"rendered":"Agata Crazy Lace"},"content":{"rendered":"","protected":false},"excerpt":{"rendered":"<p>El \u00e1gata \u00abCrazy Lace\u00bb, \u00abEncaje Loco\u00bb o \u00ab\u00c1gata Mexicana\u00bb es una variedad del \u00e1gata. El \u00e1gata no es un mineral espec\u00edfico, sino un conjunto de variedades microcristalinas del cuarzo, aunque pertenece a las calcedonias. Es de origen volc\u00e1nico, ya que crece dentro de piedras volc\u00e1nicas en un proceso de miles de a\u00f1os que da como resultado las variedades de \u00e1gata y cuarzos que conocemos. Est\u00e1 formado principalmente por Silicatos, aunque esta variedad\u00a0 contiene aluminio y hierro infundido en sus bandas tan caracter\u00edsticas. Tiene una dureza de 7 en la escala Mohs, por lo que es capaz de rayar el vidrio y es incluso m\u00e1s duro que la obsidiana.<\/p>\n<p>El \u00c1gata Crazy lace es un protector, ya que su textura que se asemeja al encaje tejido la convierte en un aliado \u00fatil para tejer protecciones a quien lo porta. Tambi\u00e9n, promueve la felicidad, ya que tambi\u00e9n se le conoce como Happy Lace. Tiene una energ\u00eda fuerte pero calma y energiza.<\/p>\n<p>&nbsp;<\/p>\n<p>M\u00e1s de esta categor\u00eda: <span style=\"font-weight: 300;\">Obsidiana Arco Iris, Obsidiana Manto Huichol, Calcita Azul, Calcita \u00d3ptica, Amatista, \u00c1gata, geodas de Zacatecas, Mini geodas, Jaspe Picasso, Jaspe madera, Rosa del Desierto, selenita, \u00c1gata de fuego, \u00f3palo, Jaspe Imperial, etc.<\/span><\/p>\n","protected":false},"featured_media":1756,"comment_status":"open","ping_status":"closed","template":"","meta":[],"product_brand":[],"product_cat":[178],"product_tag":[],"class_list":{"0":"post-703","1":"product","2":"type-product","3":"status-publish","4":"has-post-thumbnail","6":"product_cat-piedras-mexicanas-que-exportamos","8":"first","9":"instock","10":"featured","11":"virtual","12":"taxable","13":"product-type-simple"},"_links":{"self":[{"href":"https:\/\/www.intiworld.com\/index.php?rest_route=\/wp\/v2\/product\/703","targetHints":{"allow":["GET"]}}],"collection":[{"href":"https:\/\/www.intiworld.com\/index.php?rest_route=\/wp\/v2\/product"}],"about":[{"href":"https:\/\/www.intiworld.com\/index.php?rest_route=\/wp\/v2\/types\/product"}],"replies":[{"embeddable":true,"href":"https:\/\/www.intiworld.com\/index.php?rest_route=%2Fwp%2Fv2%2Fcomments&post=703"}],"version-history":[{"count":1,"href":"https:\/\/www.intiworld.com\/index.php?rest_route=\/wp\/v2\/product\/703\/revisions"}],"predecessor-version":[{"id":4274,"href":"https:\/\/www.intiworld.com\/index.php?rest_route=\/wp\/v2\/product\/703\/revisions\/4274"}],"wp:featuredmedia":[{"embeddable":true,"href":"https:\/\/www.intiworld.com\/index.php?rest_route=\/wp\/v2\/media\/1756"}],"wp:attachment":[{"href":"https:\/\/www.intiworld.com\/index.php?rest_route=%2Fwp%2Fv2%2Fmedia&parent=703"}],"wp:term":[{"taxonomy":"product_brand","embeddable":true,"href":"https:\/\/www.intiworld.com\/index.php?rest_route=%2Fwp%2Fv2%2Fproduct_brand&post=703"},{"taxonomy":"product_cat","embeddable":true,"href":"https:\/\/www.intiworld.com\/index.php?rest_route=%2Fwp%2Fv2%2Fproduct_cat&post=703"},{"taxonomy":"product_tag","embeddable":true,"href":"https:\/\/www.intiworld.com\/index.php?rest_route=%2Fwp%2Fv2%2Fproduct_tag&post=703"}],"curies":[{"name":"wp","href":"https:\/\/api.w.org\/{rel}","templated":true}]}}