{"id":7007,"date":"2024-08-28T19:40:07","date_gmt":"2024-08-28T19:40:07","guid":{"rendered":"https:\/\/www.intiworld.com\/?post_type=product&#038;p=7007"},"modified":"2024-09-17T23:14:11","modified_gmt":"2024-09-17T23:14:11","slug":"pebetero-de-piedra-calcita-naranja","status":"publish","type":"product","link":"https:\/\/www.intiworld.com\/?product=pebetero-de-piedra-calcita-naranja","title":{"rendered":"Pebetero de piedra calcita naranja"},"content":{"rendered":"","protected":false},"excerpt":{"rendered":"<p><strong>Mineral:\u00a0<\/strong>Calcita Naranja.<br \/>\n<strong>Composici\u00f3n:<\/strong>CaCO<sub>3.<\/sub><strong><br \/>\nGrupo:\u00a0<\/strong>Carbonatos.<strong><br \/>\nDureza:\u00a0<\/strong>3 Escala Mhos.<strong><br \/>\nPropiedades Espirituales<\/strong>: La\u00a0<strong>calcita<\/strong>\u00a0se considera un mineral dinamizante y limpiador de las energ\u00edas. Se dice que abre la percepci\u00f3n y la intuici\u00f3n, facilitando la apertura de la conciencia y de las capacidades ps\u00edquicas. Relaja la mente y favorece la confianza en uno mismo. A nivel curativo se dice que fortalece el sistema inmunitario, los huesos y articulaciones, y ayuda a curar las heridas y afecciones de la piel. La\u00a0<strong>calcita<\/strong>\u00a0se presenta en m\u00faltiples colores, cada color suele utilizarse en el chakra que le corresponde.<\/p>\n<p><strong>Tipo<\/strong>: <strong>Pebetero<\/strong>,\u200b\u200b es un objeto similar al incensario\u200b o al timiaterio con funciones de recipiente y de hornillo o l\u00e1mpara, usado para quemar sustancias arom\u00e1ticas, como el incienso, en los sahumerios ceremoniales.\u200b Tambi\u00e9n se denominan as\u00ed los recipientes para uso ceremonial religioso, simb\u00f3lico o deportivo.\u200b\u200b<br \/>\n<strong>Forma de venta<\/strong>: Por Pieza.<br \/>\n<strong>Forma de entrega<\/strong>: En tienda o Envio por paqueter\u00eda.<\/p>\n<p><strong>Nota<\/strong>: Este art\u00edculo esta elaborado en nuestro taller y las medidas entre las piezas puede variar un poco, para cualquier duda favor de mandar mensaje de whats app o por correo electr\u00f3nico.<\/p>\n","protected":false},"featured_media":6999,"comment_status":"open","ping_status":"closed","template":"","meta":[],"product_brand":[],"product_cat":[241],"product_tag":[],"class_list":{"0":"post-7007","1":"product","2":"type-product","3":"status-publish","4":"has-post-thumbnail","6":"product_cat-pebeteros-de-piedra","8":"first","9":"instock","10":"taxable","11":"shipping-taxable","12":"product-type-simple"},"_links":{"self":[{"href":"https:\/\/www.intiworld.com\/index.php?rest_route=\/wp\/v2\/product\/7007","targetHints":{"allow":["GET"]}}],"collection":[{"href":"https:\/\/www.intiworld.com\/index.php?rest_route=\/wp\/v2\/product"}],"about":[{"href":"https:\/\/www.intiworld.com\/index.php?rest_route=\/wp\/v2\/types\/product"}],"replies":[{"embeddable":true,"href":"https:\/\/www.intiworld.com\/index.php?rest_route=%2Fwp%2Fv2%2Fcomments&post=7007"}],"version-history":[{"count":2,"href":"https:\/\/www.intiworld.com\/index.php?rest_route=\/wp\/v2\/product\/7007\/revisions"}],"predecessor-version":[{"id":7728,"href":"https:\/\/www.intiworld.com\/index.php?rest_route=\/wp\/v2\/product\/7007\/revisions\/7728"}],"wp:featuredmedia":[{"embeddable":true,"href":"https:\/\/www.intiworld.com\/index.php?rest_route=\/wp\/v2\/media\/6999"}],"wp:attachment":[{"href":"https:\/\/www.intiworld.com\/index.php?rest_route=%2Fwp%2Fv2%2Fmedia&parent=7007"}],"wp:term":[{"taxonomy":"product_brand","embeddable":true,"href":"https:\/\/www.intiworld.com\/index.php?rest_route=%2Fwp%2Fv2%2Fproduct_brand&post=7007"},{"taxonomy":"product_cat","embeddable":true,"href":"https:\/\/www.intiworld.com\/index.php?rest_route=%2Fwp%2Fv2%2Fproduct_cat&post=7007"},{"taxonomy":"product_tag","embeddable":true,"href":"https:\/\/www.intiworld.com\/index.php?rest_route=%2Fwp%2Fv2%2Fproduct_tag&post=7007"}],"curies":[{"name":"wp","href":"https:\/\/api.w.org\/{rel}","templated":true}]}}